{"id":753,"date":"2024-01-25T11:47:41","date_gmt":"2024-01-25T16:47:41","guid":{"rendered":"https:\/\/aurasxm.com\/?page_id=753"},"modified":"2024-11-15T12:59:39","modified_gmt":"2024-11-15T17:59:39","slug":"conditions-generales","status":"publish","type":"page","link":"https:\/\/aurasxm.com\/fr\/conditions-generales\/","title":{"rendered":"Conditions g\u00e9n\u00e9rales"},"content":{"rendered":"<h1>Conditions g\u00e9n\u00e9rales<\/h1>\n<h3>Politique de paiement<\/h3>\n<p>Un acompte de 50 % du montant total est d\u00fb au moment de la r\u00e9servation. Le solde sera int\u00e9gralement d\u00e9bit\u00e9 de la carte de cr\u00e9dit utilis\u00e9e pour effectuer la r\u00e9servation 30 jours avant l&rsquo;arriv\u00e9e. Si ce deuxi\u00e8me paiement n&rsquo;est pas effectu\u00e9 dans les d\u00e9lais, la r\u00e9servation est automatiquement annul\u00e9e.<\/p>\n<h3>Frais suppl\u00e9mentaires<\/h3>\n<p>Tous les frais en sus au montant du loyer pay\u00e9 \u00e0 l&rsquo;avance seront factur\u00e9s \u00e0 la fin du s\u00e9jour. Ces frais peuvent inclure, mais ne sont pas limit\u00e9s \u00e0 : des nuits suppl\u00e9mentaires, un service de nettoyage suppl\u00e9mentaire, des fournitures, des articles de location, un transfert de bateau, une location de voiture, etc.<\/p>\n<p>Une facture d\u00e9taill\u00e9e sera \u00e9mise et envoy\u00e9e par e-mail, et les frais seront d\u00e9bit\u00e9s de la carte de cr\u00e9dit utilis\u00e9e pour payer la r\u00e9servation.<\/p>\n<h3>Annulations\/Transferts\/Substitutions<\/h3>\n<p>En cas d&rsquo;annulation plus de 30 jours avant l&rsquo;arriv\u00e9e, le 50% du montant total pay\u00e9 pour le d\u00e9p\u00f4t est retenu et la balance ne vous est pas factur\u00e9e. En cas d&rsquo;annulation en moins de 30 jours, 100 % du montant brut de la location est perdu.<\/p>\n<p>\u00c9tant donn\u00e9 la nature de la politique d&rsquo;annulation stricte des contrats de location, Aura Anse-Marcel vous recommande vivement de souscrire une assurance voyage pour vous prot\u00e9ger contre les annulations impr\u00e9vues.<\/p>\n<p>Les absences, les arriv\u00e9es tardives et les d\u00e9parts anticip\u00e9s ne sont pas remboursables.<\/p>\n<h3>Restrictions de r\u00e9servation<\/h3>\n<p>L&rsquo;invit\u00e9 principal doit \u00eatre \u00e2g\u00e9 de plus de 18 ans et \u00eatre pr\u00e9sent lors de l&rsquo;enregistrement et du d\u00e9part.\u00a0 Chaque invit\u00e9 doit \u00eatre enregistr\u00e9 avant l&rsquo;arriv\u00e9e.\u00a0 Une pi\u00e8ce d&rsquo;identit\u00e9 correcte et valide devra \u00eatre pr\u00e9sent\u00e9e lors de l&rsquo;enregistrement.\u00a0 L&rsquo;invit\u00e9 reconna\u00eet que lui-m\u00eame et les invit\u00e9s enregistr\u00e9s occuperont personnellement la propri\u00e9t\u00e9 pendant toute la dur\u00e9e de la location.\u00a0 Le nombre total de personnes autoris\u00e9es \u00e0 occuper la propri\u00e9t\u00e9 \u00e0 tout moment est limit\u00e9 \u00e0 l&rsquo;occupation maximale indiqu\u00e9e dans la confirmation. Le locataire n&rsquo;a pas le droit d&rsquo;inviter ou d&rsquo;h\u00e9berger d&rsquo;autres personnes non autoris\u00e9es \u00e0 quelque moment que ce soit du s\u00e9jour.\u00a0 Les f\u00eates, d\u00eeners informels ou rassemblements d\u00e9passant le nombre d&rsquo;invit\u00e9s inscrits ne sont pas autoris\u00e9s sans accord pr\u00e9alable. Si un locataire fait une fausse d\u00e9claration, il devra payer imm\u00e9diatement pour les personnes en surnombre et\/ou devra quitter la propri\u00e9t\u00e9 sans remboursement.\u00a0 L&rsquo;invit\u00e9 accepte que les locaux ne soient pas utilis\u00e9s \u00e0 des fins ill\u00e9gales ou illicites.<\/p>\n<h3>Visa de voyage et passeports<\/h3>\n<p>Il incombe au client de s&rsquo;assurer que son visa et ses documents de voyage sont valides pour se rendre \u00e0 sa destination. Veuillez v\u00e9rifier que votre passeport est valide et qu&rsquo;il n&rsquo;expirera pas avant ou pendant votre s\u00e9jour. Veuillez v\u00e9rifier aupr\u00e8s de l&rsquo;ambassade les visas de voyage n\u00e9cessaires pour entrer dans la destination. MBR Management N.V. n&rsquo;est pas responsable de conseiller les clients sur les visas de voyage n\u00e9cessaires. Aucun remboursement ne sera effectu\u00e9 dans le cas o\u00f9 le client se verrait refuser l&rsquo;entr\u00e9e dans une destination.<\/p>\n<h3>Entretien &amp; dommages<\/h3>\n<p>Toutes les charges normales sont incluses dans le prix de la location, sauf indication contraire. Chaque unit\u00e9 est enti\u00e8rement nettoy\u00e9e chaque semaine. Si vous avez besoin d&rsquo;un nettoyage quotidien ou plus fr\u00e9quent, veuillez nous en informer au moment de la r\u00e9servation et nous nous ferons un plaisir de vous satisfaire moyennant un suppl\u00e9ment. Le client reconna\u00eet qu&rsquo;\u00e0 moins que l&rsquo;administration de Aura Anse-Marcel ne soient inform\u00e9s le jour de l&rsquo;arriv\u00e9e de tout dommage ou probl\u00e8me de nettoyage, tous les dommages ou probl\u00e8mes survenus dans la propri\u00e9t\u00e9 pendant l&rsquo;occupation seront de la responsabilit\u00e9 du client.\u00a0 Les h\u00f4tes sont tenus d&rsquo;informer imm\u00e9diatement l&rsquo;administration de Aura Anse-Marcel de tout dommage caus\u00e9 \u00e0 l&rsquo;unit\u00e9 et\/ou \u00e0 son contenu pendant leur s\u00e9jour.\u00a0 Le client accepte par la pr\u00e9sente de payer les frais de nettoyage ou de remplacement pour tous les dommages caus\u00e9s aux biens personnels ou aux biens immobiliers, qui peuvent r\u00e9sulter de l&rsquo;occupation du client, \u00e0 l&rsquo;exception de l&rsquo;usure normale.<span class=\"c-message__edited_label\" dir=\"ltr\" data-sk=\"tooltip_parent\">\u00a0<\/span><\/p>\n<p>L&rsquo;administration de Aura Anse-Marcel s&rsquo;efforce de maintenir les biens en bon \u00e9tat de fonctionnement.\u00a0 En cas de probl\u00e8me d&rsquo;entretien, nous nous effor\u00e7ons de r\u00e9parer le probl\u00e8me d\u00e8s que possible apr\u00e8s en avoir \u00e9t\u00e9 inform\u00e9s.\u00a0 Si des probl\u00e8mes d&rsquo;entretien surviennent pendant votre s\u00e9jour, nous devons en \u00eatre inform\u00e9s pour tenter de r\u00e9soudre le probl\u00e8me.<\/p>\n<h3>Responsabilit\u00e9<\/h3>\n<p>L&rsquo;invit\u00e9 accepte d&rsquo;indemniser et de d\u00e9gager de toute responsabilit\u00e9 les propri\u00e9taires, l&rsquo;administration de Aura Anse-Marcel, pour toute responsabilit\u00e9, tout dommage, tout co\u00fbt ou toute d\u00e9pense de quelque nature que ce soit r\u00e9sultant ou li\u00e9 \u00e0 toute r\u00e9clamation en rapport avec l&rsquo;utilisation et\/ou l&rsquo;occupation de la propri\u00e9t\u00e9 lou\u00e9e, y compris, mais sans s&rsquo;y limiter, toute r\u00e9clamation ou responsabilit\u00e9 pour blessure personnelle, dommage, perte d&rsquo;effets personnels ou vol de propri\u00e9t\u00e9 qui est faite, encourue ou subie par vous et\/ou par toute personne que vous invitez \u00e0 utiliser la propri\u00e9t\u00e9 en tant qu&rsquo;invit\u00e9. Les h\u00f4tes sont responsables de leur propri\u00e9t\u00e9 lou\u00e9e pendant l&rsquo;occupation et doivent verrouiller les fen\u00eatres et les portes de l&rsquo;unit\u00e9 \u00e0 tout moment. L&rsquo;administration de Aura Anse-Marcel n&rsquo;est pas responsable des dommages ou de l&rsquo;utilisation abusive des biens immobiliers par l&rsquo;invit\u00e9.\u00a0 Le locataire\/invit\u00e9 assume toutes les responsabilit\u00e9s et est responsable des locaux pendant son s\u00e9jour.\u00a0 L&rsquo;utilisation des piscines pr\u00e9sente des risques allant de l&rsquo;infection \u00e0 la noyade.\u00a0 Les enfants doivent faire l&rsquo;objet d&rsquo;une attention particuli\u00e8re.\u00a0 L&rsquo;invit\u00e9 peut utiliser ces installations et accepte de le faire avec prudence et \u00e0 ses propres risques.<\/p>\n<h3>Animaux de compagnie<\/h3>\n<p>Les animaux domestiques, quels qu&rsquo;ils soient, ne sont pas autoris\u00e9s dans la propri\u00e9t\u00e9 sans accord pr\u00e9alable et enregistrement.\u00a0 La pr\u00e9sence d&rsquo;un animal domestique ou d&rsquo;une preuve de la pr\u00e9sence d&rsquo;un animal domestique dans les locaux entra\u00eenera des frais suppl\u00e9mentaires et pourra entra\u00eener l&rsquo;expulsion imm\u00e9diate du locataire, ainsi que la confiscation de l&rsquo;int\u00e9gralit\u00e9 du loyer et de la caution.<\/p>\n","protected":false},"excerpt":{"rendered":"<p>Conditions g\u00e9n\u00e9rales Politique de paiement Un acompte de 50 % du montant total est d\u00fb au moment de la r\u00e9servation. Le solde sera int\u00e9gralement d\u00e9bit\u00e9 de la carte de cr\u00e9dit utilis\u00e9e pour effectuer la r\u00e9servation 30 jours avant l&rsquo;arriv\u00e9e. Si ce deuxi\u00e8me paiement n&rsquo;est pas effectu\u00e9 dans les d\u00e9lais, la r\u00e9servation est automatiquement annul\u00e9e. Frais suppl\u00e9mentaires Tous les frais en &#8230;<\/p>\n","protected":false},"author":1,"featured_media":0,"parent":0,"menu_order":0,"comment_status":"closed","ping_status":"closed","template":"template-blank-1.php","meta":{"_monsterinsights_skip_tracking":false,"_monsterinsights_sitenote_active":false,"_monsterinsights_sitenote_note":"","_monsterinsights_sitenote_category":0,"footnotes":""},"class_list":["post-753","page","type-page","status-publish","hentry","no-post-thumbnail"],"yoast_head":"<!-- This site is optimized with the Yoast SEO plugin v27.4 - https:\/\/yoast.com\/product\/yoast-seo-wordpress\/ -->\n<title>Conditions g\u00e9n\u00e9rales | Aura Anse-Marcel<\/title>\n<meta name=\"description\" content=\"Consultez nos conditions g\u00e9n\u00e9rales pour en savoir plus sur notre politique de paiement et autres questions fr\u00e9quentes.\" \/>\n<meta name=\"robots\" content=\"index, follow, max-snippet:-1, max-image-preview:large, max-video-preview:-1\" \/>\n<link rel=\"canonical\" href=\"https:\/\/aurasxm.com\/conditions-generales\/\" \/>\n<meta property=\"og:locale\" content=\"fr_FR\" \/>\n<meta property=\"og:type\" content=\"article\" \/>\n<meta property=\"og:title\" content=\"Conditions g\u00e9n\u00e9rales | Aura Anse-Marcel\" \/>\n<meta property=\"og:description\" content=\"Consultez nos conditions g\u00e9n\u00e9rales pour en savoir plus sur notre politique de paiement et autres questions fr\u00e9quentes.\" \/>\n<meta property=\"og:url\" content=\"https:\/\/aurasxm.com\/conditions-generales\/\" \/>\n<meta property=\"og:site_name\" content=\"Aura Anse-Marcel\" \/>\n<meta property=\"article:publisher\" content=\"https:\/\/www.facebook.com\/profile.php?id=61553045861683\" \/>\n<meta property=\"article:modified_time\" content=\"2024-11-15T17:59:39+00:00\" \/>\n<meta property=\"og:image\" content=\"https:\/\/aurasxm.com\/wp-content\/uploads\/2024\/11\/14-11-2024-Aura_noWM-@phil.a.f.photo_SXM2024-042-12_57.jpg\" \/>\n\t<meta property=\"og:image:width\" content=\"2048\" \/>\n\t<meta property=\"og:image:height\" content=\"1364\" \/>\n\t<meta property=\"og:image:type\" content=\"image\/jpeg\" \/>\n<meta name=\"twitter:card\" content=\"summary_large_image\" \/>\n<meta name=\"twitter:label1\" content=\"Dur\u00e9e de lecture estim\u00e9e\" \/>\n\t<meta name=\"twitter:data1\" content=\"5 minutes\" \/>\n<script type=\"application\/ld+json\" class=\"yoast-schema-graph\">{\"@context\":\"https:\\\/\\\/schema.org\",\"@graph\":[{\"@type\":\"WebPage\",\"@id\":\"https:\\\/\\\/aurasxm.com\\\/conditions-generales\\\/\",\"url\":\"https:\\\/\\\/aurasxm.com\\\/conditions-generales\\\/\",\"name\":\"Conditions g\u00e9n\u00e9rales | Aura Anse-Marcel\",\"isPartOf\":{\"@id\":\"https:\\\/\\\/aurasxm.com\\\/#website\"},\"datePublished\":\"2024-01-25T16:47:41+00:00\",\"dateModified\":\"2024-11-15T17:59:39+00:00\",\"description\":\"Consultez nos conditions g\u00e9n\u00e9rales pour en savoir plus sur notre politique de paiement et autres questions fr\u00e9quentes.\",\"breadcrumb\":{\"@id\":\"https:\\\/\\\/aurasxm.com\\\/conditions-generales\\\/#breadcrumb\"},\"inLanguage\":\"fr-FR\",\"potentialAction\":[{\"@type\":\"ReadAction\",\"target\":[\"https:\\\/\\\/aurasxm.com\\\/conditions-generales\\\/\"]}]},{\"@type\":\"BreadcrumbList\",\"@id\":\"https:\\\/\\\/aurasxm.com\\\/conditions-generales\\\/#breadcrumb\",\"itemListElement\":[{\"@type\":\"ListItem\",\"position\":1,\"name\":\"Accueil\",\"item\":\"https:\\\/\\\/aurasxm.com\\\/fr\\\/\"},{\"@type\":\"ListItem\",\"position\":2,\"name\":\"Conditions g\u00e9n\u00e9rales\"}]},{\"@type\":\"WebSite\",\"@id\":\"https:\\\/\\\/aurasxm.com\\\/#website\",\"url\":\"https:\\\/\\\/aurasxm.com\\\/\",\"name\":\"Aura Anse-Marcel\",\"description\":\"Villas de luxe en location saisonni\u00e8re \u00e0 l&#039;\u00eele St-Martin\",\"publisher\":{\"@id\":\"https:\\\/\\\/aurasxm.com\\\/#organization\"},\"potentialAction\":[{\"@type\":\"SearchAction\",\"target\":{\"@type\":\"EntryPoint\",\"urlTemplate\":\"https:\\\/\\\/aurasxm.com\\\/?s={search_term_string}\"},\"query-input\":{\"@type\":\"PropertyValueSpecification\",\"valueRequired\":true,\"valueName\":\"search_term_string\"}}],\"inLanguage\":\"fr-FR\"},{\"@type\":\"Organization\",\"@id\":\"https:\\\/\\\/aurasxm.com\\\/#organization\",\"name\":\"Aura Anse-Marcel\",\"url\":\"https:\\\/\\\/aurasxm.com\\\/\",\"logo\":{\"@type\":\"ImageObject\",\"inLanguage\":\"fr-FR\",\"@id\":\"https:\\\/\\\/aurasxm.com\\\/#\\\/schema\\\/logo\\\/image\\\/\",\"url\":\"https:\\\/\\\/aurasxm.com\\\/wp-content\\\/uploads\\\/2024\\\/03\\\/logo-gold.png\",\"contentUrl\":\"https:\\\/\\\/aurasxm.com\\\/wp-content\\\/uploads\\\/2024\\\/03\\\/logo-gold.png\",\"width\":328,\"height\":136,\"caption\":\"Aura Anse-Marcel\"},\"image\":{\"@id\":\"https:\\\/\\\/aurasxm.com\\\/#\\\/schema\\\/logo\\\/image\\\/\"},\"sameAs\":[\"https:\\\/\\\/www.facebook.com\\\/profile.php?id=61553045861683\",\"https:\\\/\\\/www.instagram.com\\\/auraansemarcel\\\/\"]}]}<\/script>\n<!-- \/ Yoast SEO plugin. -->","yoast_head_json":{"title":"Conditions g\u00e9n\u00e9rales | Aura Anse-Marcel","description":"Consultez nos conditions g\u00e9n\u00e9rales pour en savoir plus sur notre politique de paiement et autres questions fr\u00e9quentes.","robots":{"index":"index","follow":"follow","max-snippet":"max-snippet:-1","max-image-preview":"max-image-preview:large","max-video-preview":"max-video-preview:-1"},"canonical":"https:\/\/aurasxm.com\/conditions-generales\/","og_locale":"fr_FR","og_type":"article","og_title":"Conditions g\u00e9n\u00e9rales | Aura Anse-Marcel","og_description":"Consultez nos conditions g\u00e9n\u00e9rales pour en savoir plus sur notre politique de paiement et autres questions fr\u00e9quentes.","og_url":"https:\/\/aurasxm.com\/conditions-generales\/","og_site_name":"Aura Anse-Marcel","article_publisher":"https:\/\/www.facebook.com\/profile.php?id=61553045861683","article_modified_time":"2024-11-15T17:59:39+00:00","og_image":[{"width":2048,"height":1364,"url":"https:\/\/aurasxm.com\/wp-content\/uploads\/2024\/11\/14-11-2024-Aura_noWM-@phil.a.f.photo_SXM2024-042-12_57.jpg","type":"image\/jpeg"}],"twitter_card":"summary_large_image","twitter_misc":{"Dur\u00e9e de lecture estim\u00e9e":"5 minutes"},"schema":{"@context":"https:\/\/schema.org","@graph":[{"@type":"WebPage","@id":"https:\/\/aurasxm.com\/conditions-generales\/","url":"https:\/\/aurasxm.com\/conditions-generales\/","name":"Conditions g\u00e9n\u00e9rales | Aura Anse-Marcel","isPartOf":{"@id":"https:\/\/aurasxm.com\/#website"},"datePublished":"2024-01-25T16:47:41+00:00","dateModified":"2024-11-15T17:59:39+00:00","description":"Consultez nos conditions g\u00e9n\u00e9rales pour en savoir plus sur notre politique de paiement et autres questions fr\u00e9quentes.","breadcrumb":{"@id":"https:\/\/aurasxm.com\/conditions-generales\/#breadcrumb"},"inLanguage":"fr-FR","potentialAction":[{"@type":"ReadAction","target":["https:\/\/aurasxm.com\/conditions-generales\/"]}]},{"@type":"BreadcrumbList","@id":"https:\/\/aurasxm.com\/conditions-generales\/#breadcrumb","itemListElement":[{"@type":"ListItem","position":1,"name":"Accueil","item":"https:\/\/aurasxm.com\/fr\/"},{"@type":"ListItem","position":2,"name":"Conditions g\u00e9n\u00e9rales"}]},{"@type":"WebSite","@id":"https:\/\/aurasxm.com\/#website","url":"https:\/\/aurasxm.com\/","name":"Aura Anse-Marcel","description":"Villas de luxe en location saisonni\u00e8re \u00e0 l&#039;\u00eele St-Martin","publisher":{"@id":"https:\/\/aurasxm.com\/#organization"},"potentialAction":[{"@type":"SearchAction","target":{"@type":"EntryPoint","urlTemplate":"https:\/\/aurasxm.com\/?s={search_term_string}"},"query-input":{"@type":"PropertyValueSpecification","valueRequired":true,"valueName":"search_term_string"}}],"inLanguage":"fr-FR"},{"@type":"Organization","@id":"https:\/\/aurasxm.com\/#organization","name":"Aura Anse-Marcel","url":"https:\/\/aurasxm.com\/","logo":{"@type":"ImageObject","inLanguage":"fr-FR","@id":"https:\/\/aurasxm.com\/#\/schema\/logo\/image\/","url":"https:\/\/aurasxm.com\/wp-content\/uploads\/2024\/03\/logo-gold.png","contentUrl":"https:\/\/aurasxm.com\/wp-content\/uploads\/2024\/03\/logo-gold.png","width":328,"height":136,"caption":"Aura Anse-Marcel"},"image":{"@id":"https:\/\/aurasxm.com\/#\/schema\/logo\/image\/"},"sameAs":["https:\/\/www.facebook.com\/profile.php?id=61553045861683","https:\/\/www.instagram.com\/auraansemarcel\/"]}]}},"_links":{"self":[{"href":"https:\/\/aurasxm.com\/fr\/wp-json\/wp\/v2\/pages\/753","targetHints":{"allow":["GET"]}}],"collection":[{"href":"https:\/\/aurasxm.com\/fr\/wp-json\/wp\/v2\/pages"}],"about":[{"href":"https:\/\/aurasxm.com\/fr\/wp-json\/wp\/v2\/types\/page"}],"author":[{"embeddable":true,"href":"https:\/\/aurasxm.com\/fr\/wp-json\/wp\/v2\/users\/1"}],"replies":[{"embeddable":true,"href":"https:\/\/aurasxm.com\/fr\/wp-json\/wp\/v2\/comments?post=753"}],"version-history":[{"count":0,"href":"https:\/\/aurasxm.com\/fr\/wp-json\/wp\/v2\/pages\/753\/revisions"}],"wp:attachment":[{"href":"https:\/\/aurasxm.com\/fr\/wp-json\/wp\/v2\/media?parent=753"}],"curies":[{"name":"wp","href":"https:\/\/api.w.org\/{rel}","templated":true}]}}