{"id":654,"date":"2023-12-22T14:25:39","date_gmt":"2023-12-22T19:25:39","guid":{"rendered":"https:\/\/aurasxm.com\/?page_id=654"},"modified":"2026-03-11T16:05:59","modified_gmt":"2026-03-11T20:05:59","slug":"gastronomie-nos-partenaires","status":"publish","type":"page","link":"https:\/\/aurasxm.com\/fr\/gastronomie-nos-partenaires\/","title":{"rendered":"Gastronomie, nos partenaires"},"content":{"rendered":"<div class=\"wpb-content-wrapper\">[vc_section full_width=\u00a0\u00bbstretch_row\u00a0\u00bb el_class=\u00a0\u00bbsection-partenaires\u00a0\u00bb][vc_row][vc_column][vc_column_text]\n<h2 style=\"text-align: center;\">Nos partenaires gastronomiques<\/h2>\n<p style=\"text-align: center;\">Vivez l&rsquo;ultime aventure insulaire \u00e0 Saint-Martin! Nous serons votre boussole de confiance, vous orientant vers les endroits les plus exceptionnels avec un <a href=\"https:\/\/aurasxm.com\/gastronomie-nos-partenaires\/\">service de premier ordre<\/a>. Nos partenariats exclusifs avec des entreprises locales vous garantissent un traitement luxueux et un s\u00e9jour extraordinaire dans les Cara\u00efbes.<\/p>\n[\/vc_column_text][\/vc_column][\/vc_row][vc_row el_class=\u00a0\u00bbsingle-category\u00a0\u00bb][vc_column][vc_column_text]\n<h2 style=\"text-align: center;\">Restaurants locaux Saint-Martin<\/h2>\n[\/vc_column_text][vc_row_inner][vc_column_inner width=\u00a0\u00bb1\/3&Prime;][vc_single_image image=\u00a0\u00bb397&Prime; img_size=\u00a0\u00bbfull\u00a0\u00bb][vc_column_text css=\u00a0\u00bb\u00a0\u00bb]\n<h2 style=\"text-align: center;\"><a href=\"https:\/\/www.rainbowcafesxm.com\/\" target=\"_blank\" rel=\"noopener\">Rainbow caf\u00e9<\/a><\/h2>\n<p style=\"text-align: center;\">Grand-Case<br \/>\n\u20ac\u20ac\u20ac\u20ac<\/p>\n[\/vc_column_text][\/vc_column_inner][vc_column_inner width=\u00a0\u00bb1\/3&Prime;][vc_single_image image=\u00a0\u00bb1824&Prime; img_size=\u00a0\u00bbfull\u00a0\u00bb][vc_column_text css=\u00a0\u00bb\u00a0\u00bb]\n<h2 style=\"text-align: center;\"><a href=\"https:\/\/www.cocobeach.restaurant\" target=\"_blank\" rel=\"noopener\">Coco beach<\/a><\/h2>\n<p style=\"text-align: center;\">Orient Bay Beach<br \/>\n\u20ac\u20ac\u20ac<\/p>\n[\/vc_column_text][\/vc_column_inner][vc_column_inner width=\u00a0\u00bb1\/3&Prime;][vc_single_image image=\u00a0\u00bb2755&Prime; img_size=\u00a0\u00bbfull\u00a0\u00bb css=\u00a0\u00bb\u00a0\u00bb][vc_column_text css=\u00a0\u00bb\u00a0\u00bb]\n<h2 style=\"text-align: center;\">Le Temps des Cerises<\/h2>\n<p style=\"text-align: center;\">Grand-Case<br \/>\n\u20ac\u20ac\u20ac<\/p>\n[\/vc_column_text][\/vc_column_inner][\/vc_row_inner][vc_row_inner][vc_column_inner width=\u00a0\u00bb1\/3&Prime;][vc_single_image image=\u00a0\u00bb2669&Prime; img_size=\u00a0\u00bb380&#215;380&Prime;][vc_column_text css=\u00a0\u00bb\u00a0\u00bb]\n<h2 style=\"text-align: center;\"><a href=\"https:\/\/lepressoirsxm.com\/fr\/\" target=\"_blank\" rel=\"noopener\">Pressoir<\/a><\/h2>\n<p style=\"text-align: center;\">Grand-Case<br \/>\n\u20ac\u20ac\u20ac\u20ac<\/p>\n[\/vc_column_text][\/vc_column_inner][vc_column_inner width=\u00a0\u00bb1\/3&Prime;][vc_single_image image=\u00a0\u00bb2672&Prime; img_size=\u00a0\u00bb380&#215;380&Prime;][vc_column_text css=\u00a0\u00bb\u00a0\u00bb]\n<h2 style=\"text-align: center;\"><a href=\"https:\/\/www.kontiki.restaurant\/\" target=\"_blank\" rel=\"noopener\">Kontiki<\/a><\/h2>\n<p style=\"text-align: center;\">Orient Bay Beach<br \/>\n\u20ac\u20ac\u20ac<\/p>\n[\/vc_column_text][\/vc_column_inner][vc_column_inner width=\u00a0\u00bb1\/3&Prime;][vc_single_image image=\u00a0\u00bb2674&Prime; img_size=\u00a0\u00bb380&#215;380&Prime;][vc_column_text css=\u00a0\u00bb\u00a0\u00bb]\n<h2 style=\"text-align: center;\"><a href=\"https:\/\/javasxm.com\/\" target=\"_blank\" rel=\"noopener\">Java<\/a><\/h2>\n<p style=\"text-align: center;\">Grand-Case<br \/>\n\u20ac\u20ac\u20ac<\/p>\n[\/vc_column_text][\/vc_column_inner][\/vc_row_inner][vc_row_inner][vc_column_inner width=\u00a0\u00bb1\/3&Prime;][vc_single_image image=\u00a0\u00bb1993&Prime; img_size=\u00a0\u00bbfull\u00a0\u00bb][vc_column_text css=\u00a0\u00bb\u00a0\u00bb]\n<h2 style=\"text-align: center;\"><a href=\"https:\/\/www.calmoscafesxm.com\/our-menu\" target=\"_blank\" rel=\"noopener\">Calmos Caf\u00e9<\/a><\/h2>\n<p style=\"text-align: center;\">Grand-Case<br \/>\n\u20ac\u20ac<\/p>\n[\/vc_column_text][\/vc_column_inner][vc_column_inner width=\u00a0\u00bb1\/3&Prime;][vc_single_image image=\u00a0\u00bb1991&Prime; img_size=\u00a0\u00bbfull\u00a0\u00bb css=\u00a0\u00bb\u00a0\u00bb][vc_column_text css=\u00a0\u00bb\u00a0\u00bb]\n<h2 style=\"text-align: center;\"><a href=\"http:\/\/www.saosxm.com\" target=\"_blank\" rel=\"noopener\">Sao<\/a><\/h2>\n<p style=\"text-align: center;\">Orient Bay Beach<br \/>\n\u20ac\u20ac<\/p>\n[\/vc_column_text][\/vc_column_inner][vc_column_inner width=\u00a0\u00bb1\/3&Prime;][vc_single_image image=\u00a0\u00bb2702&Prime; img_size=\u00a0\u00bb380&#215;380&Prime; css=\u00a0\u00bb\u00a0\u00bb][vc_column_text css=\u00a0\u00bb\u00a0\u00bb]\n<h2 style=\"text-align: center;\"><a href=\"https:\/\/www.kalatua.com\/\" target=\"_blank\" rel=\"noopener\">Kalatua<\/a><\/h2>\n<p style=\"text-align: center;\">Mullet Bay Beach<br \/>\n\u20ac\u20ac\u20ac\u20ac<\/p>\n[\/vc_column_text][\/vc_column_inner][\/vc_row_inner][vc_row_inner][vc_column_inner width=\u00a0\u00bb1\/3&Prime;][vc_single_image image=\u00a0\u00bb2761&Prime; img_size=\u00a0\u00bbfull\u00a0\u00bb css=\u00a0\u00bb\u00a0\u00bb][vc_column_text css=\u00a0\u00bb\u00a0\u00bb]\n<h2 style=\"text-align: center;\">Blue Sail<\/h2>\n<p style=\"text-align: center;\">Anse Marcel<br \/>\n\u20ac\u20ac<\/p>\n[\/vc_column_text][\/vc_column_inner][vc_column_inner width=\u00a0\u00bb1\/3&Prime;][\/vc_column_inner][vc_column_inner width=\u00a0\u00bb1\/3&Prime;][\/vc_column_inner][\/vc_row_inner][\/vc_column][\/vc_row][\/vc_section]\n<\/div>","protected":false},"excerpt":{"rendered":"<p>[vc_section full_width=\u00a0\u00bbstretch_row\u00a0\u00bb el_class=\u00a0\u00bbsection-partenaires\u00a0\u00bb][vc_row][vc_column][vc_column_text] Nos partenaires gastronomiques Vivez l&rsquo;ultime aventure insulaire \u00e0 Saint-Martin! Nous serons votre boussole de confiance, vous orientant vers les endroits les plus exceptionnels avec un service de premier ordre. Nos partenariats exclusifs avec des entreprises locales vous garantissent un traitement luxueux et un s\u00e9jour extraordinaire dans les Cara\u00efbes. [\/vc_column_text][\/vc_column][\/vc_row][vc_row el_class=\u00a0\u00bbsingle-category\u00a0\u00bb][vc_column][vc_column_text] Restaurants locaux Saint-Martin [\/vc_column_text][vc_row_inner][vc_column_inner width=\u00a0\u00bb1\/3&Prime;][vc_single_image image=\u00a0\u00bb397&Prime; img_size=\u00a0\u00bbfull\u00a0\u00bb][vc_column_text &#8230;<\/p>\n","protected":false},"author":1,"featured_media":0,"parent":0,"menu_order":0,"comment_status":"closed","ping_status":"closed","template":"template-blank-1.php","meta":{"_monsterinsights_skip_tracking":false,"_monsterinsights_sitenote_active":false,"_monsterinsights_sitenote_note":"","_monsterinsights_sitenote_category":0,"footnotes":""},"class_list":["post-654","page","type-page","status-publish","hentry","no-post-thumbnail"],"yoast_head":"<!-- This site is optimized with the Yoast SEO plugin v27.3 - https:\/\/yoast.com\/product\/yoast-seo-wordpress\/ -->\n<title>Restaurants locaux Saint-Martin | Aura Anse-Marcel<\/title>\n<meta name=\"description\" content=\"Nos partenariats gastronomiques exclusifs avec des restaurants locaux vous garantissent un traitement luxueux et des moments extraordinaires.\" \/>\n<meta name=\"robots\" content=\"index, follow, max-snippet:-1, max-image-preview:large, max-video-preview:-1\" \/>\n<link rel=\"canonical\" href=\"https:\/\/aurasxm.com\/fr\/gastronomie-nos-partenaires\/\" \/>\n<meta property=\"og:locale\" content=\"fr_FR\" \/>\n<meta property=\"og:type\" content=\"article\" \/>\n<meta property=\"og:title\" content=\"Restaurants locaux Saint-Martin | Aura Anse-Marcel\" \/>\n<meta property=\"og:description\" content=\"Nos partenariats gastronomiques exclusifs avec des restaurants locaux vous garantissent un traitement luxueux et des moments extraordinaires.\" \/>\n<meta property=\"og:url\" content=\"https:\/\/aurasxm.com\/fr\/gastronomie-nos-partenaires\/\" \/>\n<meta property=\"og:site_name\" content=\"Aura Anse-Marcel\" \/>\n<meta property=\"article:publisher\" content=\"https:\/\/www.facebook.com\/profile.php?id=61553045861683\" \/>\n<meta property=\"article:modified_time\" content=\"2026-03-11T20:05:59+00:00\" \/>\n<meta property=\"og:image\" content=\"https:\/\/aurasxm.com\/wp-content\/uploads\/2024\/11\/14-11-2024-Aura_noWM-@phil.a.f.photo_SXM2024-042-12_57.jpg\" \/>\n\t<meta property=\"og:image:width\" content=\"2048\" \/>\n\t<meta property=\"og:image:height\" content=\"1364\" \/>\n\t<meta property=\"og:image:type\" content=\"image\/jpeg\" \/>\n<meta name=\"twitter:card\" content=\"summary_large_image\" \/>\n<meta name=\"twitter:label1\" content=\"Dur\u00e9e de lecture estim\u00e9e\" \/>\n\t<meta name=\"twitter:data1\" content=\"3 minutes\" \/>\n<script type=\"application\/ld+json\" class=\"yoast-schema-graph\">{\"@context\":\"https:\\\/\\\/schema.org\",\"@graph\":[{\"@type\":\"WebPage\",\"@id\":\"https:\\\/\\\/aurasxm.com\\\/fr\\\/gastronomie-nos-partenaires\\\/\",\"url\":\"https:\\\/\\\/aurasxm.com\\\/fr\\\/gastronomie-nos-partenaires\\\/\",\"name\":\"Restaurants locaux Saint-Martin | Aura Anse-Marcel\",\"isPartOf\":{\"@id\":\"https:\\\/\\\/aurasxm.com\\\/#website\"},\"datePublished\":\"2023-12-22T19:25:39+00:00\",\"dateModified\":\"2026-03-11T20:05:59+00:00\",\"description\":\"Nos partenariats gastronomiques exclusifs avec des restaurants locaux vous garantissent un traitement luxueux et des moments extraordinaires.\",\"breadcrumb\":{\"@id\":\"https:\\\/\\\/aurasxm.com\\\/fr\\\/gastronomie-nos-partenaires\\\/#breadcrumb\"},\"inLanguage\":\"fr-FR\",\"potentialAction\":[{\"@type\":\"ReadAction\",\"target\":[\"https:\\\/\\\/aurasxm.com\\\/fr\\\/gastronomie-nos-partenaires\\\/\"]}]},{\"@type\":\"BreadcrumbList\",\"@id\":\"https:\\\/\\\/aurasxm.com\\\/fr\\\/gastronomie-nos-partenaires\\\/#breadcrumb\",\"itemListElement\":[{\"@type\":\"ListItem\",\"position\":1,\"name\":\"Accueil\",\"item\":\"https:\\\/\\\/aurasxm.com\\\/fr\\\/\"},{\"@type\":\"ListItem\",\"position\":2,\"name\":\"Gastronomie, nos partenaires\"}]},{\"@type\":\"WebSite\",\"@id\":\"https:\\\/\\\/aurasxm.com\\\/#website\",\"url\":\"https:\\\/\\\/aurasxm.com\\\/\",\"name\":\"Aura Anse-Marcel\",\"description\":\"Villas de luxe en location saisonni\u00e8re \u00e0 l&#039;\u00eele St-Martin\",\"publisher\":{\"@id\":\"https:\\\/\\\/aurasxm.com\\\/#organization\"},\"potentialAction\":[{\"@type\":\"SearchAction\",\"target\":{\"@type\":\"EntryPoint\",\"urlTemplate\":\"https:\\\/\\\/aurasxm.com\\\/?s={search_term_string}\"},\"query-input\":{\"@type\":\"PropertyValueSpecification\",\"valueRequired\":true,\"valueName\":\"search_term_string\"}}],\"inLanguage\":\"fr-FR\"},{\"@type\":\"Organization\",\"@id\":\"https:\\\/\\\/aurasxm.com\\\/#organization\",\"name\":\"Aura Anse-Marcel\",\"url\":\"https:\\\/\\\/aurasxm.com\\\/\",\"logo\":{\"@type\":\"ImageObject\",\"inLanguage\":\"fr-FR\",\"@id\":\"https:\\\/\\\/aurasxm.com\\\/#\\\/schema\\\/logo\\\/image\\\/\",\"url\":\"https:\\\/\\\/aurasxm.com\\\/wp-content\\\/uploads\\\/2024\\\/03\\\/logo-gold.png\",\"contentUrl\":\"https:\\\/\\\/aurasxm.com\\\/wp-content\\\/uploads\\\/2024\\\/03\\\/logo-gold.png\",\"width\":328,\"height\":136,\"caption\":\"Aura Anse-Marcel\"},\"image\":{\"@id\":\"https:\\\/\\\/aurasxm.com\\\/#\\\/schema\\\/logo\\\/image\\\/\"},\"sameAs\":[\"https:\\\/\\\/www.facebook.com\\\/profile.php?id=61553045861683\",\"https:\\\/\\\/www.instagram.com\\\/auraansemarcel\\\/\"]}]}<\/script>\n<!-- \/ Yoast SEO plugin. -->","yoast_head_json":{"title":"Restaurants locaux Saint-Martin | Aura Anse-Marcel","description":"Nos partenariats gastronomiques exclusifs avec des restaurants locaux vous garantissent un traitement luxueux et des moments extraordinaires.","robots":{"index":"index","follow":"follow","max-snippet":"max-snippet:-1","max-image-preview":"max-image-preview:large","max-video-preview":"max-video-preview:-1"},"canonical":"https:\/\/aurasxm.com\/fr\/gastronomie-nos-partenaires\/","og_locale":"fr_FR","og_type":"article","og_title":"Restaurants locaux Saint-Martin | Aura Anse-Marcel","og_description":"Nos partenariats gastronomiques exclusifs avec des restaurants locaux vous garantissent un traitement luxueux et des moments extraordinaires.","og_url":"https:\/\/aurasxm.com\/fr\/gastronomie-nos-partenaires\/","og_site_name":"Aura Anse-Marcel","article_publisher":"https:\/\/www.facebook.com\/profile.php?id=61553045861683","article_modified_time":"2026-03-11T20:05:59+00:00","og_image":[{"width":2048,"height":1364,"url":"https:\/\/aurasxm.com\/wp-content\/uploads\/2024\/11\/14-11-2024-Aura_noWM-@phil.a.f.photo_SXM2024-042-12_57.jpg","type":"image\/jpeg"}],"twitter_card":"summary_large_image","twitter_misc":{"Dur\u00e9e de lecture estim\u00e9e":"3 minutes"},"schema":{"@context":"https:\/\/schema.org","@graph":[{"@type":"WebPage","@id":"https:\/\/aurasxm.com\/fr\/gastronomie-nos-partenaires\/","url":"https:\/\/aurasxm.com\/fr\/gastronomie-nos-partenaires\/","name":"Restaurants locaux Saint-Martin | Aura Anse-Marcel","isPartOf":{"@id":"https:\/\/aurasxm.com\/#website"},"datePublished":"2023-12-22T19:25:39+00:00","dateModified":"2026-03-11T20:05:59+00:00","description":"Nos partenariats gastronomiques exclusifs avec des restaurants locaux vous garantissent un traitement luxueux et des moments extraordinaires.","breadcrumb":{"@id":"https:\/\/aurasxm.com\/fr\/gastronomie-nos-partenaires\/#breadcrumb"},"inLanguage":"fr-FR","potentialAction":[{"@type":"ReadAction","target":["https:\/\/aurasxm.com\/fr\/gastronomie-nos-partenaires\/"]}]},{"@type":"BreadcrumbList","@id":"https:\/\/aurasxm.com\/fr\/gastronomie-nos-partenaires\/#breadcrumb","itemListElement":[{"@type":"ListItem","position":1,"name":"Accueil","item":"https:\/\/aurasxm.com\/fr\/"},{"@type":"ListItem","position":2,"name":"Gastronomie, nos partenaires"}]},{"@type":"WebSite","@id":"https:\/\/aurasxm.com\/#website","url":"https:\/\/aurasxm.com\/","name":"Aura Anse-Marcel","description":"Villas de luxe en location saisonni\u00e8re \u00e0 l&#039;\u00eele St-Martin","publisher":{"@id":"https:\/\/aurasxm.com\/#organization"},"potentialAction":[{"@type":"SearchAction","target":{"@type":"EntryPoint","urlTemplate":"https:\/\/aurasxm.com\/?s={search_term_string}"},"query-input":{"@type":"PropertyValueSpecification","valueRequired":true,"valueName":"search_term_string"}}],"inLanguage":"fr-FR"},{"@type":"Organization","@id":"https:\/\/aurasxm.com\/#organization","name":"Aura Anse-Marcel","url":"https:\/\/aurasxm.com\/","logo":{"@type":"ImageObject","inLanguage":"fr-FR","@id":"https:\/\/aurasxm.com\/#\/schema\/logo\/image\/","url":"https:\/\/aurasxm.com\/wp-content\/uploads\/2024\/03\/logo-gold.png","contentUrl":"https:\/\/aurasxm.com\/wp-content\/uploads\/2024\/03\/logo-gold.png","width":328,"height":136,"caption":"Aura Anse-Marcel"},"image":{"@id":"https:\/\/aurasxm.com\/#\/schema\/logo\/image\/"},"sameAs":["https:\/\/www.facebook.com\/profile.php?id=61553045861683","https:\/\/www.instagram.com\/auraansemarcel\/"]}]}},"_links":{"self":[{"href":"https:\/\/aurasxm.com\/fr\/wp-json\/wp\/v2\/pages\/654","targetHints":{"allow":["GET"]}}],"collection":[{"href":"https:\/\/aurasxm.com\/fr\/wp-json\/wp\/v2\/pages"}],"about":[{"href":"https:\/\/aurasxm.com\/fr\/wp-json\/wp\/v2\/types\/page"}],"author":[{"embeddable":true,"href":"https:\/\/aurasxm.com\/fr\/wp-json\/wp\/v2\/users\/1"}],"replies":[{"embeddable":true,"href":"https:\/\/aurasxm.com\/fr\/wp-json\/wp\/v2\/comments?post=654"}],"version-history":[{"count":14,"href":"https:\/\/aurasxm.com\/fr\/wp-json\/wp\/v2\/pages\/654\/revisions"}],"predecessor-version":[{"id":2763,"href":"https:\/\/aurasxm.com\/fr\/wp-json\/wp\/v2\/pages\/654\/revisions\/2763"}],"wp:attachment":[{"href":"https:\/\/aurasxm.com\/fr\/wp-json\/wp\/v2\/media?parent=654"}],"curies":[{"name":"wp","href":"https:\/\/api.w.org\/{rel}","templated":true}]}}