{"id":6,"date":"2022-10-04T14:05:45","date_gmt":"2022-10-04T12:05:45","guid":{"rendered":"https:\/\/aurasxm.com\/?page_id=6"},"modified":"2026-04-03T08:47:52","modified_gmt":"2026-04-03T12:47:52","slug":"accueil","status":"publish","type":"page","link":"https:\/\/aurasxm.com\/fr\/","title":{"rendered":"Accueil"},"content":{"rendered":"<div class=\"wpb-content-wrapper\">[vc_section full_width=\u00a0\u00bbstretch_row\u00a0\u00bb full_height=\u00a0\u00bbyes\u00a0\u00bb content_placement=\u00a0\u00bbmiddle\u00a0\u00bb el_class=\u00a0\u00bbsection-header\u00a0\u00bb][vc_row full_width=\u00a0\u00bbstretch_row_content_no_spaces\u00a0\u00bb el_class=\u00a0\u00bbsection-video\u00a0\u00bb][vc_column][vc_raw_html]JTNDdmlkZW8lMjBpZCUzRCUyMnZpZGVvJTIyJTIwYXV0b3BsYXklMjBsb29wJTIwcGxheXNpbmxpbmUlMjBtdXRlZCUyMGNsYXNzJTNEJTIyZGVza3RvcC12aWRlbyUyMiUzRSUwQSUwOSUzQ3NvdXJjZSUyMGRhdGEtc3JjJTNEJTIyJTJGd3AtY29udGVudCUyRnVwbG9hZHMlMkZ2aWRlbyUyRndlYnNpdGUtdmlkZW8tbG93LTIubXA0JTIyJTIwdHlwZSUzRCUyMnZpZGVvJTJGbXA0JTIyJTIwc3JjJTNEJTIyJTJGd3AtY29udGVudCUyRnVwbG9hZHMlMkZ2aWRlbyUyRndlYnNpdGUtdmlkZW8tbG93LTIubXA0JTIyJTNFJTBBJTNDJTJGdmlkZW8lM0U=[\/vc_raw_html][\/vc_column][\/vc_row][vc_row disable_element=\u00a0\u00bbyes\u00a0\u00bb][vc_column][vc_column_text]\n<h1>R\u00e9sidences de luxe en location saisonni\u00e8re \u00e0 l\u2019\u00eele de St-Martin.<\/h1>\n<h3>un \u00e9tablissement 5 \u00e9toiles<\/h3>\n[\/vc_column_text][vc_raw_html]JTNDc3ZnJTIweG1sbnMlM0QlMjJodHRwJTNBJTJGJTJGd3d3LnczLm9yZyUyRjIwMDAlMkZzdmclMjIlMjB3aWR0aCUzRCUyMjU2JTIyJTIwaGVpZ2h0JTNEJTIyNTYlMjIlMjB2aWV3Qm94JTNEJTIyMCUyMDAlMjA1NiUyMDU2JTIyJTNFJTBBJTIwJTIwJTNDZyUyMGlkJTNEJTIyR3JvdXBfOSUyMiUyMGRhdGEtbmFtZSUzRCUyMkdyb3VwJTIwOSUyMiUyMHRyYW5zZm9ybSUzRCUyMnRyYW5zbGF0ZSUyOC05NyUyMC0zMjUlMjklMjIlM0UlMEElMjAlMjAlMjAlMjAlM0NnJTIwaWQlM0QlMjJSZWN0YW5nbGVfOSUyMiUyMGRhdGEtbmFtZSUzRCUyMlJlY3RhbmdsZSUyMDklMjIlMjB0cmFuc2Zvcm0lM0QlMjJ0cmFuc2xhdGUlMjg5NyUyMDMyNSUyOSUyMiUyMGZpbGwlM0QlMjJub25lJTIyJTIwc3Ryb2tlJTNEJTIyJTIzZmZmJTIyJTIwc3Ryb2tlLXdpZHRoJTNEJTIyMSUyMiUzRSUwQSUyMCUyMCUyMCUyMCUyMCUyMCUzQ3JlY3QlMjB3aWR0aCUzRCUyMjU2JTIyJTIwaGVpZ2h0JTNEJTIyNTYlMjIlMjBzdHJva2UlM0QlMjJub25lJTIyJTJGJTNFJTBBJTIwJTIwJTIwJTIwJTIwJTIwJTNDcmVjdCUyMHglM0QlMjIwLjUlMjIlMjB5JTNEJTIyMC41JTIyJTIwd2lkdGglM0QlMjI1NSUyMiUyMGhlaWdodCUzRCUyMjU1JTIyJTIwZmlsbCUzRCUyMm5vbmUlMjIlMkYlM0UlMEElMjAlMjAlMjAlMjAlM0MlMkZnJTNFJTBBJTIwJTIwJTIwJTIwJTNDZyUyMGlkJTNEJTIyR3JvdXBfOCUyMiUyMGRhdGEtbmFtZSUzRCUyMkdyb3VwJTIwOCUyMiUyMHRyYW5zZm9ybSUzRCUyMnRyYW5zbGF0ZSUyOC0xMDMuNSUyMDMuMjQ1JTI5JTIyJTNFJTBBJTIwJTIwJTIwJTIwJTIwJTIwJTNDcGF0aCUyMGlkJTNEJTIyUGF0aF80NyUyMiUyMGRhdGEtbmFtZSUzRCUyMlBhdGglMjA0NyUyMiUyMGQlM0QlMjJNMTg4Ny44NDEtMTkuMjQ1VjE0LjU3MiUyMiUyMHRyYW5zZm9ybSUzRCUyMnRyYW5zbGF0ZSUyOC0xNjU5LjM0MSUyMDM1MiUyOSUyMiUyMGZpbGwlM0QlMjJub25lJTIyJTIwc3Ryb2tlJTNEJTIyJTIzZmZmJTIyJTIwc3Ryb2tlLXdpZHRoJTNEJTIyMSUyMiUyRiUzRSUwQSUyMCUyMCUyMCUyMCUyMCUyMCUzQ3BhdGglMjBpZCUzRCUyMlBhdGhfNDglMjIlMjBkYXRhLW5hbWUlM0QlMjJQYXRoJTIwNDglMjIlMjBkJTNEJTIyTTE4NzUuMzE1JTJDNS4xMDlsMTIuMDYzJTJDMTEuNzg0JTJDMTIuMDYzLTExLjc4NCUyMiUyMHRyYW5zZm9ybSUzRCUyMnRyYW5zbGF0ZSUyOC0xNjU4LjgxNSUyMDM1MCUyOSUyMiUyMGZpbGwlM0QlMjJub25lJTIyJTIwc3Ryb2tlJTNEJTIyJTIzZmZmJTIyJTIwc3Ryb2tlLXdpZHRoJTNEJTIyMSUyMiUyRiUzRSUwQSUyMCUyMCUyMCUyMCUzQyUyRmclM0UlMEElMjAlMjAlM0MlMkZnJTNFJTBBJTNDJTJGc3ZnJTNFJTBB[\/vc_raw_html][\/vc_column][\/vc_row][vc_row el_class=\u00a0\u00bbtitle\u00a0\u00bb][vc_column][vc_column_text]\n<h1>R\u00e9sidences de luxe \u00e0 louer \u00e0 l\u2019\u00eele Saint-Martin.<\/h1>\n<h3>un \u00e9tablissement 5 \u00e9toiles<\/h3>\n[\/vc_column_text][\/vc_column][\/vc_row][\/vc_section][vc_row full_width=\u00a0\u00bbstretch_row_content\u00a0\u00bb disable_element=\u00a0\u00bbyes\u00a0\u00bb][vc_column css=\u00a0\u00bb.vc_custom_1742312930519{background-color: #c7b299 !important;}\u00a0\u00bb][vc_column_text]\n<p style=\"text-align: center; color: white;\"><strong>C\u00e9l\u00e9brez le temps des F\u00eates au paradis et \u00c9CONOMISEZ 30%<\/strong><br \/>\n(Valide sur les r\u00e9servations faites du 20 d\u00e9cembre au 26 d\u00e9cembre 2025)<\/p>\n<p style=\"text-align: center; color: white;\">R\u00e9servez maintenant: <a style=\"color: #ffffff !important;\" href=\"mailto:info@aurasxm.com\"><strong>info@aurasxm.com <\/strong><\/a>ou +<strong>1(438) 444-1070<\/strong><\/p>\n[\/vc_column_text][\/vc_column][\/vc_row][vc_row full_width=\u00a0\u00bbstretch_row_content\u00a0\u00bb css=\u00a0\u00bb.vc_custom_1770561762599{margin-top: -38px !important;}\u00a0\u00bb][vc_column css=\u00a0\u00bb.vc_custom_1759797226265{background-color: rgba(2,0,0,0.05) !important;*background-color: rgb(2,0,0) !important;}\u00a0\u00bb][vc_raw_html css=\u00a0\u00bb\u00a0\u00bb]JTNDZGl2JTIwc3R5bGUlM0QlMjJwYWRkaW5nJTNBMzBweCUzQm1heC13aWR0aCUzQTYwMHB4JTNCbWFyZ2luJTNBJTIwYXV0byUzQnRleHQtYWxpZ24lM0FjZW50ZXIlMjIlM0UlMEElM0NoMiUzRVIlQzMlQTlzZXJ2ZXolMjB2b3RyZSUyMHMlQzMlQTlqb3VyJTIwYXUlMjBwYXJhZGlzJTNDJTJGaDIlM0UlMEElM0NwJTIwc3R5bGUlM0QlMjJtYXJnaW4tYm90dG9tJTNBNDBweCUyMiUzRVBldCUyMEZyaWVuZGx5JTNDYnIlM0VTJUMzJUE5am91ciUyMG1pbmltdW0lM0ElMjAzJTIwbnVpdHMlMjAlRTIlODAlOTQlMjA3JTIwZHVyYW50JTIwbGElMjBoYXV0ZSUyMHNhaXNvbi4lM0NiciUzRSUzQ3N0cm9uZyUzRVMlQzMlQTlqb3VyJTIwZGUlMjA3JTIwbnVpdHMlMkMlMjBwcm9maXRleiUyMGQlRTIlODAlOTl1bmUlMjBsb2NhdGlvbiUyMGRlJTIwdm9pdHVyZSUyMGdyYXR1aXRlJTIwZW4lMjByJUMzJUE5c2VydmFudCUyMGRpcmVjdGVtZW50JTIwc3VyJTIwbm90cmUlMjBzaXRlJTIwd2ViLiUzQyUyRnN0cm9uZyUzRSUzQyUyRnAlM0UlMEElNUJoZnlfYm9va2luZ19zZWFyY2glNUQlMEElM0MlMkZkaXYlM0UlMEE=[\/vc_raw_html][\/vc_column][\/vc_row][vc_section el_class=\u00a0\u00bbsection-top\u00a0\u00bb el_id=\u00a0\u00bbcomplexe\u00a0\u00bb][vc_row el_class=\u00a0\u00bbsection-badge\u00a0\u00bb][vc_column width=\u00a0\u00bb4\/12&Prime;][vc_single_image image=\u00a0\u00bb11&Prime; img_size=\u00a0\u00bbfull\u00a0\u00bb el_class=\u00a0\u00bbfleur\u00a0\u00bb][vc_separator color=\u00a0\u00bbcustom\u00a0\u00bb align=\u00a0\u00bbalign_left\u00a0\u00bb el_width=\u00a0\u00bb50&Prime; accent_color=\u00a0\u00bb#c7b299&Prime;][vc_column_text]\n<h3>le complexe<\/h3>\n[\/vc_column_text][\/vc_column][vc_column width=\u00a0\u00bb8\/12&Prime;][vc_column_text]\n<h2>Onze unit\u00e9s de luxe, trois suites avec piscine priv\u00e9e en location saisonni\u00e8re \u00e0 l&rsquo;\u00eele Saint-Martin.<\/h2>\n[\/vc_column_text][vc_row_inner][vc_column_inner width=\u00a0\u00bb1\/2&Prime;][vc_column_text]Constitu\u00e9 de 11 unit\u00e9s exclusives dont des studios, des une chambre et des deux chambres, Aura Anse-Marcel vous offre un s\u00e9jour inoubliable dans les Cara\u00efbes.[\/vc_column_text][\/vc_column_inner][vc_column_inner width=\u00a0\u00bb1\/2&Prime;][vc_column_text]Aura vous offre, entre autres, des unit\u00e9s \u00e9l\u00e9gamment d\u00e9cor\u00e9es, une construction haut de gamme, une situation privil\u00e9gi\u00e9e, des piscines priv\u00e9es, un\u00a0<a class=\"c-link\" href=\"https:\/\/aurasxm.com\/service-de-conciergerie\/\" target=\"_blank\" rel=\"noopener noreferrer\" data-stringify-link=\"https:\/\/aurasxm.com\/service-de-conciergerie\/\" data-sk=\"tooltip_parent\">personnel<\/a> attentif, une voiture compacte lors des s\u00e9jours de 7 nuits ou plus, et bien plus encore.[\/vc_column_text][\/vc_column_inner][\/vc_row_inner][\/vc_column][\/vc_row][vc_row][vc_column width=\u00a0\u00bb9\/12&Prime;][vc_raw_html]JTNDJTIxLS0lMjBTd2lwZXIlMjAtLSUzRSUwQSUyMCUzQ2RpdiUyMGNsYXNzJTNEJTIyc3dpcGVyJTIwbXlTd2lwZXIlMjIlM0UlMEElMjAlMjAlMjAlM0NkaXYlMjBjbGFzcyUzRCUyMnN3aXBlci13cmFwcGVyJTIyJTNFJTBBJTIwJTIwJTIwJTIwJTIwJTNDZGl2JTIwY2xhc3MlM0QlMjJzd2lwZXItc2xpZGUlMjIlM0UlM0NpbWclMjBzcmMlM0QlMjIlMkZ3cC1jb250ZW50JTJGdXBsb2FkcyUyRnByb2plY3QlMkYxMC5qcGclMjIlMjBhbHQlM0QlMjIlMjIlM0UlM0MlMkZkaXYlM0UlMEElMjAlMjAlMjAlMjAlMjAlM0NkaXYlMjBjbGFzcyUzRCUyMnN3aXBlci1zbGlkZSUyMiUzRSUzQ2ltZyUyMHNyYyUzRCUyMiUyRndwLWNvbnRlbnQlMkZ1cGxvYWRzJTJGcHJvamVjdCUyRjExLmpwZyUyMiUyMGFsdCUzRCUyMiUyMiUzRSUzQyUyRmRpdiUzRSUwQSUyMCUyMCUyMCUyMCUyMCUzQ2RpdiUyMGNsYXNzJTNEJTIyc3dpcGVyLXNsaWRlJTIyJTNFJTNDaW1nJTIwc3JjJTNEJTIyJTJGd3AtY29udGVudCUyRnVwbG9hZHMlMkZwcm9qZWN0JTJGMTIuanBnJTIyJTIwYWx0JTNEJTIyJTIyJTNFJTNDJTJGZGl2JTNFJTBBJTIwJTIwJTIwJTIwJTIwJTNDZGl2JTIwY2xhc3MlM0QlMjJzd2lwZXItc2xpZGUlMjIlM0UlM0NpbWclMjBzcmMlM0QlMjIlMkZ3cC1jb250ZW50JTJGdXBsb2FkcyUyRnByb2plY3QlMkYxMy5qcGclMjIlMjBhbHQlM0QlMjIlMjIlM0UlM0MlMkZkaXYlM0UlMEElMEElMjAlMjAlMjAlM0MlMkZkaXYlM0UlMEElMEElMjAlM0MlMkZkaXYlM0UlMEElMjAlMjAlM0NkaXYlMjBjbGFzcyUzRCUyMnN3aXBlci1jb250cm9scyUyMiUyMGlkJTNEJTIyc2MlMjIlM0UlMEElMjAlMjAlMDklM0NkaXYlMjBjbGFzcyUzRCUyMnN3aXBlci1idXR0b24tbmV4dCUyMiUzRSUzQyUyRmRpdiUzRSUwQSUyMCUyMCUyMCUyMCUyMCUzQ2RpdiUyMGNsYXNzJTNEJTIyc3dpcGVyLWJ1dHRvbi1wcmV2JTIyJTNFJTNDJTJGZGl2JTNFJTBBJTIwJTIwJTNDJTJGZGl2JTNF[\/vc_raw_html][\/vc_column][vc_column width=\u00a0\u00bb3\/12&Prime;][\/vc_column][\/vc_row][vc_row][vc_column width=\u00a0\u00bb9\/12&Prime;][\/vc_column][vc_column width=\u00a0\u00bb3\/12&Prime;][vc_btn title=\u00a0\u00bbVoir notre offre de villa \u2192\u00a0\u00bb link=\u00a0\u00bburl:https%3A%2F%2Faurasxm.com%2Ffr%2Freservation%2F\u00a0\u00bb el_class=\u00a0\u00bbcustom-btn\u00a0\u00bb][\/vc_column][\/vc_row][\/vc_section][vc_section full_width=\u00a0\u00bbstretch_row\u00a0\u00bb el_class=\u00a0\u00bbsection-endroit\u00a0\u00bb el_id=\u00a0\u00bbanse-marcel\u00a0\u00bb][vc_row][vc_column width=\u00a0\u00bb1\/2&Prime;][vc_column_text]\n<h3>anse-marcel<\/h3>\n<h2>Un endroit paradisiaque et prot\u00e9g\u00e9.<\/h2>\n[\/vc_column_text][\/vc_column][vc_column width=\u00a0\u00bb1\/2&Prime;][vc_single_image image=\u00a0\u00bb116&Prime; img_size=\u00a0\u00bbfull\u00a0\u00bb el_class=\u00a0\u00bbimg-01&Prime;][\/vc_column][\/vc_row][vc_row][vc_column width=\u00a0\u00bb8\/12&Prime;][vc_column_text]Au nord de l\u2019\u00eele de Saint-Martin, derri\u00e8re les collines vallonn\u00e9es, la baie de Anse Marcel se situe dans une grande crique et est entour\u00e9e d\u2019une v\u00e9g\u00e9tation dense. C\u2019est un endroit tout simplement sublime.<\/p>\n<p><strong>Un emplacement id\u00e9al<\/strong><\/p>\n<p>Nos r\u00e9sidences de luxe sont \u00e0 proximit\u00e9 de tout:<\/p>\n<ul>\n<li data-stringify-indent=\"0\" data-stringify-border=\"0\">\u00e0 2 minutes de la plage de Anse Marcel ;<\/li>\n<li data-stringify-indent=\"0\" data-stringify-border=\"0\">\u00e0 10 minutes de la plage de Grand Case (bars et restaurants) ;<\/li>\n<li data-stringify-indent=\"0\" data-stringify-border=\"0\">\u00e0 10 minutes de l\u2019a\u00e9roport de Grand Case ;<\/li>\n<li data-stringify-indent=\"0\" data-stringify-border=\"0\">\u00e0 30 minutes de la gare maritime de Marigot pour aller \u00e0 Anguilla ;<\/li>\n<li data-stringify-indent=\"0\" data-stringify-border=\"0\">\u00e0 30 minutes des gares maritimes de Philipsburg (Great Bay Express) et de Marigot (Le Voyager) pour se rendre \u00e0 St Barth ;<\/li>\n<li data-stringify-indent=\"0\" data-stringify-border=\"0\">\u00e0 35 minutes de l\u2019a\u00e9roport international \u00ab\u00a0Princess Juliana\u00a0\u00bb.<\/li>\n<\/ul>\n[\/vc_column_text][\/vc_column][vc_column width=\u00a0\u00bb4\/12&Prime;][vc_single_image image=\u00a0\u00bb114&Prime; img_size=\u00a0\u00bbfull\u00a0\u00bb alignment=\u00a0\u00bbright\u00a0\u00bb][\/vc_column][\/vc_row][\/vc_section][vc_section el_class=\u00a0\u00bbsection-ile\u00a0\u00bb][vc_row][vc_column][vc_column_text]\n<h2><span class=\"span\">L\u2019\u00eele de Saint-Martin est la capitale<\/span><br \/>\n<span class=\"span\">gastronomique des Cara\u00efbes<\/span><\/h2>\n[\/vc_column_text][vc_row_inner el_class=\u00a0\u00bbsection-images\u00a0\u00bb][vc_column_inner width=\u00a0\u00bb1\/2&Prime;][vc_single_image image=\u00a0\u00bb207&Prime; img_size=\u00a0\u00bbfull\u00a0\u00bb el_class=\u00a0\u00bbimg-01&Prime;][\/vc_column_inner][vc_column_inner width=\u00a0\u00bb1\/2&Prime;][vc_single_image image=\u00a0\u00bb209&Prime; img_size=\u00a0\u00bbfull\u00a0\u00bb el_class=\u00a0\u00bbimg-02&Prime;][\/vc_column_inner][\/vc_row_inner][\/vc_column][\/vc_row][\/vc_section][vc_row full_width=\u00a0\u00bbstretch_row_content\u00a0\u00bb el_class=\u00a0\u00bbsection-privatisation\u00a0\u00bb css=\u00a0\u00bb.vc_custom_1760972665803{background-color: rgba(0,0,0,0.05) !important;*background-color: rgb(0,0,0) !important;}\u00a0\u00bb][vc_column][vc_column_text]\n<h1 style=\"text-align: center;\"><strong><span class=\"notion-enable-hover\" data-token-index=\"0\">Privatisez AURA<\/span><\/strong><\/h1>\n<p style=\"text-align: center;\">Les r\u00e9sidences AURA sont disponibles \u00e0 la privatisation pour toutes vos occasions sp\u00e9ciales, que ce soit pour des c\u00e9l\u00e9brations, des s\u00e9minaires etc. Pour plus d&rsquo;informations ou pour discuter de votre projet, contactez-nous, nous serons ravis de vous accompagner dans l&rsquo;organisation de votre \u00e9v\u00e9nement !<\/p>\n[\/vc_column_text][vc_btn title=\u00a0\u00bbEn savoir plus\u00a0\u00bb style=\u00a0\u00bbflat\u00a0\u00bb color=\u00a0\u00bbchino\u00a0\u00bb align=\u00a0\u00bbcenter\u00a0\u00bb link=\u00a0\u00bburl:%2Ffr%2F%2Fprivatisation%2F\u00a0\u00bb el_class=\u00a0\u00bbcustom-btn-full\u00a0\u00bb][\/vc_column][\/vc_row][vc_section full_width=\u00a0\u00bbstretch_row\u00a0\u00bb full_height=\u00a0\u00bbyes\u00a0\u00bb el_class=\u00a0\u00bbsection-map\u00a0\u00bb][vc_row el_class=\u00a0\u00bbsection-description-map\u00a0\u00bb][vc_column][vc_column_text]\n<h2>Destination l\u2019\u00eele de Saint-Martin<\/h2>\n<p>Une \u00eele atypique paradisiaque avec une superficie d\u2019environ 90 km2 qui partage son territoire entre deux pays. D\u2019un c\u00f4t\u00e9, il y a Saint-Martin (o\u00f9 se trouve Anse-Marcel), une communaut\u00e9 d\u2019outre-mer appartenant \u00e0 la France. De l\u2019autre, St-Maarten la N\u00e9erlandaise, un \u00e9tat autonome du Royaume des Pays-Bas.[\/vc_column_text][vc_btn title=\u00a0\u00bbEn savoir plus \u2192\u00a0\u00bb link=\u00a0\u00bburl:%2Fdestination-ile-st-martin\u00a0\u00bb el_class=\u00a0\u00bbcustom-btn\u00a0\u00bb][\/vc_column][\/vc_row][\/vc_section][vc_section full_width=\u00a0\u00bbstretch_row\u00a0\u00bb content_placement=\u00a0\u00bbmiddle\u00a0\u00bb el_class=\u00a0\u00bbsection-bottom\u00a0\u00bb][vc_row content_placement=\u00a0\u00bbmiddle\u00a0\u00bb][vc_column][vc_column_text css=\u00a0\u00bb\u00a0\u00bb]\n<h2 style=\"text-align: center;\">Saint-Martin vous attend pour un s\u00e9jour exceptionnel.<\/h2>\n[\/vc_column_text][vc_btn title=\u00a0\u00bbR\u00e9server maintenant\u00a0\u00bb align=\u00a0\u00bbcenter\u00a0\u00bb link=\u00a0\u00bburl:https%3A%2F%2Faurasxm.com%2Ffr%2Freservation%2F\u00a0\u00bb el_class=\u00a0\u00bbcustom-btn\u00a0\u00bb][\/vc_column][\/vc_row][\/vc_section]\n<\/div>","protected":false},"excerpt":{"rendered":"<p>[vc_section full_width=\u00a0\u00bbstretch_row\u00a0\u00bb full_height=\u00a0\u00bbyes\u00a0\u00bb content_placement=\u00a0\u00bbmiddle\u00a0\u00bb el_class=\u00a0\u00bbsection-header\u00a0\u00bb][vc_row full_width=\u00a0\u00bbstretch_row_content_no_spaces\u00a0\u00bb el_class=\u00a0\u00bbsection-video\u00a0\u00bb][vc_column][vc_raw_html]JTNDdmlkZW8lMjBpZCUzRCUyMnZpZGVvJTIyJTIwYXV0b3BsYXklMjBsb29wJTIwcGxheXNpbmxpbmUlMjBtdXRlZCUyMGNsYXNzJTNEJTIyZGVza3RvcC12aWRlbyUyMiUzRSUwQSUwOSUzQ3NvdXJjZSUyMGRhdGEtc3JjJTNEJTIyJTJGd3AtY29udGVudCUyRnVwbG9hZHMlMkZ2aWRlbyUyRndlYnNpdGUtdmlkZW8tbG93LTIubXA0JTIyJTIwdHlwZSUzRCUyMnZpZGVvJTJGbXA0JTIyJTIwc3JjJTNEJTIyJTJGd3AtY29udGVudCUyRnVwbG9hZHMlMkZ2aWRlbyUyRndlYnNpdGUtdmlkZW8tbG93LTIubXA0JTIyJTNFJTBBJTNDJTJGdmlkZW8lM0U=[\/vc_raw_html][\/vc_column][\/vc_row][vc_row disable_element=\u00a0\u00bbyes\u00a0\u00bb][vc_column][vc_column_text] R\u00e9sidences de luxe en location saisonni\u00e8re \u00e0 l\u2019\u00eele de St-Martin. un \u00e9tablissement 5 \u00e9toiles [\/vc_column_text][vc_raw_html]JTNDc3ZnJTIweG1sbnMlM0QlMjJodHRwJTNBJTJGJTJGd3d3LnczLm9yZyUyRjIwMDAlMkZzdmclMjIlMjB3aWR0aCUzRCUyMjU2JTIyJTIwaGVpZ2h0JTNEJTIyNTYlMjIlMjB2aWV3Qm94JTNEJTIyMCUyMDAlMjA1NiUyMDU2JTIyJTNFJTBBJTIwJTIwJTNDZyUyMGlkJTNEJTIyR3JvdXBfOSUyMiUyMGRhdGEtbmFtZSUzRCUyMkdyb3VwJTIwOSUyMiUyMHRyYW5zZm9ybSUzRCUyMnRyYW5zbGF0ZSUyOC05NyUyMC0zMjUlMjklMjIlM0UlMEElMjAlMjAlMjAlMjAlM0NnJTIwaWQlM0QlMjJSZWN0YW5nbGVfOSUyMiUyMGRhdGEtbmFtZSUzRCUyMlJlY3RhbmdsZSUyMDklMjIlMjB0cmFuc2Zvcm0lM0QlMjJ0cmFuc2xhdGUlMjg5NyUyMDMyNSUyOSUyMiUyMGZpbGwlM0QlMjJub25lJTIyJTIwc3Ryb2tlJTNEJTIyJTIzZmZmJTIyJTIwc3Ryb2tlLXdpZHRoJTNEJTIyMSUyMiUzRSUwQSUyMCUyMCUyMCUyMCUyMCUyMCUzQ3JlY3QlMjB3aWR0aCUzRCUyMjU2JTIyJTIwaGVpZ2h0JTNEJTIyNTYlMjIlMjBzdHJva2UlM0QlMjJub25lJTIyJTJGJTNFJTBBJTIwJTIwJTIwJTIwJTIwJTIwJTNDcmVjdCUyMHglM0QlMjIwLjUlMjIlMjB5JTNEJTIyMC41JTIyJTIwd2lkdGglM0QlMjI1NSUyMiUyMGhlaWdodCUzRCUyMjU1JTIyJTIwZmlsbCUzRCUyMm5vbmUlMjIlMkYlM0UlMEElMjAlMjAlMjAlMjAlM0MlMkZnJTNFJTBBJTIwJTIwJTIwJTIwJTNDZyUyMGlkJTNEJTIyR3JvdXBfOCUyMiUyMGRhdGEtbmFtZSUzRCUyMkdyb3VwJTIwOCUyMiUyMHRyYW5zZm9ybSUzRCUyMnRyYW5zbGF0ZSUyOC0xMDMuNSUyMDMuMjQ1JTI5JTIyJTNFJTBBJTIwJTIwJTIwJTIwJTIwJTIwJTNDcGF0aCUyMGlkJTNEJTIyUGF0aF80NyUyMiUyMGRhdGEtbmFtZSUzRCUyMlBhdGglMjA0NyUyMiUyMGQlM0QlMjJNMTg4Ny44NDEtMTkuMjQ1VjE0LjU3MiUyMiUyMHRyYW5zZm9ybSUzRCUyMnRyYW5zbGF0ZSUyOC0xNjU5LjM0MSUyMDM1MiUyOSUyMiUyMGZpbGwlM0QlMjJub25lJTIyJTIwc3Ryb2tlJTNEJTIyJTIzZmZmJTIyJTIwc3Ryb2tlLXdpZHRoJTNEJTIyMSUyMiUyRiUzRSUwQSUyMCUyMCUyMCUyMCUyMCUyMCUzQ3BhdGglMjBpZCUzRCUyMlBhdGhfNDglMjIlMjBkYXRhLW5hbWUlM0QlMjJQYXRoJTIwNDglMjIlMjBkJTNEJTIyTTE4NzUuMzE1JTJDNS4xMDlsMTIuMDYzJTJDMTEuNzg0JTJDMTIuMDYzLTExLjc4NCUyMiUyMHRyYW5zZm9ybSUzRCUyMnRyYW5zbGF0ZSUyOC0xNjU4LjgxNSUyMDM1MCUyOSUyMiUyMGZpbGwlM0QlMjJub25lJTIyJTIwc3Ryb2tlJTNEJTIyJTIzZmZmJTIyJTIwc3Ryb2tlLXdpZHRoJTNEJTIyMSUyMiUyRiUzRSUwQSUyMCUyMCUyMCUyMCUzQyUyRmclM0UlMEElMjAlMjAlM0MlMkZnJTNFJTBBJTNDJTJGc3ZnJTNFJTBB[\/vc_raw_html][\/vc_column][\/vc_row][vc_row el_class=\u00a0\u00bbtitle\u00a0\u00bb][vc_column][vc_column_text] R\u00e9sidences de luxe \u00e0 louer \u00e0 l\u2019\u00eele Saint-Martin. un \u00e9tablissement 5 \u00e9toiles [\/vc_column_text][\/vc_column][\/vc_row][\/vc_section][vc_row full_width=\u00a0\u00bbstretch_row_content\u00a0\u00bb disable_element=\u00a0\u00bbyes\u00a0\u00bb][vc_column css=\u00a0\u00bb.vc_custom_1742312930519{background-color: #c7b299 !important;}\u00a0\u00bb][vc_column_text] C\u00e9l\u00e9brez le temps des F\u00eates au paradis et \u00c9CONOMISEZ 30% (Valide sur les r\u00e9servations faites du 20 d\u00e9cembre &#8230;<\/p>\n","protected":false},"author":1,"featured_media":0,"parent":0,"menu_order":0,"comment_status":"closed","ping_status":"closed","template":"template-blank-1.php","meta":{"_monsterinsights_skip_tracking":false,"_monsterinsights_sitenote_active":false,"_monsterinsights_sitenote_note":"","_monsterinsights_sitenote_category":0,"footnotes":""},"class_list":["post-6","page","type-page","status-publish","hentry","no-post-thumbnail"],"yoast_head":"<!-- This site is optimized with the Yoast SEO plugin v27.3 - https:\/\/yoast.com\/product\/yoast-seo-wordpress\/ -->\n<title>Location saisonni\u00e8re \u00e0 l&#039;\u00eele Saint-Martin | Aura Anse-Marcel<\/title>\n<meta name=\"description\" content=\"Aura Anse-Marcel est un projet de r\u00e9sidences de luxe en location saisonni\u00e8re \u00e0 l\u2019\u00eele de Saint-Martin, dans les Cara\u00efbes.\" \/>\n<meta name=\"robots\" content=\"index, follow, max-snippet:-1, max-image-preview:large, max-video-preview:-1\" \/>\n<link rel=\"canonical\" href=\"https:\/\/aurasxm.com\/fr\/\" \/>\n<meta property=\"og:locale\" content=\"fr_FR\" \/>\n<meta property=\"og:type\" content=\"article\" \/>\n<meta property=\"og:title\" content=\"Location saisonni\u00e8re \u00e0 l&#039;\u00eele Saint-Martin | Aura Anse-Marcel\" \/>\n<meta property=\"og:description\" content=\"Aura Anse-Marcel est un projet de r\u00e9sidences de luxe en location saisonni\u00e8re \u00e0 l\u2019\u00eele de Saint-Martin, dans les Cara\u00efbes.\" \/>\n<meta property=\"og:url\" content=\"https:\/\/aurasxm.com\/fr\/\" \/>\n<meta property=\"og:site_name\" content=\"Aura Anse-Marcel\" \/>\n<meta property=\"article:publisher\" content=\"https:\/\/www.facebook.com\/profile.php?id=61553045861683\" \/>\n<meta property=\"article:modified_time\" content=\"2026-04-03T12:47:52+00:00\" \/>\n<meta property=\"og:image\" content=\"https:\/\/aurasxm.com\/wp-content\/uploads\/2024\/11\/14-11-2024-Aura_noWM-@phil.a.f.photo_SXM2024-042-12_57.jpg\" \/>\n\t<meta property=\"og:image:width\" content=\"2048\" \/>\n\t<meta property=\"og:image:height\" content=\"1364\" \/>\n\t<meta property=\"og:image:type\" content=\"image\/jpeg\" \/>\n<meta name=\"twitter:card\" content=\"summary_large_image\" \/>\n<meta name=\"twitter:label1\" content=\"Dur\u00e9e de lecture estim\u00e9e\" \/>\n\t<meta name=\"twitter:data1\" content=\"3 minutes\" \/>\n<script type=\"application\/ld+json\" class=\"yoast-schema-graph\">{\"@context\":\"https:\\\/\\\/schema.org\",\"@graph\":[{\"@type\":\"WebPage\",\"@id\":\"https:\\\/\\\/aurasxm.com\\\/fr\\\/\",\"url\":\"https:\\\/\\\/aurasxm.com\\\/fr\\\/\",\"name\":\"Location saisonni\u00e8re \u00e0 l'\u00eele Saint-Martin | Aura Anse-Marcel\",\"isPartOf\":{\"@id\":\"https:\\\/\\\/aurasxm.com\\\/#website\"},\"datePublished\":\"2022-10-04T12:05:45+00:00\",\"dateModified\":\"2026-04-03T12:47:52+00:00\",\"description\":\"Aura Anse-Marcel est un projet de r\u00e9sidences de luxe en location saisonni\u00e8re \u00e0 l\u2019\u00eele de Saint-Martin, dans les Cara\u00efbes.\",\"breadcrumb\":{\"@id\":\"https:\\\/\\\/aurasxm.com\\\/fr\\\/#breadcrumb\"},\"inLanguage\":\"fr-FR\",\"potentialAction\":[{\"@type\":\"ReadAction\",\"target\":[\"https:\\\/\\\/aurasxm.com\\\/fr\\\/\"]}]},{\"@type\":\"BreadcrumbList\",\"@id\":\"https:\\\/\\\/aurasxm.com\\\/fr\\\/#breadcrumb\",\"itemListElement\":[{\"@type\":\"ListItem\",\"position\":1,\"name\":\"Accueil\",\"item\":\"https:\\\/\\\/aurasxm.com\\\/fr\\\/\"},{\"@type\":\"ListItem\",\"position\":2,\"name\":\"Accueil\"}]},{\"@type\":\"WebSite\",\"@id\":\"https:\\\/\\\/aurasxm.com\\\/#website\",\"url\":\"https:\\\/\\\/aurasxm.com\\\/\",\"name\":\"Aura Anse-Marcel\",\"description\":\"Villas de luxe en location saisonni\u00e8re \u00e0 l&#039;\u00eele St-Martin\",\"publisher\":{\"@id\":\"https:\\\/\\\/aurasxm.com\\\/#organization\"},\"potentialAction\":[{\"@type\":\"SearchAction\",\"target\":{\"@type\":\"EntryPoint\",\"urlTemplate\":\"https:\\\/\\\/aurasxm.com\\\/?s={search_term_string}\"},\"query-input\":{\"@type\":\"PropertyValueSpecification\",\"valueRequired\":true,\"valueName\":\"search_term_string\"}}],\"inLanguage\":\"fr-FR\"},{\"@type\":\"Organization\",\"@id\":\"https:\\\/\\\/aurasxm.com\\\/#organization\",\"name\":\"Aura Anse-Marcel\",\"url\":\"https:\\\/\\\/aurasxm.com\\\/\",\"logo\":{\"@type\":\"ImageObject\",\"inLanguage\":\"fr-FR\",\"@id\":\"https:\\\/\\\/aurasxm.com\\\/#\\\/schema\\\/logo\\\/image\\\/\",\"url\":\"https:\\\/\\\/aurasxm.com\\\/wp-content\\\/uploads\\\/2024\\\/03\\\/logo-gold.png\",\"contentUrl\":\"https:\\\/\\\/aurasxm.com\\\/wp-content\\\/uploads\\\/2024\\\/03\\\/logo-gold.png\",\"width\":328,\"height\":136,\"caption\":\"Aura Anse-Marcel\"},\"image\":{\"@id\":\"https:\\\/\\\/aurasxm.com\\\/#\\\/schema\\\/logo\\\/image\\\/\"},\"sameAs\":[\"https:\\\/\\\/www.facebook.com\\\/profile.php?id=61553045861683\",\"https:\\\/\\\/www.instagram.com\\\/auraansemarcel\\\/\"]}]}<\/script>\n<!-- \/ Yoast SEO plugin. -->","yoast_head_json":{"title":"Location saisonni\u00e8re \u00e0 l'\u00eele Saint-Martin | Aura Anse-Marcel","description":"Aura Anse-Marcel est un projet de r\u00e9sidences de luxe en location saisonni\u00e8re \u00e0 l\u2019\u00eele de Saint-Martin, dans les Cara\u00efbes.","robots":{"index":"index","follow":"follow","max-snippet":"max-snippet:-1","max-image-preview":"max-image-preview:large","max-video-preview":"max-video-preview:-1"},"canonical":"https:\/\/aurasxm.com\/fr\/","og_locale":"fr_FR","og_type":"article","og_title":"Location saisonni\u00e8re \u00e0 l'\u00eele Saint-Martin | Aura Anse-Marcel","og_description":"Aura Anse-Marcel est un projet de r\u00e9sidences de luxe en location saisonni\u00e8re \u00e0 l\u2019\u00eele de Saint-Martin, dans les Cara\u00efbes.","og_url":"https:\/\/aurasxm.com\/fr\/","og_site_name":"Aura Anse-Marcel","article_publisher":"https:\/\/www.facebook.com\/profile.php?id=61553045861683","article_modified_time":"2026-04-03T12:47:52+00:00","og_image":[{"width":2048,"height":1364,"url":"https:\/\/aurasxm.com\/wp-content\/uploads\/2024\/11\/14-11-2024-Aura_noWM-@phil.a.f.photo_SXM2024-042-12_57.jpg","type":"image\/jpeg"}],"twitter_card":"summary_large_image","twitter_misc":{"Dur\u00e9e de lecture estim\u00e9e":"3 minutes"},"schema":{"@context":"https:\/\/schema.org","@graph":[{"@type":"WebPage","@id":"https:\/\/aurasxm.com\/fr\/","url":"https:\/\/aurasxm.com\/fr\/","name":"Location saisonni\u00e8re \u00e0 l'\u00eele Saint-Martin | Aura Anse-Marcel","isPartOf":{"@id":"https:\/\/aurasxm.com\/#website"},"datePublished":"2022-10-04T12:05:45+00:00","dateModified":"2026-04-03T12:47:52+00:00","description":"Aura Anse-Marcel est un projet de r\u00e9sidences de luxe en location saisonni\u00e8re \u00e0 l\u2019\u00eele de Saint-Martin, dans les Cara\u00efbes.","breadcrumb":{"@id":"https:\/\/aurasxm.com\/fr\/#breadcrumb"},"inLanguage":"fr-FR","potentialAction":[{"@type":"ReadAction","target":["https:\/\/aurasxm.com\/fr\/"]}]},{"@type":"BreadcrumbList","@id":"https:\/\/aurasxm.com\/fr\/#breadcrumb","itemListElement":[{"@type":"ListItem","position":1,"name":"Accueil","item":"https:\/\/aurasxm.com\/fr\/"},{"@type":"ListItem","position":2,"name":"Accueil"}]},{"@type":"WebSite","@id":"https:\/\/aurasxm.com\/#website","url":"https:\/\/aurasxm.com\/","name":"Aura Anse-Marcel","description":"Villas de luxe en location saisonni\u00e8re \u00e0 l&#039;\u00eele St-Martin","publisher":{"@id":"https:\/\/aurasxm.com\/#organization"},"potentialAction":[{"@type":"SearchAction","target":{"@type":"EntryPoint","urlTemplate":"https:\/\/aurasxm.com\/?s={search_term_string}"},"query-input":{"@type":"PropertyValueSpecification","valueRequired":true,"valueName":"search_term_string"}}],"inLanguage":"fr-FR"},{"@type":"Organization","@id":"https:\/\/aurasxm.com\/#organization","name":"Aura Anse-Marcel","url":"https:\/\/aurasxm.com\/","logo":{"@type":"ImageObject","inLanguage":"fr-FR","@id":"https:\/\/aurasxm.com\/#\/schema\/logo\/image\/","url":"https:\/\/aurasxm.com\/wp-content\/uploads\/2024\/03\/logo-gold.png","contentUrl":"https:\/\/aurasxm.com\/wp-content\/uploads\/2024\/03\/logo-gold.png","width":328,"height":136,"caption":"Aura Anse-Marcel"},"image":{"@id":"https:\/\/aurasxm.com\/#\/schema\/logo\/image\/"},"sameAs":["https:\/\/www.facebook.com\/profile.php?id=61553045861683","https:\/\/www.instagram.com\/auraansemarcel\/"]}]}},"_links":{"self":[{"href":"https:\/\/aurasxm.com\/fr\/wp-json\/wp\/v2\/pages\/6","targetHints":{"allow":["GET"]}}],"collection":[{"href":"https:\/\/aurasxm.com\/fr\/wp-json\/wp\/v2\/pages"}],"about":[{"href":"https:\/\/aurasxm.com\/fr\/wp-json\/wp\/v2\/types\/page"}],"author":[{"embeddable":true,"href":"https:\/\/aurasxm.com\/fr\/wp-json\/wp\/v2\/users\/1"}],"replies":[{"embeddable":true,"href":"https:\/\/aurasxm.com\/fr\/wp-json\/wp\/v2\/comments?post=6"}],"version-history":[{"count":15,"href":"https:\/\/aurasxm.com\/fr\/wp-json\/wp\/v2\/pages\/6\/revisions"}],"predecessor-version":[{"id":2894,"href":"https:\/\/aurasxm.com\/fr\/wp-json\/wp\/v2\/pages\/6\/revisions\/2894"}],"wp:attachment":[{"href":"https:\/\/aurasxm.com\/fr\/wp-json\/wp\/v2\/media?parent=6"}],"curies":[{"name":"wp","href":"https:\/\/api.w.org\/{rel}","templated":true}]}}