{"id":355,"date":"2023-12-12T09:22:16","date_gmt":"2023-12-12T14:22:16","guid":{"rendered":"https:\/\/aurasxm.com\/?page_id=355"},"modified":"2024-07-16T10:49:37","modified_gmt":"2024-07-16T14:49:37","slug":"activites-a-faire-ile-saint-martin","status":"publish","type":"page","link":"https:\/\/aurasxm.com\/fr\/activites-a-faire-ile-saint-martin\/","title":{"rendered":"Activit\u00e9s \u00e0 faire sur l&rsquo;\u00eele Saint-Martin"},"content":{"rendered":"<div class=\"wpb-content-wrapper\">[vc_section full_width=\u00a0\u00bbstretch_row\u00a0\u00bb el_class=\u00a0\u00bbsection-header\u00a0\u00bb][vc_row][vc_column width=\u00a0\u00bb5\/12&Prime;][vc_column_text]\n<h3>QUOI FAIRE, O\u00f9 MANGER<\/h3>\n<h1>Un \u00e9ventail infini d\u2019activit\u00e9s pour votre voyage<\/h1>\n[\/vc_column_text][vc_single_image image=\u00a0\u00bb358&Prime; img_size=\u00a0\u00bbfull\u00a0\u00bb alignment=\u00a0\u00bbright\u00a0\u00bb][\/vc_column][vc_column width=\u00a0\u00bb7\/12&Prime;][vc_column_text]Que vous soyez \u00e0 la recherche d\u2019une plage tranquille ou d\u2019aventures et d\u2019explorations, la baie de Anse Marcel est l&rsquo;endroit id\u00e9al pour toutes vos activit\u00e9s sur l&rsquo;\u00eele de Saint-Martin. Passez vos journ\u00e9es \u00e0 vous pr\u00e9lasser sur la plage de sable immacul\u00e9, \u00e0 profiter du soleil des Cara\u00efbes ou aventurez-vous sur les \u00eeles voisines de Saint-Barth\u00e9lemy et d\u2019Anguilla pour d\u00e9couvrir leurs cultures et leurs paysages uniques.[\/vc_column_text][vc_column_text]Activit\u00e9s \u00e0 faire sur l&rsquo;\u00eele Saint-Martin :<\/p>\n<ul>\n<li>Tennis &amp; Pickelball<\/li>\n<li>Parc de la nature<\/li>\n<li>Excursion en bateau<\/li>\n<li>Catamaran<\/li>\n<li>Plong\u00e9e sous marine<\/li>\n<li>Golf<\/li>\n<li>Plong\u00e9e en apn\u00e9e<\/li>\n<li>Paddle board<\/li>\n<\/ul>\n<ul>\n<li>Hiking<\/li>\n<li>Boutiques<\/li>\n<li>Restaurants<\/li>\n<li>Beach bars<\/li>\n<li>Zipline<\/li>\n<li>Plages<\/li>\n<li>Secret Resort tout inclus<\/li>\n<li>Et bien plus!<\/li>\n<\/ul>\n[\/vc_column_text][\/vc_column][\/vc_row][\/vc_section][vc_section full_width=\u00a0\u00bbstretch_row\u00a0\u00bb el_class=\u00a0\u00bbsection-partenaires\u00a0\u00bb][vc_row][vc_column][vc_column_text]\n<h2 style=\"text-align: center;\">Les activit\u00e9s \u00e0 faire sur<br \/>\nl&rsquo;\u00eele Saint-Martin<\/h2>\n<p style=\"text-align: center;\">Vivez l&rsquo;ultime aventure insulaire pendant vos vacances! Nous serons votre boussole de confiance, vous orientant vers les endroits les plus exceptionnels avec un <a href=\"https:\/\/aurasxm.com\/service-de-conciergerie\/\">service de premier ordre<\/a>. Nos partenariats exclusifs avec des entreprises locales vous garantissent un traitement luxueux et des moments inoubliables dans les Cara\u00efbes.<\/p>\n[\/vc_column_text][\/vc_column][\/vc_row][vc_row el_class=\u00a0\u00bbsingle-category\u00a0\u00bb][vc_column][vc_row_inner][vc_column_inner width=\u00a0\u00bb1\/3&Prime;][vc_single_image image=\u00a0\u00bb1170&Prime; img_size=\u00a0\u00bbfull\u00a0\u00bb][vc_column_text]\n<h2 style=\"text-align: center;\"><a href=\"https:\/\/aurayachtcharter.com\/\" target=\"_blank\" rel=\"noopener\">Excursion en bateau<\/a><\/h2>\n<p style=\"text-align: center;\">St Barth, Anguilla et St-Martin<\/p>\n[\/vc_column_text][\/vc_column_inner][vc_column_inner width=\u00a0\u00bb1\/3&Prime;][vc_single_image image=\u00a0\u00bb403&Prime; img_size=\u00a0\u00bbfull\u00a0\u00bb][vc_column_text]\n<h2 style=\"text-align: center;\"><a href=\"https:\/\/www.auroraanguilla.com\/golf\/overview\" target=\"_blank\" rel=\"noopener\">Golf Aurora Anguilla<\/a><\/h2>\n<p style=\"text-align: center;\">Club de Golf<\/p>\n[\/vc_column_text][\/vc_column_inner][vc_column_inner width=\u00a0\u00bb1\/3&Prime;][vc_single_image image=\u00a0\u00bb363&Prime; img_size=\u00a0\u00bbfull\u00a0\u00bb][vc_column_text]\n<h2 style=\"text-align: center;\">Plong\u00e9e en apn\u00e9e<\/h2>\n<p style=\"text-align: center;\">Le paradis sous-marin de Saint-Martin<\/p>\n[\/vc_column_text][\/vc_column_inner][\/vc_row_inner][\/vc_column][\/vc_row][\/vc_section][vc_section full_width=\u00a0\u00bbstretch_row\u00a0\u00bb content_placement=\u00a0\u00bbmiddle\u00a0\u00bb el_class=\u00a0\u00bbsection-footer\u00a0\u00bb][vc_row][vc_column][vc_column_text]\n<h2 style=\"text-align: center;\">Notre concierge se fera un plaisir de vous guider et de planifier toutes vos activit\u00e9s sur l&rsquo;\u00eele.<\/h2>\n[\/vc_column_text][vc_btn title=\u00a0\u00bbService de conciergerie\u00a0\u00bb align=\u00a0\u00bbcenter\u00a0\u00bb link=\u00a0\u00bburl:%2Fservice-de-conciergerie%2F|title:Service%20de%20conciergerie\u00a0\u00bb el_class=\u00a0\u00bbcustom-btn-full\u00a0\u00bb][\/vc_column][\/vc_row][\/vc_section]\n<\/div>","protected":false},"excerpt":{"rendered":"<p>[vc_section full_width=\u00a0\u00bbstretch_row\u00a0\u00bb el_class=\u00a0\u00bbsection-header\u00a0\u00bb][vc_row][vc_column width=\u00a0\u00bb5\/12&Prime;][vc_column_text] QUOI FAIRE, O\u00f9 MANGER Un \u00e9ventail infini d\u2019activit\u00e9s pour votre voyage [\/vc_column_text][vc_single_image image=\u00a0\u00bb358&Prime; img_size=\u00a0\u00bbfull\u00a0\u00bb alignment=\u00a0\u00bbright\u00a0\u00bb][\/vc_column][vc_column width=\u00a0\u00bb7\/12&Prime;][vc_column_text]Que vous soyez \u00e0 la recherche d\u2019une plage tranquille ou d\u2019aventures et d\u2019explorations, la baie de Anse Marcel est l&rsquo;endroit id\u00e9al pour toutes vos activit\u00e9s sur l&rsquo;\u00eele de Saint-Martin. Passez vos journ\u00e9es \u00e0 vous pr\u00e9lasser sur la plage de sable immacul\u00e9, &#8230;<\/p>\n","protected":false},"author":1,"featured_media":0,"parent":0,"menu_order":0,"comment_status":"closed","ping_status":"closed","template":"template-blank-1.php","meta":{"_monsterinsights_skip_tracking":false,"_monsterinsights_sitenote_active":false,"_monsterinsights_sitenote_note":"","_monsterinsights_sitenote_category":0,"footnotes":""},"class_list":["post-355","page","type-page","status-publish","hentry","no-post-thumbnail"],"yoast_head":"<!-- This site is optimized with the Yoast SEO plugin v27.3 - https:\/\/yoast.com\/product\/yoast-seo-wordpress\/ -->\n<title>Activit\u00e9s \u00e0 faire sur l&#039;\u00eele Saint-Martin | Aura Anse-Marcel<\/title>\n<meta name=\"description\" content=\"Activit\u00e9s \u00e0 faire sur l&#039;\u00eele Saint-Martin et la baie Anse-Marcel : tennis, pickelball, excursion en bateau, catamaran, plong\u00e9e sous marine, balade \u00e0 cheval, golf et plus encore.\" \/>\n<meta name=\"robots\" content=\"index, follow, max-snippet:-1, max-image-preview:large, max-video-preview:-1\" \/>\n<link rel=\"canonical\" href=\"https:\/\/aurasxm.com\/activites-a-faire-ile-saint-martin\/\" \/>\n<meta property=\"og:locale\" content=\"fr_FR\" \/>\n<meta property=\"og:type\" content=\"article\" \/>\n<meta property=\"og:title\" content=\"Activit\u00e9s \u00e0 faire sur l&#039;\u00eele Saint-Martin | Aura Anse-Marcel\" \/>\n<meta property=\"og:description\" content=\"Activit\u00e9s \u00e0 faire sur l&#039;\u00eele Saint-Martin et la baie Anse-Marcel : tennis, pickelball, excursion en bateau, catamaran, plong\u00e9e sous marine, balade \u00e0 cheval, golf et plus encore.\" \/>\n<meta property=\"og:url\" content=\"https:\/\/aurasxm.com\/activites-a-faire-ile-saint-martin\/\" \/>\n<meta property=\"og:site_name\" content=\"Aura Anse-Marcel\" \/>\n<meta property=\"article:publisher\" content=\"https:\/\/www.facebook.com\/profile.php?id=61553045861683\" \/>\n<meta property=\"article:modified_time\" content=\"2024-07-16T14:49:37+00:00\" \/>\n<meta property=\"og:image\" content=\"https:\/\/aurasxm.com\/wp-content\/uploads\/2024\/11\/14-11-2024-Aura_noWM-@phil.a.f.photo_SXM2024-042-12_57.jpg\" \/>\n\t<meta property=\"og:image:width\" content=\"2048\" \/>\n\t<meta property=\"og:image:height\" content=\"1364\" \/>\n\t<meta property=\"og:image:type\" content=\"image\/jpeg\" \/>\n<meta name=\"twitter:card\" content=\"summary_large_image\" \/>\n<meta name=\"twitter:label1\" content=\"Dur\u00e9e de lecture estim\u00e9e\" \/>\n\t<meta name=\"twitter:data1\" content=\"3 minutes\" \/>\n<script type=\"application\/ld+json\" class=\"yoast-schema-graph\">{\"@context\":\"https:\\\/\\\/schema.org\",\"@graph\":[{\"@type\":\"WebPage\",\"@id\":\"https:\\\/\\\/aurasxm.com\\\/activites-a-faire-ile-saint-martin\\\/\",\"url\":\"https:\\\/\\\/aurasxm.com\\\/activites-a-faire-ile-saint-martin\\\/\",\"name\":\"Activit\u00e9s \u00e0 faire sur l'\u00eele Saint-Martin | Aura Anse-Marcel\",\"isPartOf\":{\"@id\":\"https:\\\/\\\/aurasxm.com\\\/#website\"},\"datePublished\":\"2023-12-12T14:22:16+00:00\",\"dateModified\":\"2024-07-16T14:49:37+00:00\",\"description\":\"Activit\u00e9s \u00e0 faire sur l'\u00eele Saint-Martin et la baie Anse-Marcel : tennis, pickelball, excursion en bateau, catamaran, plong\u00e9e sous marine, balade \u00e0 cheval, golf et plus encore.\",\"breadcrumb\":{\"@id\":\"https:\\\/\\\/aurasxm.com\\\/activites-a-faire-ile-saint-martin\\\/#breadcrumb\"},\"inLanguage\":\"fr-FR\",\"potentialAction\":[{\"@type\":\"ReadAction\",\"target\":[\"https:\\\/\\\/aurasxm.com\\\/activites-a-faire-ile-saint-martin\\\/\"]}]},{\"@type\":\"BreadcrumbList\",\"@id\":\"https:\\\/\\\/aurasxm.com\\\/activites-a-faire-ile-saint-martin\\\/#breadcrumb\",\"itemListElement\":[{\"@type\":\"ListItem\",\"position\":1,\"name\":\"Accueil\",\"item\":\"https:\\\/\\\/aurasxm.com\\\/fr\\\/\"},{\"@type\":\"ListItem\",\"position\":2,\"name\":\"Activit\u00e9s \u00e0 faire sur l&#8217;\u00eele Saint-Martin\"}]},{\"@type\":\"WebSite\",\"@id\":\"https:\\\/\\\/aurasxm.com\\\/#website\",\"url\":\"https:\\\/\\\/aurasxm.com\\\/\",\"name\":\"Aura Anse-Marcel\",\"description\":\"Villas de luxe en location saisonni\u00e8re \u00e0 l&#039;\u00eele St-Martin\",\"publisher\":{\"@id\":\"https:\\\/\\\/aurasxm.com\\\/#organization\"},\"potentialAction\":[{\"@type\":\"SearchAction\",\"target\":{\"@type\":\"EntryPoint\",\"urlTemplate\":\"https:\\\/\\\/aurasxm.com\\\/?s={search_term_string}\"},\"query-input\":{\"@type\":\"PropertyValueSpecification\",\"valueRequired\":true,\"valueName\":\"search_term_string\"}}],\"inLanguage\":\"fr-FR\"},{\"@type\":\"Organization\",\"@id\":\"https:\\\/\\\/aurasxm.com\\\/#organization\",\"name\":\"Aura Anse-Marcel\",\"url\":\"https:\\\/\\\/aurasxm.com\\\/\",\"logo\":{\"@type\":\"ImageObject\",\"inLanguage\":\"fr-FR\",\"@id\":\"https:\\\/\\\/aurasxm.com\\\/#\\\/schema\\\/logo\\\/image\\\/\",\"url\":\"https:\\\/\\\/aurasxm.com\\\/wp-content\\\/uploads\\\/2024\\\/03\\\/logo-gold.png\",\"contentUrl\":\"https:\\\/\\\/aurasxm.com\\\/wp-content\\\/uploads\\\/2024\\\/03\\\/logo-gold.png\",\"width\":328,\"height\":136,\"caption\":\"Aura Anse-Marcel\"},\"image\":{\"@id\":\"https:\\\/\\\/aurasxm.com\\\/#\\\/schema\\\/logo\\\/image\\\/\"},\"sameAs\":[\"https:\\\/\\\/www.facebook.com\\\/profile.php?id=61553045861683\",\"https:\\\/\\\/www.instagram.com\\\/auraansemarcel\\\/\"]}]}<\/script>\n<!-- \/ Yoast SEO plugin. -->","yoast_head_json":{"title":"Activit\u00e9s \u00e0 faire sur l'\u00eele Saint-Martin | Aura Anse-Marcel","description":"Activit\u00e9s \u00e0 faire sur l'\u00eele Saint-Martin et la baie Anse-Marcel : tennis, pickelball, excursion en bateau, catamaran, plong\u00e9e sous marine, balade \u00e0 cheval, golf et plus encore.","robots":{"index":"index","follow":"follow","max-snippet":"max-snippet:-1","max-image-preview":"max-image-preview:large","max-video-preview":"max-video-preview:-1"},"canonical":"https:\/\/aurasxm.com\/activites-a-faire-ile-saint-martin\/","og_locale":"fr_FR","og_type":"article","og_title":"Activit\u00e9s \u00e0 faire sur l'\u00eele Saint-Martin | Aura Anse-Marcel","og_description":"Activit\u00e9s \u00e0 faire sur l'\u00eele Saint-Martin et la baie Anse-Marcel : tennis, pickelball, excursion en bateau, catamaran, plong\u00e9e sous marine, balade \u00e0 cheval, golf et plus encore.","og_url":"https:\/\/aurasxm.com\/activites-a-faire-ile-saint-martin\/","og_site_name":"Aura Anse-Marcel","article_publisher":"https:\/\/www.facebook.com\/profile.php?id=61553045861683","article_modified_time":"2024-07-16T14:49:37+00:00","og_image":[{"width":2048,"height":1364,"url":"https:\/\/aurasxm.com\/wp-content\/uploads\/2024\/11\/14-11-2024-Aura_noWM-@phil.a.f.photo_SXM2024-042-12_57.jpg","type":"image\/jpeg"}],"twitter_card":"summary_large_image","twitter_misc":{"Dur\u00e9e de lecture estim\u00e9e":"3 minutes"},"schema":{"@context":"https:\/\/schema.org","@graph":[{"@type":"WebPage","@id":"https:\/\/aurasxm.com\/activites-a-faire-ile-saint-martin\/","url":"https:\/\/aurasxm.com\/activites-a-faire-ile-saint-martin\/","name":"Activit\u00e9s \u00e0 faire sur l'\u00eele Saint-Martin | Aura Anse-Marcel","isPartOf":{"@id":"https:\/\/aurasxm.com\/#website"},"datePublished":"2023-12-12T14:22:16+00:00","dateModified":"2024-07-16T14:49:37+00:00","description":"Activit\u00e9s \u00e0 faire sur l'\u00eele Saint-Martin et la baie Anse-Marcel : tennis, pickelball, excursion en bateau, catamaran, plong\u00e9e sous marine, balade \u00e0 cheval, golf et plus encore.","breadcrumb":{"@id":"https:\/\/aurasxm.com\/activites-a-faire-ile-saint-martin\/#breadcrumb"},"inLanguage":"fr-FR","potentialAction":[{"@type":"ReadAction","target":["https:\/\/aurasxm.com\/activites-a-faire-ile-saint-martin\/"]}]},{"@type":"BreadcrumbList","@id":"https:\/\/aurasxm.com\/activites-a-faire-ile-saint-martin\/#breadcrumb","itemListElement":[{"@type":"ListItem","position":1,"name":"Accueil","item":"https:\/\/aurasxm.com\/fr\/"},{"@type":"ListItem","position":2,"name":"Activit\u00e9s \u00e0 faire sur l&#8217;\u00eele Saint-Martin"}]},{"@type":"WebSite","@id":"https:\/\/aurasxm.com\/#website","url":"https:\/\/aurasxm.com\/","name":"Aura Anse-Marcel","description":"Villas de luxe en location saisonni\u00e8re \u00e0 l&#039;\u00eele St-Martin","publisher":{"@id":"https:\/\/aurasxm.com\/#organization"},"potentialAction":[{"@type":"SearchAction","target":{"@type":"EntryPoint","urlTemplate":"https:\/\/aurasxm.com\/?s={search_term_string}"},"query-input":{"@type":"PropertyValueSpecification","valueRequired":true,"valueName":"search_term_string"}}],"inLanguage":"fr-FR"},{"@type":"Organization","@id":"https:\/\/aurasxm.com\/#organization","name":"Aura Anse-Marcel","url":"https:\/\/aurasxm.com\/","logo":{"@type":"ImageObject","inLanguage":"fr-FR","@id":"https:\/\/aurasxm.com\/#\/schema\/logo\/image\/","url":"https:\/\/aurasxm.com\/wp-content\/uploads\/2024\/03\/logo-gold.png","contentUrl":"https:\/\/aurasxm.com\/wp-content\/uploads\/2024\/03\/logo-gold.png","width":328,"height":136,"caption":"Aura Anse-Marcel"},"image":{"@id":"https:\/\/aurasxm.com\/#\/schema\/logo\/image\/"},"sameAs":["https:\/\/www.facebook.com\/profile.php?id=61553045861683","https:\/\/www.instagram.com\/auraansemarcel\/"]}]}},"_links":{"self":[{"href":"https:\/\/aurasxm.com\/fr\/wp-json\/wp\/v2\/pages\/355","targetHints":{"allow":["GET"]}}],"collection":[{"href":"https:\/\/aurasxm.com\/fr\/wp-json\/wp\/v2\/pages"}],"about":[{"href":"https:\/\/aurasxm.com\/fr\/wp-json\/wp\/v2\/types\/page"}],"author":[{"embeddable":true,"href":"https:\/\/aurasxm.com\/fr\/wp-json\/wp\/v2\/users\/1"}],"replies":[{"embeddable":true,"href":"https:\/\/aurasxm.com\/fr\/wp-json\/wp\/v2\/comments?post=355"}],"version-history":[{"count":0,"href":"https:\/\/aurasxm.com\/fr\/wp-json\/wp\/v2\/pages\/355\/revisions"}],"wp:attachment":[{"href":"https:\/\/aurasxm.com\/fr\/wp-json\/wp\/v2\/media?parent=355"}],"curies":[{"name":"wp","href":"https:\/\/api.w.org\/{rel}","templated":true}]}}