{"id":3087,"date":"2026-04-15T11:18:35","date_gmt":"2026-04-15T15:18:35","guid":{"rendered":"https:\/\/aurasxm.com\/?page_id=3087"},"modified":"2026-04-15T11:20:55","modified_gmt":"2026-04-15T15:20:55","slug":"accueil-a-laeroport","status":"publish","type":"page","link":"https:\/\/aurasxm.com\/fr\/accueil-a-laeroport\/","title":{"rendered":"Accueil \u00e0 l&rsquo;a\u00e9roport"},"content":{"rendered":"\t\t<div data-elementor-type=\"wp-page\" data-elementor-id=\"3087\" class=\"elementor elementor-3087 elementor-3055\" data-elementor-post-type=\"page\">\n\t\t\t\t<div class=\"elementor-element elementor-element-22cd9df e-flex e-con-boxed e-con e-parent\" data-id=\"22cd9df\" data-element_type=\"container\" data-e-type=\"container\" data-settings=\"{&quot;background_background&quot;:&quot;classic&quot;}\">\n\t\t\t\t\t<div class=\"e-con-inner\">\n\t\t<div class=\"elementor-element elementor-element-6df9eeb e-con-full e-flex e-con e-child\" data-id=\"6df9eeb\" data-element_type=\"container\" data-e-type=\"container\">\n\t\t\t\t<div class=\"elementor-element elementor-element-02cbd10 elementor-widget__width-initial animated-slow elementor-invisible elementor-widget elementor-widget-heading\" data-id=\"02cbd10\" data-element_type=\"widget\" data-e-type=\"widget\" data-settings=\"{&quot;_animation&quot;:&quot;fadeIn&quot;}\" data-widget_type=\"heading.default\">\n\t\t\t\t\t<h1 class=\"elementor-heading-title elementor-size-default\">Service VIP \u00e0 l'a\u00e9roport<br>&amp; Accueil<br><\/h1>\t\t\t\t<\/div>\n\t\t<div class=\"elementor-element elementor-element-ab5eab8 e-con-full e-flex e-con e-child\" data-id=\"ab5eab8\" data-element_type=\"container\" data-e-type=\"container\">\n\t\t\t\t<div class=\"elementor-element elementor-element-d3cf941 elementor-widget__width-initial elementor-widget-divider--view-line elementor-widget elementor-widget-divider\" data-id=\"d3cf941\" data-element_type=\"widget\" data-e-type=\"widget\" data-widget_type=\"divider.default\">\n\t\t\t\t\t\t\t<div class=\"elementor-divider\">\n\t\t\t<span class=\"elementor-divider-separator\">\n\t\t\t\t\t\t<\/span>\n\t\t<\/div>\n\t\t\t\t\t\t<\/div>\n\t\t\t\t<div class=\"elementor-element elementor-element-7d2a9e2 elementor-widget elementor-widget-text-editor\" data-id=\"7d2a9e2\" data-element_type=\"widget\" data-e-type=\"widget\" data-widget_type=\"text-editor.default\">\n\t\t\t\t\t\t\t\t\t<p><strong><span style=\"color: #c7b299;\">Votre arriv\u00e9e \u00e0 Saint-Martin,<br \/>prise en charge avec soin,<br \/><\/span><\/strong><strong><span style=\"color: #c7b299;\"> avant m\u00eame que vous n&rsquo;atteigniez<br \/>le terminal.<\/span><\/strong><\/p>\t\t\t\t\t\t\t\t<\/div>\n\t\t\t\t<\/div>\n\t\t\t\t<div class=\"elementor-element elementor-element-b757abb elementor-widget elementor-widget-image\" data-id=\"b757abb\" data-element_type=\"widget\" data-e-type=\"widget\" data-widget_type=\"image.default\">\n\t\t\t\t\t\t\t\t\t\t\t\t\t\t\t<img fetchpriority=\"high\" decoding=\"async\" width=\"2880\" height=\"1920\" src=\"https:\/\/aurasxm.com\/wp-content\/uploads\/2024\/07\/navette-aura-anse-marcel.jpg\" class=\"attachment-full size-full wp-image-1153\" alt=\"\" \/>\t\t\t\t\t\t\t\t\t\t\t\t\t\t\t<\/div>\n\t\t\t\t<\/div>\n\t\t<div class=\"elementor-element elementor-element-e9c6b79 e-con-full e-flex e-con e-child\" data-id=\"e9c6b79\" data-element_type=\"container\" data-e-type=\"container\">\n\t\t\t\t<div class=\"elementor-element elementor-element-c7d7171 elementor-widget elementor-widget-image\" data-id=\"c7d7171\" data-element_type=\"widget\" data-e-type=\"widget\" data-widget_type=\"image.default\">\n\t\t\t\t\t\t\t\t\t\t\t\t\t\t\t<img decoding=\"async\" width=\"588\" height=\"408\" src=\"https:\/\/aurasxm.com\/wp-content\/uploads\/2026\/04\/2020-11-05.png\" class=\"attachment-full size-full wp-image-3065\" alt=\"\" srcset=\"https:\/\/aurasxm.com\/wp-content\/uploads\/2026\/04\/2020-11-05.png 588w, https:\/\/aurasxm.com\/wp-content\/uploads\/2026\/04\/2020-11-05-300x208.png 300w, https:\/\/aurasxm.com\/wp-content\/uploads\/2026\/04\/2020-11-05-100x69.png 100w\" sizes=\"(max-width: 588px) 100vw, 588px\" \/>\t\t\t\t\t\t\t\t\t\t\t\t\t\t\t<\/div>\n\t\t\t\t<div class=\"elementor-element elementor-element-ea643f8 elementor-widget elementor-widget-image\" data-id=\"ea643f8\" data-element_type=\"widget\" data-e-type=\"widget\" data-settings=\"{&quot;motion_fx_motion_fx_scrolling&quot;:&quot;yes&quot;,&quot;motion_fx_translateX_effect&quot;:&quot;yes&quot;,&quot;motion_fx_devices&quot;:[&quot;desktop&quot;],&quot;motion_fx_translateX_speed&quot;:{&quot;unit&quot;:&quot;px&quot;,&quot;size&quot;:4,&quot;sizes&quot;:[]},&quot;motion_fx_translateX_affectedRange&quot;:{&quot;unit&quot;:&quot;%&quot;,&quot;size&quot;:&quot;&quot;,&quot;sizes&quot;:{&quot;start&quot;:0,&quot;end&quot;:100}}}\" data-widget_type=\"image.default\">\n\t\t\t\t\t\t\t\t\t\t\t\t\t\t\t<img decoding=\"async\" width=\"673\" height=\"178\" src=\"https:\/\/aurasxm.com\/wp-content\/uploads\/2026\/04\/aura-gris.png\" class=\"attachment-full size-full wp-image-2935\" alt=\"\" srcset=\"https:\/\/aurasxm.com\/wp-content\/uploads\/2026\/04\/aura-gris.png 673w, https:\/\/aurasxm.com\/wp-content\/uploads\/2026\/04\/aura-gris-300x79.png 300w, https:\/\/aurasxm.com\/wp-content\/uploads\/2026\/04\/aura-gris-100x26.png 100w\" sizes=\"(max-width: 673px) 100vw, 673px\" \/>\t\t\t\t\t\t\t\t\t\t\t\t\t\t\t<\/div>\n\t\t\t\t<\/div>\n\t\t\t\t\t<\/div>\n\t\t\t\t<\/div>\n\t\t<div class=\"elementor-element elementor-element-d24aa6b e-flex e-con-boxed e-con e-parent\" data-id=\"d24aa6b\" data-element_type=\"container\" data-e-type=\"container\" data-settings=\"{&quot;background_background&quot;:&quot;classic&quot;}\">\n\t\t\t\t\t<div class=\"e-con-inner\">\n\t\t<div class=\"elementor-element elementor-element-4e77740 e-con-full e-flex e-con e-child\" data-id=\"4e77740\" data-element_type=\"container\" data-e-type=\"container\">\n\t\t\t\t<div class=\"elementor-element elementor-element-d0320ea elementor-widget elementor-widget-image\" data-id=\"d0320ea\" data-element_type=\"widget\" data-e-type=\"widget\" data-widget_type=\"image.default\">\n\t\t\t\t\t\t\t\t\t\t\t\t\t\t\t<img loading=\"lazy\" decoding=\"async\" width=\"66\" height=\"127\" src=\"https:\/\/aurasxm.com\/wp-content\/uploads\/2026\/04\/feuille-auralogo.png\" class=\"attachment-full size-full wp-image-3029\" alt=\"\" \/>\t\t\t\t\t\t\t\t\t\t\t\t\t\t\t<\/div>\n\t\t\t\t<div class=\"elementor-element elementor-element-0ee32ca elementor-widget-divider--view-line elementor-widget elementor-widget-divider\" data-id=\"0ee32ca\" data-element_type=\"widget\" data-e-type=\"widget\" data-widget_type=\"divider.default\">\n\t\t\t\t\t\t\t<div class=\"elementor-divider\">\n\t\t\t<span class=\"elementor-divider-separator\">\n\t\t\t\t\t\t<\/span>\n\t\t<\/div>\n\t\t\t\t\t\t<\/div>\n\t\t\t\t<div class=\"elementor-element elementor-element-7123a18 elementor-widget elementor-widget-heading\" data-id=\"7123a18\" data-element_type=\"widget\" data-e-type=\"widget\" data-widget_type=\"heading.default\">\n\t\t\t\t\t<div class=\"elementor-heading-title elementor-size-default\">Votre voyage commence<br>\navant la porte.<\/div>\t\t\t\t<\/div>\n\t\t\t\t<\/div>\n\t\t<div class=\"elementor-element elementor-element-e4f3731 e-con-full e-flex e-con e-child\" data-id=\"e4f3731\" data-element_type=\"container\" data-e-type=\"container\">\n\t\t\t\t<div class=\"elementor-element elementor-element-9e728eb elementor-widget elementor-widget-text-editor\" data-id=\"9e728eb\" data-element_type=\"widget\" data-e-type=\"widget\" data-widget_type=\"text-editor.default\">\n\t\t\t\t\t\t\t\t\t<p>D\u00e8s votre descente de l&rsquo;avion, notre \u00e9quipe s&rsquo;occupe de tout. Assistance prioritaire, passage acc\u00e9l\u00e9r\u00e9 \u00e0 l&rsquo;immigration et accompagnement personnalis\u00e9 tout au long des formalit\u00e9s d&rsquo;arriv\u00e9e : vous circulez ainsi dans l&rsquo;a\u00e9roport en toute s\u00e9r\u00e9nit\u00e9 et sans aucune incertitude.<\/p><p>Un agent a\u00e9roportuaire d\u00e9di\u00e9 vous accueille avant m\u00eame que vous n&rsquo;entriez dans le hall d&rsquo;immigration, vous guide pas \u00e0 pas et vous accompagne jusqu&rsquo;\u00e0 votre chauffeur priv\u00e9 une fois vos bagages r\u00e9cup\u00e9r\u00e9s.<\/p><p>Pas d&rsquo;attente. Pas de confusion. Juste un d\u00e9but de s\u00e9jour en toute fluidit\u00e9.<\/p>\t\t\t\t\t\t\t\t<\/div>\n\t\t\t\t<\/div>\n\t\t\t\t\t<\/div>\n\t\t\t\t<\/div>\n\t\t<div class=\"elementor-element elementor-element-b927144 e-flex e-con-boxed e-con e-parent\" data-id=\"b927144\" data-element_type=\"container\" data-e-type=\"container\">\n\t\t\t\t\t<div class=\"e-con-inner\">\n\t\t<div class=\"elementor-element elementor-element-ad81908 e-con-full e-flex e-con e-child\" data-id=\"ad81908\" data-element_type=\"container\" data-e-type=\"container\">\n\t\t\t\t<div class=\"elementor-element elementor-element-07b712b animated-slow elementor-invisible elementor-widget elementor-widget-heading\" data-id=\"07b712b\" data-element_type=\"widget\" data-e-type=\"widget\" data-settings=\"{&quot;_animation&quot;:&quot;fadeIn&quot;}\" data-widget_type=\"heading.default\">\n\t\t\t\t\t<div class=\"elementor-heading-title elementor-size-default\">Les premi\u00e8res impressions donnent le ton \u00e0 l'ensemble de votre voyage.<\/div>\t\t\t\t<\/div>\n\t\t\t\t<div class=\"elementor-element elementor-element-d875493 elementor-widget elementor-widget-heading\" data-id=\"d875493\" data-element_type=\"widget\" data-e-type=\"widget\" data-widget_type=\"heading.default\">\n\t\t\t\t\t<div class=\"elementor-heading-title elementor-size-default\">Organisez votre accueil \u00e0 l'avance <br> et arrivez en sachant que tout a \u00e9t\u00e9 pris en charge.<\/div>\t\t\t\t<\/div>\n\t\t\t\t<div class=\"elementor-element elementor-element-0dfe730 elementor-widget elementor-widget-text-editor\" data-id=\"0dfe730\" data-element_type=\"widget\" data-e-type=\"widget\" data-widget_type=\"text-editor.default\">\n\t\t\t\t\t\t\t\t\t<p>Notre concierge Yann assure la coordination directe avec l&rsquo;\u00e9quipe de l&rsquo;a\u00e9roport avant votre arriv\u00e9e, afin de vous garantir un passage rapide, fluide et sans aucun stress \u00e0 la douane.<\/p><p>170 \u20ac \/ personne<\/p><p><strong>R\u00e9servez aupr\u00e8s de Yann :\u00a0<\/strong><a href=\"tel:+590690630175\">+590 690 63-0175<\/a><\/p>\t\t\t\t\t\t\t\t<\/div>\n\t\t\t\t<\/div>\n\t\t<div class=\"elementor-element elementor-element-015cee1 e-con-full e-flex e-con e-child\" data-id=\"015cee1\" data-element_type=\"container\" data-e-type=\"container\">\n\t\t\t\t<div class=\"elementor-element elementor-element-422764b elementor-widget elementor-widget-image\" data-id=\"422764b\" data-element_type=\"widget\" data-e-type=\"widget\" data-widget_type=\"image.default\">\n\t\t\t\t\t\t\t\t\t\t\t\t\t\t\t<img loading=\"lazy\" decoding=\"async\" width=\"520\" height=\"672\" src=\"https:\/\/aurasxm.com\/wp-content\/uploads\/2024\/01\/concierge-yann-carel.jpg\" class=\"attachment-full size-full wp-image-684\" alt=\"Yann Carel, concierge aux r\u00e9sidences Aura Anse-Marcel\" \/>\t\t\t\t\t\t\t\t\t\t\t\t\t\t\t<\/div>\n\t\t\t\t<\/div>\n\t\t\t\t\t<\/div>\n\t\t\t\t<\/div>\n\t\t\t\t<\/div>\n\t\t","protected":false},"excerpt":{"rendered":"<p>Service VIP \u00e0 l&rsquo;a\u00e9roport&amp; Accueil Votre arriv\u00e9e \u00e0 Saint-Martin,prise en charge avec soin, avant m\u00eame que vous n&rsquo;atteigniezle terminal. Votre voyage commence avant la porte. D\u00e8s votre descente de l&rsquo;avion, notre \u00e9quipe s&rsquo;occupe de tout. Assistance prioritaire, passage acc\u00e9l\u00e9r\u00e9 \u00e0 l&rsquo;immigration et accompagnement personnalis\u00e9 tout au long des formalit\u00e9s d&rsquo;arriv\u00e9e : vous circulez ainsi dans l&rsquo;a\u00e9roport en toute s\u00e9r\u00e9nit\u00e9 et &#8230;<\/p>\n","protected":false},"author":1,"featured_media":0,"parent":0,"menu_order":0,"comment_status":"closed","ping_status":"closed","template":"elementor_header_footer","meta":{"_monsterinsights_skip_tracking":false,"_monsterinsights_sitenote_active":false,"_monsterinsights_sitenote_note":"","_monsterinsights_sitenote_category":0,"footnotes":""},"class_list":["post-3087","page","type-page","status-publish","hentry","no-post-thumbnail"],"yoast_head":"<!-- This site is optimized with the Yoast SEO plugin v27.4 - https:\/\/yoast.com\/product\/yoast-seo-wordpress\/ -->\n<title>Accueil \u00e0 l&#039;a\u00e9roport | Aura Anse-Marcel<\/title>\n<meta name=\"robots\" content=\"index, follow, max-snippet:-1, max-image-preview:large, max-video-preview:-1\" \/>\n<link rel=\"canonical\" href=\"https:\/\/aurasxm.com\/fr\/accueil-a-laeroport\/\" \/>\n<meta property=\"og:locale\" content=\"fr_FR\" \/>\n<meta property=\"og:type\" content=\"article\" \/>\n<meta property=\"og:title\" content=\"Accueil \u00e0 l&#039;a\u00e9roport | Aura Anse-Marcel\" \/>\n<meta property=\"og:description\" content=\"Service VIP \u00e0 l&rsquo;a\u00e9roport&amp; Accueil Votre arriv\u00e9e \u00e0 Saint-Martin,prise en charge avec soin, avant m\u00eame que vous n&rsquo;atteigniezle terminal. Votre voyage commence avant la porte. D\u00e8s votre descente de l&rsquo;avion, notre \u00e9quipe s&rsquo;occupe de tout. Assistance prioritaire, passage acc\u00e9l\u00e9r\u00e9 \u00e0 l&rsquo;immigration et accompagnement personnalis\u00e9 tout au long des formalit\u00e9s d&rsquo;arriv\u00e9e : vous circulez ainsi dans l&rsquo;a\u00e9roport en toute s\u00e9r\u00e9nit\u00e9 et ...\" \/>\n<meta property=\"og:url\" content=\"https:\/\/aurasxm.com\/fr\/accueil-a-laeroport\/\" \/>\n<meta property=\"og:site_name\" content=\"Aura Anse-Marcel\" \/>\n<meta property=\"article:publisher\" content=\"https:\/\/www.facebook.com\/profile.php?id=61553045861683\" \/>\n<meta property=\"article:modified_time\" content=\"2026-04-15T15:20:55+00:00\" \/>\n<meta property=\"og:image\" content=\"https:\/\/aurasxm.com\/wp-content\/uploads\/2024\/07\/navette-aura-anse-marcel.jpg\" \/>\n\t<meta property=\"og:image:width\" content=\"1024\" \/>\n\t<meta property=\"og:image:height\" content=\"683\" \/>\n\t<meta property=\"og:image:type\" content=\"image\/jpeg\" \/>\n<meta name=\"twitter:card\" content=\"summary_large_image\" \/>\n<meta name=\"twitter:label1\" content=\"Dur\u00e9e de lecture estim\u00e9e\" \/>\n\t<meta name=\"twitter:data1\" content=\"1 minute\" \/>\n<script type=\"application\/ld+json\" class=\"yoast-schema-graph\">{\"@context\":\"https:\\\/\\\/schema.org\",\"@graph\":[{\"@type\":\"WebPage\",\"@id\":\"https:\\\/\\\/aurasxm.com\\\/fr\\\/accueil-a-laeroport\\\/\",\"url\":\"https:\\\/\\\/aurasxm.com\\\/fr\\\/accueil-a-laeroport\\\/\",\"name\":\"Accueil \u00e0 l'a\u00e9roport | Aura Anse-Marcel\",\"isPartOf\":{\"@id\":\"https:\\\/\\\/aurasxm.com\\\/#website\"},\"primaryImageOfPage\":{\"@id\":\"https:\\\/\\\/aurasxm.com\\\/fr\\\/accueil-a-laeroport\\\/#primaryimage\"},\"image\":{\"@id\":\"https:\\\/\\\/aurasxm.com\\\/fr\\\/accueil-a-laeroport\\\/#primaryimage\"},\"thumbnailUrl\":\"https:\\\/\\\/aurasxm.com\\\/wp-content\\\/uploads\\\/2024\\\/07\\\/navette-aura-anse-marcel.jpg\",\"datePublished\":\"2026-04-15T15:18:35+00:00\",\"dateModified\":\"2026-04-15T15:20:55+00:00\",\"breadcrumb\":{\"@id\":\"https:\\\/\\\/aurasxm.com\\\/fr\\\/accueil-a-laeroport\\\/#breadcrumb\"},\"inLanguage\":\"fr-FR\",\"potentialAction\":[{\"@type\":\"ReadAction\",\"target\":[\"https:\\\/\\\/aurasxm.com\\\/fr\\\/accueil-a-laeroport\\\/\"]}]},{\"@type\":\"ImageObject\",\"inLanguage\":\"fr-FR\",\"@id\":\"https:\\\/\\\/aurasxm.com\\\/fr\\\/accueil-a-laeroport\\\/#primaryimage\",\"url\":\"https:\\\/\\\/aurasxm.com\\\/wp-content\\\/uploads\\\/2024\\\/07\\\/navette-aura-anse-marcel.jpg\",\"contentUrl\":\"https:\\\/\\\/aurasxm.com\\\/wp-content\\\/uploads\\\/2024\\\/07\\\/navette-aura-anse-marcel.jpg\"},{\"@type\":\"BreadcrumbList\",\"@id\":\"https:\\\/\\\/aurasxm.com\\\/fr\\\/accueil-a-laeroport\\\/#breadcrumb\",\"itemListElement\":[{\"@type\":\"ListItem\",\"position\":1,\"name\":\"Accueil\",\"item\":\"https:\\\/\\\/aurasxm.com\\\/fr\\\/\"},{\"@type\":\"ListItem\",\"position\":2,\"name\":\"Accueil \u00e0 l&#8217;a\u00e9roport\"}]},{\"@type\":\"WebSite\",\"@id\":\"https:\\\/\\\/aurasxm.com\\\/#website\",\"url\":\"https:\\\/\\\/aurasxm.com\\\/\",\"name\":\"Aura Anse-Marcel\",\"description\":\"Villas de luxe en location saisonni\u00e8re \u00e0 l&#039;\u00eele St-Martin\",\"publisher\":{\"@id\":\"https:\\\/\\\/aurasxm.com\\\/#organization\"},\"potentialAction\":[{\"@type\":\"SearchAction\",\"target\":{\"@type\":\"EntryPoint\",\"urlTemplate\":\"https:\\\/\\\/aurasxm.com\\\/?s={search_term_string}\"},\"query-input\":{\"@type\":\"PropertyValueSpecification\",\"valueRequired\":true,\"valueName\":\"search_term_string\"}}],\"inLanguage\":\"fr-FR\"},{\"@type\":\"Organization\",\"@id\":\"https:\\\/\\\/aurasxm.com\\\/#organization\",\"name\":\"Aura Anse-Marcel\",\"url\":\"https:\\\/\\\/aurasxm.com\\\/\",\"logo\":{\"@type\":\"ImageObject\",\"inLanguage\":\"fr-FR\",\"@id\":\"https:\\\/\\\/aurasxm.com\\\/#\\\/schema\\\/logo\\\/image\\\/\",\"url\":\"https:\\\/\\\/aurasxm.com\\\/wp-content\\\/uploads\\\/2024\\\/03\\\/logo-gold.png\",\"contentUrl\":\"https:\\\/\\\/aurasxm.com\\\/wp-content\\\/uploads\\\/2024\\\/03\\\/logo-gold.png\",\"width\":328,\"height\":136,\"caption\":\"Aura Anse-Marcel\"},\"image\":{\"@id\":\"https:\\\/\\\/aurasxm.com\\\/#\\\/schema\\\/logo\\\/image\\\/\"},\"sameAs\":[\"https:\\\/\\\/www.facebook.com\\\/profile.php?id=61553045861683\",\"https:\\\/\\\/www.instagram.com\\\/auraansemarcel\\\/\"]}]}<\/script>\n<!-- \/ Yoast SEO plugin. -->","yoast_head_json":{"title":"Accueil \u00e0 l'a\u00e9roport | Aura Anse-Marcel","robots":{"index":"index","follow":"follow","max-snippet":"max-snippet:-1","max-image-preview":"max-image-preview:large","max-video-preview":"max-video-preview:-1"},"canonical":"https:\/\/aurasxm.com\/fr\/accueil-a-laeroport\/","og_locale":"fr_FR","og_type":"article","og_title":"Accueil \u00e0 l'a\u00e9roport | Aura Anse-Marcel","og_description":"Service VIP \u00e0 l&rsquo;a\u00e9roport&amp; Accueil Votre arriv\u00e9e \u00e0 Saint-Martin,prise en charge avec soin, avant m\u00eame que vous n&rsquo;atteigniezle terminal. Votre voyage commence avant la porte. D\u00e8s votre descente de l&rsquo;avion, notre \u00e9quipe s&rsquo;occupe de tout. Assistance prioritaire, passage acc\u00e9l\u00e9r\u00e9 \u00e0 l&rsquo;immigration et accompagnement personnalis\u00e9 tout au long des formalit\u00e9s d&rsquo;arriv\u00e9e : vous circulez ainsi dans l&rsquo;a\u00e9roport en toute s\u00e9r\u00e9nit\u00e9 et ...","og_url":"https:\/\/aurasxm.com\/fr\/accueil-a-laeroport\/","og_site_name":"Aura Anse-Marcel","article_publisher":"https:\/\/www.facebook.com\/profile.php?id=61553045861683","article_modified_time":"2026-04-15T15:20:55+00:00","og_image":[{"url":"https:\/\/aurasxm.com\/wp-content\/uploads\/2024\/07\/navette-aura-anse-marcel.jpg","width":1024,"height":683,"type":"image\/jpeg"}],"twitter_card":"summary_large_image","twitter_misc":{"Dur\u00e9e de lecture estim\u00e9e":"1 minute"},"schema":{"@context":"https:\/\/schema.org","@graph":[{"@type":"WebPage","@id":"https:\/\/aurasxm.com\/fr\/accueil-a-laeroport\/","url":"https:\/\/aurasxm.com\/fr\/accueil-a-laeroport\/","name":"Accueil \u00e0 l'a\u00e9roport | Aura Anse-Marcel","isPartOf":{"@id":"https:\/\/aurasxm.com\/#website"},"primaryImageOfPage":{"@id":"https:\/\/aurasxm.com\/fr\/accueil-a-laeroport\/#primaryimage"},"image":{"@id":"https:\/\/aurasxm.com\/fr\/accueil-a-laeroport\/#primaryimage"},"thumbnailUrl":"https:\/\/aurasxm.com\/wp-content\/uploads\/2024\/07\/navette-aura-anse-marcel.jpg","datePublished":"2026-04-15T15:18:35+00:00","dateModified":"2026-04-15T15:20:55+00:00","breadcrumb":{"@id":"https:\/\/aurasxm.com\/fr\/accueil-a-laeroport\/#breadcrumb"},"inLanguage":"fr-FR","potentialAction":[{"@type":"ReadAction","target":["https:\/\/aurasxm.com\/fr\/accueil-a-laeroport\/"]}]},{"@type":"ImageObject","inLanguage":"fr-FR","@id":"https:\/\/aurasxm.com\/fr\/accueil-a-laeroport\/#primaryimage","url":"https:\/\/aurasxm.com\/wp-content\/uploads\/2024\/07\/navette-aura-anse-marcel.jpg","contentUrl":"https:\/\/aurasxm.com\/wp-content\/uploads\/2024\/07\/navette-aura-anse-marcel.jpg"},{"@type":"BreadcrumbList","@id":"https:\/\/aurasxm.com\/fr\/accueil-a-laeroport\/#breadcrumb","itemListElement":[{"@type":"ListItem","position":1,"name":"Accueil","item":"https:\/\/aurasxm.com\/fr\/"},{"@type":"ListItem","position":2,"name":"Accueil \u00e0 l&#8217;a\u00e9roport"}]},{"@type":"WebSite","@id":"https:\/\/aurasxm.com\/#website","url":"https:\/\/aurasxm.com\/","name":"Aura Anse-Marcel","description":"Villas de luxe en location saisonni\u00e8re \u00e0 l&#039;\u00eele St-Martin","publisher":{"@id":"https:\/\/aurasxm.com\/#organization"},"potentialAction":[{"@type":"SearchAction","target":{"@type":"EntryPoint","urlTemplate":"https:\/\/aurasxm.com\/?s={search_term_string}"},"query-input":{"@type":"PropertyValueSpecification","valueRequired":true,"valueName":"search_term_string"}}],"inLanguage":"fr-FR"},{"@type":"Organization","@id":"https:\/\/aurasxm.com\/#organization","name":"Aura Anse-Marcel","url":"https:\/\/aurasxm.com\/","logo":{"@type":"ImageObject","inLanguage":"fr-FR","@id":"https:\/\/aurasxm.com\/#\/schema\/logo\/image\/","url":"https:\/\/aurasxm.com\/wp-content\/uploads\/2024\/03\/logo-gold.png","contentUrl":"https:\/\/aurasxm.com\/wp-content\/uploads\/2024\/03\/logo-gold.png","width":328,"height":136,"caption":"Aura Anse-Marcel"},"image":{"@id":"https:\/\/aurasxm.com\/#\/schema\/logo\/image\/"},"sameAs":["https:\/\/www.facebook.com\/profile.php?id=61553045861683","https:\/\/www.instagram.com\/auraansemarcel\/"]}]}},"_links":{"self":[{"href":"https:\/\/aurasxm.com\/fr\/wp-json\/wp\/v2\/pages\/3087","targetHints":{"allow":["GET"]}}],"collection":[{"href":"https:\/\/aurasxm.com\/fr\/wp-json\/wp\/v2\/pages"}],"about":[{"href":"https:\/\/aurasxm.com\/fr\/wp-json\/wp\/v2\/types\/page"}],"author":[{"embeddable":true,"href":"https:\/\/aurasxm.com\/fr\/wp-json\/wp\/v2\/users\/1"}],"replies":[{"embeddable":true,"href":"https:\/\/aurasxm.com\/fr\/wp-json\/wp\/v2\/comments?post=3087"}],"version-history":[{"count":4,"href":"https:\/\/aurasxm.com\/fr\/wp-json\/wp\/v2\/pages\/3087\/revisions"}],"predecessor-version":[{"id":3091,"href":"https:\/\/aurasxm.com\/fr\/wp-json\/wp\/v2\/pages\/3087\/revisions\/3091"}],"wp:attachment":[{"href":"https:\/\/aurasxm.com\/fr\/wp-json\/wp\/v2\/media?parent=3087"}],"curies":[{"name":"wp","href":"https:\/\/api.w.org\/{rel}","templated":true}]}}