{"id":2337,"date":"2025-09-23T20:07:02","date_gmt":"2025-09-24T00:07:02","guid":{"rendered":"https:\/\/aurasxm.com\/?page_id=2337"},"modified":"2026-03-25T12:38:32","modified_gmt":"2026-03-25T16:38:32","slug":"reservation","status":"publish","type":"page","link":"https:\/\/aurasxm.com\/fr\/reservation\/","title":{"rendered":"R\u00e9servation"},"content":{"rendered":"<div class=\"wpb-content-wrapper\">[vc_row full_width=\u00a0\u00bbstretch_row_content\u00a0\u00bb disable_element=\u00a0\u00bbyes\u00a0\u00bb css=\u00a0\u00bb.vc_custom_1765488841899{background-color: rgba(0,0,0,0.05) !important;*background-color: rgb(0,0,0) !important;}\u00a0\u00bb][vc_column css=\u00a0\u00bb.vc_custom_1761939886108{background-color: #c7b299 !important;}\u00a0\u00bb][vc_column_text]\n<p style=\"text-align: center; color: white;\"><strong>Black Friday :<\/strong> <strong>-30% avec le code BF30<\/strong><br \/>\n(p\u00e9riode de r\u00e9servation : du 11 avril au 31 octobre 2026)<\/p>\n[\/vc_column_text][\/vc_column][\/vc_row][vc_row full_width=\u00a0\u00bbstretch_row_content\u00a0\u00bb css=\u00a0\u00bb.vc_custom_1759856688700{background-color: rgba(0,0,0,0.05) !important;*background-color: rgb(0,0,0) !important;}\u00a0\u00bb][vc_column][vc_raw_html css=\u00a0\u00bb\u00a0\u00bb]JTNDZGl2JTIwc3R5bGUlM0QlMjJwYWRkaW5nJTNBMzBweCUzQm1heC13aWR0aCUzQTYwMHB4JTNCbWFyZ2luJTNBJTIwYXV0byUzQnRleHQtYWxpZ24lM0FjZW50ZXIlMjIlM0UlMEElM0NoMiUzRVIlQzMlQTlzZXJ2ZXolMjB2b3RyZSUyMHMlQzMlQTlqb3VyJTIwYXUlMjBwYXJhZGlzJTNDJTJGaDIlM0UlMEElM0NwJTIwc3R5bGUlM0QlMjJtYXJnaW4tYm90dG9tJTNBNDBweCUyMiUzRVBldCUyMEZyaWVuZGx5JTNDYnIlM0VTJUMzJUE5am91ciUyMG1pbmltdW0lM0ElMjAzJTIwbnVpdHMlMjAlRTIlODAlOTQlMjA3JTIwZHVyYW50JTIwbGElMjBoYXV0ZSUyMHNhaXNvbi4lM0NiciUzRSUzQ3N0cm9uZyUzRVMlQzMlQTlqb3VyJTIwZGUlMjA3JTIwbnVpdHMlMkMlMjBwcm9maXRleiUyMGQlRTIlODAlOTl1bmUlMjBsb2NhdGlvbiUyMGRlJTIwdm9pdHVyZSUyMGdyYXR1aXRlJTIwZW4lMjByJUMzJUE5c2VydmFudCUyMGRpcmVjdGVtZW50JTIwc3VyJTIwbm90cmUlMjBzaXRlJTIwd2ViLiUzQyUyRnN0cm9uZyUzRSUzQyUyRnAlM0UlMEElNUJoZnlfYm9va2luZ19zZWFyY2glNUQlMEElMEElM0MlMkZkaXYlM0U=[\/vc_raw_html][\/vc_column][\/vc_row][vc_row][vc_column][vc_column_text]\n<h1 style=\"text-align: center;\">D\u00e9couvrez nos villas<\/h1>\n<p style=\"text-align: center;\">Nos onze villas sont con\u00e7ues pour des s\u00e9jours inoubliables, o\u00f9 le luxe rencontre l&rsquo;art de vivre carib\u00e9en.<\/p>\n[\/vc_column_text][\/vc_column][\/vc_row][vc_row][vc_column][vc_raw_html][\/vc_raw_html][vc_raw_html]JTVCaGZ5X2xpc3RpbmdzJTVE[\/vc_raw_html][\/vc_column][\/vc_row]\n<\/div>","protected":false},"excerpt":{"rendered":"<p>[vc_row full_width=\u00a0\u00bbstretch_row_content\u00a0\u00bb disable_element=\u00a0\u00bbyes\u00a0\u00bb css=\u00a0\u00bb.vc_custom_1765488841899{background-color: rgba(0,0,0,0.05) !important;*background-color: rgb(0,0,0) !important;}\u00a0\u00bb][vc_column css=\u00a0\u00bb.vc_custom_1761939886108{background-color: #c7b299 !important;}\u00a0\u00bb][vc_column_text] Black Friday : -30% avec le code BF30 (p\u00e9riode de r\u00e9servation : du 11 avril au 31 octobre 2026) [\/vc_column_text][\/vc_column][\/vc_row][vc_row full_width=\u00a0\u00bbstretch_row_content\u00a0\u00bb css=\u00a0\u00bb.vc_custom_1759856688700{background-color: rgba(0,0,0,0.05) !important;*background-color: rgb(0,0,0) !important;}\u00a0\u00bb][vc_column][vc_raw_html css=\u00a0\u00bb\u00a0\u00bb]JTNDZGl2JTIwc3R5bGUlM0QlMjJwYWRkaW5nJTNBMzBweCUzQm1heC13aWR0aCUzQTYwMHB4JTNCbWFyZ2luJTNBJTIwYXV0byUzQnRleHQtYWxpZ24lM0FjZW50ZXIlMjIlM0UlMEElM0NoMiUzRVIlQzMlQTlzZXJ2ZXolMjB2b3RyZSUyMHMlQzMlQTlqb3VyJTIwYXUlMjBwYXJhZGlzJTNDJTJGaDIlM0UlMEElM0NwJTIwc3R5bGUlM0QlMjJtYXJnaW4tYm90dG9tJTNBNDBweCUyMiUzRVBldCUyMEZyaWVuZGx5JTNDYnIlM0VTJUMzJUE5am91ciUyMG1pbmltdW0lM0ElMjAzJTIwbnVpdHMlMjAlRTIlODAlOTQlMjA3JTIwZHVyYW50JTIwbGElMjBoYXV0ZSUyMHNhaXNvbi4lM0NiciUzRSUzQ3N0cm9uZyUzRVMlQzMlQTlqb3VyJTIwZGUlMjA3JTIwbnVpdHMlMkMlMjBwcm9maXRleiUyMGQlRTIlODAlOTl1bmUlMjBsb2NhdGlvbiUyMGRlJTIwdm9pdHVyZSUyMGdyYXR1aXRlJTIwZW4lMjByJUMzJUE5c2VydmFudCUyMGRpcmVjdGVtZW50JTIwc3VyJTIwbm90cmUlMjBzaXRlJTIwd2ViLiUzQyUyRnN0cm9uZyUzRSUzQyUyRnAlM0UlMEElNUJoZnlfYm9va2luZ19zZWFyY2glNUQlMEElMEElM0MlMkZkaXYlM0U=[\/vc_raw_html][\/vc_column][\/vc_row][vc_row][vc_column][vc_column_text] D\u00e9couvrez nos villas Nos onze villas sont con\u00e7ues pour des s\u00e9jours inoubliables, o\u00f9 le luxe rencontre l&rsquo;art de vivre carib\u00e9en. [\/vc_column_text][\/vc_column][\/vc_row][vc_row][vc_column][vc_raw_html][\/vc_raw_html][vc_raw_html]JTVCaGZ5X2xpc3RpbmdzJTVE[\/vc_raw_html][\/vc_column][\/vc_row]<\/p>\n","protected":false},"author":1,"featured_media":0,"parent":0,"menu_order":0,"comment_status":"closed","ping_status":"closed","template":"","meta":{"_monsterinsights_skip_tracking":false,"_monsterinsights_sitenote_active":false,"_monsterinsights_sitenote_note":"","_monsterinsights_sitenote_category":0,"footnotes":""},"class_list":["post-2337","page","type-page","status-publish","hentry","no-post-thumbnail"],"yoast_head":"<!-- This site is optimized with the Yoast SEO plugin v27.3 - https:\/\/yoast.com\/product\/yoast-seo-wordpress\/ -->\n<title>R\u00e9servation | Aura Anse-Marcel<\/title>\n<meta name=\"robots\" content=\"index, follow, max-snippet:-1, max-image-preview:large, max-video-preview:-1\" \/>\n<link rel=\"canonical\" href=\"https:\/\/aurasxm.com\/fr\/reservation\/\" \/>\n<meta property=\"og:locale\" content=\"fr_FR\" \/>\n<meta property=\"og:type\" content=\"article\" \/>\n<meta property=\"og:title\" content=\"R\u00e9servation | Aura Anse-Marcel\" \/>\n<meta property=\"og:description\" content=\"[vc_row full_width=\u00a0\u00bbstretch_row_content\u00a0\u00bb disable_element=\u00a0\u00bbyes\u00a0\u00bb css=\u00a0\u00bb.vc_custom_1765488841899{background-color: rgba(0,0,0,0.05) !important;*background-color: rgb(0,0,0) !important;}\u00a0\u00bb][vc_column css=\u00a0\u00bb.vc_custom_1761939886108{background-color: #c7b299 !important;}\u00a0\u00bb][vc_column_text] Black Friday : -30% avec le code BF30 (p\u00e9riode de r\u00e9servation : du 11 avril au 31 octobre 2026) [\/vc_column_text][\/vc_column][\/vc_row][vc_row full_width=\u00a0\u00bbstretch_row_content\u00a0\u00bb css=\u00a0\u00bb.vc_custom_1759856688700{background-color: rgba(0,0,0,0.05) !important;*background-color: rgb(0,0,0) !important;}\u00a0\u00bb][vc_column][vc_raw_html css=\u00a0\u00bb\u00a0\u00bb]JTNDZGl2JTIwc3R5bGUlM0QlMjJwYWRkaW5nJTNBMzBweCUzQm1heC13aWR0aCUzQTYwMHB4JTNCbWFyZ2luJTNBJTIwYXV0byUzQnRleHQtYWxpZ24lM0FjZW50ZXIlMjIlM0UlMEElM0NoMiUzRVIlQzMlQTlzZXJ2ZXolMjB2b3RyZSUyMHMlQzMlQTlqb3VyJTIwYXUlMjBwYXJhZGlzJTNDJTJGaDIlM0UlMEElM0NwJTIwc3R5bGUlM0QlMjJtYXJnaW4tYm90dG9tJTNBNDBweCUyMiUzRVBldCUyMEZyaWVuZGx5JTNDYnIlM0VTJUMzJUE5am91ciUyMG1pbmltdW0lM0ElMjAzJTIwbnVpdHMlMjAlRTIlODAlOTQlMjA3JTIwZHVyYW50JTIwbGElMjBoYXV0ZSUyMHNhaXNvbi4lM0NiciUzRSUzQ3N0cm9uZyUzRVMlQzMlQTlqb3VyJTIwZGUlMjA3JTIwbnVpdHMlMkMlMjBwcm9maXRleiUyMGQlRTIlODAlOTl1bmUlMjBsb2NhdGlvbiUyMGRlJTIwdm9pdHVyZSUyMGdyYXR1aXRlJTIwZW4lMjByJUMzJUE5c2VydmFudCUyMGRpcmVjdGVtZW50JTIwc3VyJTIwbm90cmUlMjBzaXRlJTIwd2ViLiUzQyUyRnN0cm9uZyUzRSUzQyUyRnAlM0UlMEElNUJoZnlfYm9va2luZ19zZWFyY2glNUQlMEElMEElM0MlMkZkaXYlM0U=[\/vc_raw_html][\/vc_column][\/vc_row][vc_row][vc_column][vc_column_text] D\u00e9couvrez nos villas Nos onze villas sont con\u00e7ues pour des s\u00e9jours inoubliables, o\u00f9 le luxe rencontre l&rsquo;art de vivre carib\u00e9en. [\/vc_column_text][\/vc_column][\/vc_row][vc_row][vc_column][vc_raw_html][\/vc_raw_html][vc_raw_html]JTVCaGZ5X2xpc3RpbmdzJTVE[\/vc_raw_html][\/vc_column][\/vc_row]\" \/>\n<meta property=\"og:url\" content=\"https:\/\/aurasxm.com\/fr\/reservation\/\" \/>\n<meta property=\"og:site_name\" content=\"Aura Anse-Marcel\" \/>\n<meta property=\"article:publisher\" content=\"https:\/\/www.facebook.com\/profile.php?id=61553045861683\" \/>\n<meta property=\"article:modified_time\" content=\"2026-03-25T16:38:32+00:00\" \/>\n<meta property=\"og:image\" content=\"https:\/\/aurasxm.com\/wp-content\/uploads\/2024\/11\/14-11-2024-Aura_noWM-@phil.a.f.photo_SXM2024-042-12_57.jpg\" \/>\n\t<meta property=\"og:image:width\" content=\"2048\" \/>\n\t<meta property=\"og:image:height\" content=\"1364\" \/>\n\t<meta property=\"og:image:type\" content=\"image\/jpeg\" \/>\n<meta name=\"twitter:card\" content=\"summary_large_image\" \/>\n<meta name=\"twitter:label1\" content=\"Dur\u00e9e de lecture estim\u00e9e\" \/>\n\t<meta name=\"twitter:data1\" content=\"1 minute\" \/>\n<script type=\"application\/ld+json\" class=\"yoast-schema-graph\">{\"@context\":\"https:\\\/\\\/schema.org\",\"@graph\":[{\"@type\":\"WebPage\",\"@id\":\"https:\\\/\\\/aurasxm.com\\\/fr\\\/reservation\\\/\",\"url\":\"https:\\\/\\\/aurasxm.com\\\/fr\\\/reservation\\\/\",\"name\":\"R\u00e9servation | Aura Anse-Marcel\",\"isPartOf\":{\"@id\":\"https:\\\/\\\/aurasxm.com\\\/#website\"},\"datePublished\":\"2025-09-24T00:07:02+00:00\",\"dateModified\":\"2026-03-25T16:38:32+00:00\",\"breadcrumb\":{\"@id\":\"https:\\\/\\\/aurasxm.com\\\/fr\\\/reservation\\\/#breadcrumb\"},\"inLanguage\":\"fr-FR\",\"potentialAction\":[{\"@type\":\"ReadAction\",\"target\":[\"https:\\\/\\\/aurasxm.com\\\/fr\\\/reservation\\\/\"]}]},{\"@type\":\"BreadcrumbList\",\"@id\":\"https:\\\/\\\/aurasxm.com\\\/fr\\\/reservation\\\/#breadcrumb\",\"itemListElement\":[{\"@type\":\"ListItem\",\"position\":1,\"name\":\"Accueil\",\"item\":\"https:\\\/\\\/aurasxm.com\\\/fr\\\/\"},{\"@type\":\"ListItem\",\"position\":2,\"name\":\"R\u00e9servation\"}]},{\"@type\":\"WebSite\",\"@id\":\"https:\\\/\\\/aurasxm.com\\\/#website\",\"url\":\"https:\\\/\\\/aurasxm.com\\\/\",\"name\":\"Aura Anse-Marcel\",\"description\":\"Villas de luxe en location saisonni\u00e8re \u00e0 l&#039;\u00eele St-Martin\",\"publisher\":{\"@id\":\"https:\\\/\\\/aurasxm.com\\\/#organization\"},\"potentialAction\":[{\"@type\":\"SearchAction\",\"target\":{\"@type\":\"EntryPoint\",\"urlTemplate\":\"https:\\\/\\\/aurasxm.com\\\/?s={search_term_string}\"},\"query-input\":{\"@type\":\"PropertyValueSpecification\",\"valueRequired\":true,\"valueName\":\"search_term_string\"}}],\"inLanguage\":\"fr-FR\"},{\"@type\":\"Organization\",\"@id\":\"https:\\\/\\\/aurasxm.com\\\/#organization\",\"name\":\"Aura Anse-Marcel\",\"url\":\"https:\\\/\\\/aurasxm.com\\\/\",\"logo\":{\"@type\":\"ImageObject\",\"inLanguage\":\"fr-FR\",\"@id\":\"https:\\\/\\\/aurasxm.com\\\/#\\\/schema\\\/logo\\\/image\\\/\",\"url\":\"https:\\\/\\\/aurasxm.com\\\/wp-content\\\/uploads\\\/2024\\\/03\\\/logo-gold.png\",\"contentUrl\":\"https:\\\/\\\/aurasxm.com\\\/wp-content\\\/uploads\\\/2024\\\/03\\\/logo-gold.png\",\"width\":328,\"height\":136,\"caption\":\"Aura Anse-Marcel\"},\"image\":{\"@id\":\"https:\\\/\\\/aurasxm.com\\\/#\\\/schema\\\/logo\\\/image\\\/\"},\"sameAs\":[\"https:\\\/\\\/www.facebook.com\\\/profile.php?id=61553045861683\",\"https:\\\/\\\/www.instagram.com\\\/auraansemarcel\\\/\"]}]}<\/script>\n<!-- \/ Yoast SEO plugin. -->","yoast_head_json":{"title":"R\u00e9servation | Aura Anse-Marcel","robots":{"index":"index","follow":"follow","max-snippet":"max-snippet:-1","max-image-preview":"max-image-preview:large","max-video-preview":"max-video-preview:-1"},"canonical":"https:\/\/aurasxm.com\/fr\/reservation\/","og_locale":"fr_FR","og_type":"article","og_title":"R\u00e9servation | Aura Anse-Marcel","og_description":"[vc_row full_width=\u00a0\u00bbstretch_row_content\u00a0\u00bb disable_element=\u00a0\u00bbyes\u00a0\u00bb css=\u00a0\u00bb.vc_custom_1765488841899{background-color: rgba(0,0,0,0.05) !important;*background-color: rgb(0,0,0) !important;}\u00a0\u00bb][vc_column css=\u00a0\u00bb.vc_custom_1761939886108{background-color: #c7b299 !important;}\u00a0\u00bb][vc_column_text] Black Friday : -30% avec le code BF30 (p\u00e9riode de r\u00e9servation : du 11 avril au 31 octobre 2026) [\/vc_column_text][\/vc_column][\/vc_row][vc_row full_width=\u00a0\u00bbstretch_row_content\u00a0\u00bb css=\u00a0\u00bb.vc_custom_1759856688700{background-color: rgba(0,0,0,0.05) !important;*background-color: rgb(0,0,0) !important;}\u00a0\u00bb][vc_column][vc_raw_html css=\u00a0\u00bb\u00a0\u00bb]JTNDZGl2JTIwc3R5bGUlM0QlMjJwYWRkaW5nJTNBMzBweCUzQm1heC13aWR0aCUzQTYwMHB4JTNCbWFyZ2luJTNBJTIwYXV0byUzQnRleHQtYWxpZ24lM0FjZW50ZXIlMjIlM0UlMEElM0NoMiUzRVIlQzMlQTlzZXJ2ZXolMjB2b3RyZSUyMHMlQzMlQTlqb3VyJTIwYXUlMjBwYXJhZGlzJTNDJTJGaDIlM0UlMEElM0NwJTIwc3R5bGUlM0QlMjJtYXJnaW4tYm90dG9tJTNBNDBweCUyMiUzRVBldCUyMEZyaWVuZGx5JTNDYnIlM0VTJUMzJUE5am91ciUyMG1pbmltdW0lM0ElMjAzJTIwbnVpdHMlMjAlRTIlODAlOTQlMjA3JTIwZHVyYW50JTIwbGElMjBoYXV0ZSUyMHNhaXNvbi4lM0NiciUzRSUzQ3N0cm9uZyUzRVMlQzMlQTlqb3VyJTIwZGUlMjA3JTIwbnVpdHMlMkMlMjBwcm9maXRleiUyMGQlRTIlODAlOTl1bmUlMjBsb2NhdGlvbiUyMGRlJTIwdm9pdHVyZSUyMGdyYXR1aXRlJTIwZW4lMjByJUMzJUE5c2VydmFudCUyMGRpcmVjdGVtZW50JTIwc3VyJTIwbm90cmUlMjBzaXRlJTIwd2ViLiUzQyUyRnN0cm9uZyUzRSUzQyUyRnAlM0UlMEElNUJoZnlfYm9va2luZ19zZWFyY2glNUQlMEElMEElM0MlMkZkaXYlM0U=[\/vc_raw_html][\/vc_column][\/vc_row][vc_row][vc_column][vc_column_text] D\u00e9couvrez nos villas Nos onze villas sont con\u00e7ues pour des s\u00e9jours inoubliables, o\u00f9 le luxe rencontre l&rsquo;art de vivre carib\u00e9en. [\/vc_column_text][\/vc_column][\/vc_row][vc_row][vc_column][vc_raw_html][\/vc_raw_html][vc_raw_html]JTVCaGZ5X2xpc3RpbmdzJTVE[\/vc_raw_html][\/vc_column][\/vc_row]","og_url":"https:\/\/aurasxm.com\/fr\/reservation\/","og_site_name":"Aura Anse-Marcel","article_publisher":"https:\/\/www.facebook.com\/profile.php?id=61553045861683","article_modified_time":"2026-03-25T16:38:32+00:00","og_image":[{"width":2048,"height":1364,"url":"https:\/\/aurasxm.com\/wp-content\/uploads\/2024\/11\/14-11-2024-Aura_noWM-@phil.a.f.photo_SXM2024-042-12_57.jpg","type":"image\/jpeg"}],"twitter_card":"summary_large_image","twitter_misc":{"Dur\u00e9e de lecture estim\u00e9e":"1 minute"},"schema":{"@context":"https:\/\/schema.org","@graph":[{"@type":"WebPage","@id":"https:\/\/aurasxm.com\/fr\/reservation\/","url":"https:\/\/aurasxm.com\/fr\/reservation\/","name":"R\u00e9servation | Aura Anse-Marcel","isPartOf":{"@id":"https:\/\/aurasxm.com\/#website"},"datePublished":"2025-09-24T00:07:02+00:00","dateModified":"2026-03-25T16:38:32+00:00","breadcrumb":{"@id":"https:\/\/aurasxm.com\/fr\/reservation\/#breadcrumb"},"inLanguage":"fr-FR","potentialAction":[{"@type":"ReadAction","target":["https:\/\/aurasxm.com\/fr\/reservation\/"]}]},{"@type":"BreadcrumbList","@id":"https:\/\/aurasxm.com\/fr\/reservation\/#breadcrumb","itemListElement":[{"@type":"ListItem","position":1,"name":"Accueil","item":"https:\/\/aurasxm.com\/fr\/"},{"@type":"ListItem","position":2,"name":"R\u00e9servation"}]},{"@type":"WebSite","@id":"https:\/\/aurasxm.com\/#website","url":"https:\/\/aurasxm.com\/","name":"Aura Anse-Marcel","description":"Villas de luxe en location saisonni\u00e8re \u00e0 l&#039;\u00eele St-Martin","publisher":{"@id":"https:\/\/aurasxm.com\/#organization"},"potentialAction":[{"@type":"SearchAction","target":{"@type":"EntryPoint","urlTemplate":"https:\/\/aurasxm.com\/?s={search_term_string}"},"query-input":{"@type":"PropertyValueSpecification","valueRequired":true,"valueName":"search_term_string"}}],"inLanguage":"fr-FR"},{"@type":"Organization","@id":"https:\/\/aurasxm.com\/#organization","name":"Aura Anse-Marcel","url":"https:\/\/aurasxm.com\/","logo":{"@type":"ImageObject","inLanguage":"fr-FR","@id":"https:\/\/aurasxm.com\/#\/schema\/logo\/image\/","url":"https:\/\/aurasxm.com\/wp-content\/uploads\/2024\/03\/logo-gold.png","contentUrl":"https:\/\/aurasxm.com\/wp-content\/uploads\/2024\/03\/logo-gold.png","width":328,"height":136,"caption":"Aura Anse-Marcel"},"image":{"@id":"https:\/\/aurasxm.com\/#\/schema\/logo\/image\/"},"sameAs":["https:\/\/www.facebook.com\/profile.php?id=61553045861683","https:\/\/www.instagram.com\/auraansemarcel\/"]}]}},"_links":{"self":[{"href":"https:\/\/aurasxm.com\/fr\/wp-json\/wp\/v2\/pages\/2337","targetHints":{"allow":["GET"]}}],"collection":[{"href":"https:\/\/aurasxm.com\/fr\/wp-json\/wp\/v2\/pages"}],"about":[{"href":"https:\/\/aurasxm.com\/fr\/wp-json\/wp\/v2\/types\/page"}],"author":[{"embeddable":true,"href":"https:\/\/aurasxm.com\/fr\/wp-json\/wp\/v2\/users\/1"}],"replies":[{"embeddable":true,"href":"https:\/\/aurasxm.com\/fr\/wp-json\/wp\/v2\/comments?post=2337"}],"version-history":[{"count":5,"href":"https:\/\/aurasxm.com\/fr\/wp-json\/wp\/v2\/pages\/2337\/revisions"}],"predecessor-version":[{"id":2876,"href":"https:\/\/aurasxm.com\/fr\/wp-json\/wp\/v2\/pages\/2337\/revisions\/2876"}],"wp:attachment":[{"href":"https:\/\/aurasxm.com\/fr\/wp-json\/wp\/v2\/media?parent=2337"}],"curies":[{"name":"wp","href":"https:\/\/api.w.org\/{rel}","templated":true}]}}