{"id":216,"date":"2023-12-04T16:21:36","date_gmt":"2023-12-04T21:21:36","guid":{"rendered":"https:\/\/aurasxm.com\/?page_id=216"},"modified":"2026-01-19T11:32:45","modified_gmt":"2026-01-19T16:32:45","slug":"a-propos-de-aura","status":"publish","type":"page","link":"https:\/\/aurasxm.com\/fr\/a-propos-de-aura\/","title":{"rendered":"\u00c0 propos de Aura"},"content":{"rendered":"<div class=\"wpb-content-wrapper\">[vc_section full_width=\u00a0\u00bbstretch_row\u00a0\u00bb el_class=\u00a0\u00bbsection-header-image-a-droite\u00a0\u00bb][vc_row full_width=\u00a0\u00bbstretch_row_content_no_spaces\u00a0\u00bb][vc_column width=\u00a0\u00bb5\/12&Prime;][vc_column_text]\n<h3>\u00c0 propos de Aura<\/h3>\n<h1>Villas de luxe en location \u00e0<br \/>\nSaint-Martin dans les Cara\u00efbes<\/h1>\n<p>Situ\u00e9 dans la magnifique baie de Anse-Marcel \u00e0 Saint-Martin, ce projet de location de villas de luxe est un v\u00e9ritable oasis de paix, un paradis exclusif.[\/vc_column_text][\/vc_column][vc_column width=\u00a0\u00bb7\/12&Prime;][vc_single_image image=\u00a0\u00bb1720&Prime; img_size=\u00a0\u00bbfull\u00a0\u00bb][\/vc_column][\/vc_row][\/vc_section][vc_section full_width=\u00a0\u00bbstretch_row\u00a0\u00bb el_class=\u00a0\u00bbsection-histoire\u00a0\u00bb][vc_row el_class=\u00a0\u00bbsection-badge\u00a0\u00bb][vc_column width=\u00a0\u00bb4\/12&Prime;][vc_single_image image=\u00a0\u00bb11&Prime; img_size=\u00a0\u00bbfull\u00a0\u00bb el_class=\u00a0\u00bbfleur\u00a0\u00bb][vc_separator color=\u00a0\u00bbcustom\u00a0\u00bb align=\u00a0\u00bbalign_left\u00a0\u00bb el_width=\u00a0\u00bb50&Prime; accent_color=\u00a0\u00bb#c7b299&Prime;][vc_column_text]\n<h3>Un peu d\u2019histoire<\/h3>\n[\/vc_column_text][\/vc_column][vc_column width=\u00a0\u00bb8\/12&Prime;][vc_column_text]L&rsquo;\u00eele Saint-Martin occupe une place particuli\u00e8re dans le c\u0153ur des fondateurs visionnaires du projet de villas de luxe Aura. Ils se retrouvent en famille dans ce coin de paradis depuis de nombreuses ann\u00e9es, savourant son atmosph\u00e8re tranquille, sa cuisine exquise et ses paysages naturels \u00e0 couper le souffle. Conquis par le charme et l\u2019exclusivit\u00e9 de l\u2019\u00eele, ils ont d\u00e9cid\u00e9 de cr\u00e9er une exp\u00e9rience de vie exceptionnelle pour les voyageurs exigeants \u00e0 la recherche de la magie de Saint-Martin.[\/vc_column_text][vc_column_text el_class=\u00a0\u00bbquote\u00a0\u00bb]\n<h2>Plus qu\u2019un projet de d\u00e9veloppement, il s\u2019agit d\u2019une lettre d\u2019amour \u00e0 une \u00eele qui a conquis notre coeur.<\/h2>\n[\/vc_column_text][\/vc_column][\/vc_row][vc_row el_class=\u00a0\u00bbsection-catamaran\u00a0\u00bb][vc_column][vc_single_image image=\u00a0\u00bb230&Prime; img_size=\u00a0\u00bbfull\u00a0\u00bb alignment=\u00a0\u00bbcenter\u00a0\u00bb][vc_column_text]\n<h3 style=\"text-align: center;\">Plus qu\u2019une r\u00e9sidence haut-de-gamme, c\u2019est un mode de vie.<\/h3>\n[\/vc_column_text][vc_btn title=\u00a0\u00bbd\u00e9couvrez saint-martin\u00a0\u00bb align=\u00a0\u00bbcenter\u00a0\u00bb link=\u00a0\u00bburl:%2Fdestination-ile-st-martin%2F\u00a0\u00bb el_class=\u00a0\u00bbcustom-btn-full\u00a0\u00bb][\/vc_column][\/vc_row][\/vc_section][vc_section el_class=\u00a0\u00bbsection-vision\u00a0\u00bb][vc_row][vc_column width=\u00a0\u00bb1\/2&Prime;][vc_column_text]\n<h3>Vision &amp; mission<\/h3>\n<h2>Une retraite luxueuse et tranquille dans un paradis exclusif.<\/h2>\n[\/vc_column_text][\/vc_column][vc_column width=\u00a0\u00bb1\/2&Prime;][vc_column_text]Imaginez que vous arrivez sur l&rsquo;\u00eele Saint-Martin et que vous p\u00e9n\u00e9trez dans votre propre oasis priv\u00e9e. Une superbe villa de luxe enti\u00e8rement \u00e9quip\u00e9e de toutes les commodit\u00e9s. D\u00e8s votre entr\u00e9e, vous \u00eates transport\u00e9s dans un cadre zen, loin de l\u2019agitation de la vie quotidienne. Un <a href=\"https:\/\/aurasxm.com\/service-de-conciergerie\/\">concierge<\/a> est \u00e0 votre disposition 24h sur 24h afin de vous guider et de vous recommander les meilleures <a href=\"https:\/\/aurasxm.com\/activites-a-faire\/\">activit\u00e9s<\/a> et <a href=\"https:\/\/aurasxm.com\/gastronomie-nos-partenaires\/\">restaurants<\/a>.<\/p>\n<p>Chaque aspect de nos villas de luxe a \u00e9t\u00e9 soigneusement con\u00e7u pour votre confort, du mobilier somptueux aux espaces ext\u00e9rieurs sereins. Ce qui nous distingue, c\u2019est notre engagement \u00e0 vous offrir un s\u00e9jour inoubliable dans les Cara\u00efbes.[\/vc_column_text][\/vc_column][\/vc_row][vc_row full_width=\u00a0\u00bbstretch_row_content_no_spaces\u00a0\u00bb el_class=\u00a0\u00bbsection-image\u00a0\u00bb][vc_column][vc_single_image image=\u00a0\u00bb1725&Prime; img_size=\u00a0\u00bbfull\u00a0\u00bb][\/vc_column][\/vc_row][\/vc_section][vc_section full_width=\u00a0\u00bbstretch_row\u00a0\u00bb el_class=\u00a0\u00bbsection-bas\u00a0\u00bb][vc_row][vc_column width=\u00a0\u00bb8\/12&Prime;][vc_column_text el_class=\u00a0\u00bbquote\u00a0\u00bb]\n<h2>Certains diront que l\u2019absence de centres de vill\u00e9giature tout inclus rend la r\u00e9gion moins attrayante, mais je pense que c\u2019est pr\u00e9cis\u00e9ment ce qui distingue Saint-Martin et rend l\u2019endroit encore plus attrayant et exclusif.<\/h2>\n[\/vc_column_text][vc_column_text]Il y a tant \u00e0 gagner \u00e0 se promener et \u00e0 voir ce que l\u2019\u00eele Saint-Martin a \u00e0 offrir. Des plages magnifiques aux restaurants cach\u00e9s, il y en a pour tous les go\u00fbts. D\u00e9couvrir des endroits nouveaux et passionnants sans \u00eatre confin\u00e9 dans un centre de vill\u00e9giature est une exp\u00e9rience de voyage passionnante. L\u2019\u00eele est un v\u00e9ritable tr\u00e9sor pour ceux qui aiment l\u2019aventure.<\/p>\n<p>De la vue imprenable sur la mer des Cara\u00efbes \u00e0 l\u2019attention exquise port\u00e9e aux d\u00e9tails dans tous les aspects du projet, Aura est un projet unique en son genre qui ne manquera pas de vous laisser des souvenirs m\u00e9morables de l&rsquo;\u00eele Saint-Martin.[\/vc_column_text][vc_btn title=\u00a0\u00bbD\u00e9couvrez notre offre de villa \u2192\u00a0\u00bb link=\u00a0\u00bburl:https%3A%2F%2Faurasxm.com%2Ffr%2Freservation%2F|title:Nos%20r%C3%A9sidences%20de%20luxe\u00a0\u00bb el_class=\u00a0\u00bbcustom-btn\u00a0\u00bb][\/vc_column][vc_column width=\u00a0\u00bb4\/12&Prime;][vc_column_text el_class=\u00a0\u00bbgros-texte\u00a0\u00bb]\n<h2>Une vision de luxe, de paix, de simplicit\u00e9.<\/h2>\n[\/vc_column_text][\/vc_column][\/vc_row][\/vc_section]\n<\/div>","protected":false},"excerpt":{"rendered":"<p>[vc_section full_width=\u00a0\u00bbstretch_row\u00a0\u00bb el_class=\u00a0\u00bbsection-header-image-a-droite\u00a0\u00bb][vc_row full_width=\u00a0\u00bbstretch_row_content_no_spaces\u00a0\u00bb][vc_column width=\u00a0\u00bb5\/12&Prime;][vc_column_text] \u00c0 propos de Aura Villas de luxe en location \u00e0 Saint-Martin dans les Cara\u00efbes Situ\u00e9 dans la magnifique baie de Anse-Marcel \u00e0 Saint-Martin, ce projet de location de villas de luxe est un v\u00e9ritable oasis de paix, un paradis exclusif.[\/vc_column_text][\/vc_column][vc_column width=\u00a0\u00bb7\/12&Prime;][vc_single_image image=\u00a0\u00bb1720&Prime; img_size=\u00a0\u00bbfull\u00a0\u00bb][\/vc_column][\/vc_row][\/vc_section][vc_section full_width=\u00a0\u00bbstretch_row\u00a0\u00bb el_class=\u00a0\u00bbsection-histoire\u00a0\u00bb][vc_row el_class=\u00a0\u00bbsection-badge\u00a0\u00bb][vc_column width=\u00a0\u00bb4\/12&Prime;][vc_single_image image=\u00a0\u00bb11&Prime; img_size=\u00a0\u00bbfull\u00a0\u00bb el_class=\u00a0\u00bbfleur\u00a0\u00bb][vc_separator color=\u00a0\u00bbcustom\u00a0\u00bb align=\u00a0\u00bbalign_left\u00a0\u00bb el_width=\u00a0\u00bb50&Prime; accent_color=\u00a0\u00bb#c7b299&Prime;][vc_column_text] Un &#8230;<\/p>\n","protected":false},"author":1,"featured_media":0,"parent":0,"menu_order":0,"comment_status":"closed","ping_status":"closed","template":"template-blank-1.php","meta":{"_monsterinsights_skip_tracking":false,"_monsterinsights_sitenote_active":false,"_monsterinsights_sitenote_note":"","_monsterinsights_sitenote_category":0,"footnotes":""},"class_list":["post-216","page","type-page","status-publish","hentry","no-post-thumbnail"],"yoast_head":"<!-- This site is optimized with the Yoast SEO plugin v27.3 - https:\/\/yoast.com\/product\/yoast-seo-wordpress\/ -->\n<title>Villas de luxe en location \u00e0 Saint-Martin | Aura Anse-Marcel<\/title>\n<meta name=\"description\" content=\"S\u00e9jours exclusifs dans les Cara\u00efbes. Villas de luxe en location \u00e0 Saint-Martin dans la magnifique baie de Anse Marcel.\" \/>\n<meta name=\"robots\" content=\"index, follow, max-snippet:-1, max-image-preview:large, max-video-preview:-1\" \/>\n<link rel=\"canonical\" href=\"https:\/\/aurasxm.com\/fr\/a-propos-de-aura\/\" \/>\n<meta property=\"og:locale\" content=\"fr_FR\" \/>\n<meta property=\"og:type\" content=\"article\" \/>\n<meta property=\"og:title\" content=\"Villas de luxe en location \u00e0 Saint-Martin | Aura Anse-Marcel\" \/>\n<meta property=\"og:description\" content=\"S\u00e9jours exclusifs dans les Cara\u00efbes. Villas de luxe en location \u00e0 Saint-Martin dans la magnifique baie de Anse Marcel.\" \/>\n<meta property=\"og:url\" content=\"https:\/\/aurasxm.com\/fr\/a-propos-de-aura\/\" \/>\n<meta property=\"og:site_name\" content=\"Aura Anse-Marcel\" \/>\n<meta property=\"article:publisher\" content=\"https:\/\/www.facebook.com\/profile.php?id=61553045861683\" \/>\n<meta property=\"article:modified_time\" content=\"2026-01-19T16:32:45+00:00\" \/>\n<meta property=\"og:image\" content=\"https:\/\/aurasxm.com\/wp-content\/uploads\/2024\/11\/14-11-2024-Aura_noWM-@phil.a.f.photo_SXM2024-042-12_57.jpg\" \/>\n\t<meta property=\"og:image:width\" content=\"2048\" \/>\n\t<meta property=\"og:image:height\" content=\"1364\" \/>\n\t<meta property=\"og:image:type\" content=\"image\/jpeg\" \/>\n<meta name=\"twitter:card\" content=\"summary_large_image\" \/>\n<meta name=\"twitter:label1\" content=\"Dur\u00e9e de lecture estim\u00e9e\" \/>\n\t<meta name=\"twitter:data1\" content=\"4 minutes\" \/>\n<script type=\"application\/ld+json\" class=\"yoast-schema-graph\">{\"@context\":\"https:\\\/\\\/schema.org\",\"@graph\":[{\"@type\":\"WebPage\",\"@id\":\"https:\\\/\\\/aurasxm.com\\\/fr\\\/a-propos-de-aura\\\/\",\"url\":\"https:\\\/\\\/aurasxm.com\\\/fr\\\/a-propos-de-aura\\\/\",\"name\":\"Villas de luxe en location \u00e0 Saint-Martin | Aura Anse-Marcel\",\"isPartOf\":{\"@id\":\"https:\\\/\\\/aurasxm.com\\\/#website\"},\"datePublished\":\"2023-12-04T21:21:36+00:00\",\"dateModified\":\"2026-01-19T16:32:45+00:00\",\"description\":\"S\u00e9jours exclusifs dans les Cara\u00efbes. Villas de luxe en location \u00e0 Saint-Martin dans la magnifique baie de Anse Marcel.\",\"breadcrumb\":{\"@id\":\"https:\\\/\\\/aurasxm.com\\\/fr\\\/a-propos-de-aura\\\/#breadcrumb\"},\"inLanguage\":\"fr-FR\",\"potentialAction\":[{\"@type\":\"ReadAction\",\"target\":[\"https:\\\/\\\/aurasxm.com\\\/fr\\\/a-propos-de-aura\\\/\"]}]},{\"@type\":\"BreadcrumbList\",\"@id\":\"https:\\\/\\\/aurasxm.com\\\/fr\\\/a-propos-de-aura\\\/#breadcrumb\",\"itemListElement\":[{\"@type\":\"ListItem\",\"position\":1,\"name\":\"Accueil\",\"item\":\"https:\\\/\\\/aurasxm.com\\\/fr\\\/\"},{\"@type\":\"ListItem\",\"position\":2,\"name\":\"\u00c0 propos de Aura\"}]},{\"@type\":\"WebSite\",\"@id\":\"https:\\\/\\\/aurasxm.com\\\/#website\",\"url\":\"https:\\\/\\\/aurasxm.com\\\/\",\"name\":\"Aura Anse-Marcel\",\"description\":\"Villas de luxe en location saisonni\u00e8re \u00e0 l&#039;\u00eele St-Martin\",\"publisher\":{\"@id\":\"https:\\\/\\\/aurasxm.com\\\/#organization\"},\"potentialAction\":[{\"@type\":\"SearchAction\",\"target\":{\"@type\":\"EntryPoint\",\"urlTemplate\":\"https:\\\/\\\/aurasxm.com\\\/?s={search_term_string}\"},\"query-input\":{\"@type\":\"PropertyValueSpecification\",\"valueRequired\":true,\"valueName\":\"search_term_string\"}}],\"inLanguage\":\"fr-FR\"},{\"@type\":\"Organization\",\"@id\":\"https:\\\/\\\/aurasxm.com\\\/#organization\",\"name\":\"Aura Anse-Marcel\",\"url\":\"https:\\\/\\\/aurasxm.com\\\/\",\"logo\":{\"@type\":\"ImageObject\",\"inLanguage\":\"fr-FR\",\"@id\":\"https:\\\/\\\/aurasxm.com\\\/#\\\/schema\\\/logo\\\/image\\\/\",\"url\":\"https:\\\/\\\/aurasxm.com\\\/wp-content\\\/uploads\\\/2024\\\/03\\\/logo-gold.png\",\"contentUrl\":\"https:\\\/\\\/aurasxm.com\\\/wp-content\\\/uploads\\\/2024\\\/03\\\/logo-gold.png\",\"width\":328,\"height\":136,\"caption\":\"Aura Anse-Marcel\"},\"image\":{\"@id\":\"https:\\\/\\\/aurasxm.com\\\/#\\\/schema\\\/logo\\\/image\\\/\"},\"sameAs\":[\"https:\\\/\\\/www.facebook.com\\\/profile.php?id=61553045861683\",\"https:\\\/\\\/www.instagram.com\\\/auraansemarcel\\\/\"]}]}<\/script>\n<!-- \/ Yoast SEO plugin. -->","yoast_head_json":{"title":"Villas de luxe en location \u00e0 Saint-Martin | Aura Anse-Marcel","description":"S\u00e9jours exclusifs dans les Cara\u00efbes. Villas de luxe en location \u00e0 Saint-Martin dans la magnifique baie de Anse Marcel.","robots":{"index":"index","follow":"follow","max-snippet":"max-snippet:-1","max-image-preview":"max-image-preview:large","max-video-preview":"max-video-preview:-1"},"canonical":"https:\/\/aurasxm.com\/fr\/a-propos-de-aura\/","og_locale":"fr_FR","og_type":"article","og_title":"Villas de luxe en location \u00e0 Saint-Martin | Aura Anse-Marcel","og_description":"S\u00e9jours exclusifs dans les Cara\u00efbes. Villas de luxe en location \u00e0 Saint-Martin dans la magnifique baie de Anse Marcel.","og_url":"https:\/\/aurasxm.com\/fr\/a-propos-de-aura\/","og_site_name":"Aura Anse-Marcel","article_publisher":"https:\/\/www.facebook.com\/profile.php?id=61553045861683","article_modified_time":"2026-01-19T16:32:45+00:00","og_image":[{"width":2048,"height":1364,"url":"https:\/\/aurasxm.com\/wp-content\/uploads\/2024\/11\/14-11-2024-Aura_noWM-@phil.a.f.photo_SXM2024-042-12_57.jpg","type":"image\/jpeg"}],"twitter_card":"summary_large_image","twitter_misc":{"Dur\u00e9e de lecture estim\u00e9e":"4 minutes"},"schema":{"@context":"https:\/\/schema.org","@graph":[{"@type":"WebPage","@id":"https:\/\/aurasxm.com\/fr\/a-propos-de-aura\/","url":"https:\/\/aurasxm.com\/fr\/a-propos-de-aura\/","name":"Villas de luxe en location \u00e0 Saint-Martin | Aura Anse-Marcel","isPartOf":{"@id":"https:\/\/aurasxm.com\/#website"},"datePublished":"2023-12-04T21:21:36+00:00","dateModified":"2026-01-19T16:32:45+00:00","description":"S\u00e9jours exclusifs dans les Cara\u00efbes. Villas de luxe en location \u00e0 Saint-Martin dans la magnifique baie de Anse Marcel.","breadcrumb":{"@id":"https:\/\/aurasxm.com\/fr\/a-propos-de-aura\/#breadcrumb"},"inLanguage":"fr-FR","potentialAction":[{"@type":"ReadAction","target":["https:\/\/aurasxm.com\/fr\/a-propos-de-aura\/"]}]},{"@type":"BreadcrumbList","@id":"https:\/\/aurasxm.com\/fr\/a-propos-de-aura\/#breadcrumb","itemListElement":[{"@type":"ListItem","position":1,"name":"Accueil","item":"https:\/\/aurasxm.com\/fr\/"},{"@type":"ListItem","position":2,"name":"\u00c0 propos de Aura"}]},{"@type":"WebSite","@id":"https:\/\/aurasxm.com\/#website","url":"https:\/\/aurasxm.com\/","name":"Aura Anse-Marcel","description":"Villas de luxe en location saisonni\u00e8re \u00e0 l&#039;\u00eele St-Martin","publisher":{"@id":"https:\/\/aurasxm.com\/#organization"},"potentialAction":[{"@type":"SearchAction","target":{"@type":"EntryPoint","urlTemplate":"https:\/\/aurasxm.com\/?s={search_term_string}"},"query-input":{"@type":"PropertyValueSpecification","valueRequired":true,"valueName":"search_term_string"}}],"inLanguage":"fr-FR"},{"@type":"Organization","@id":"https:\/\/aurasxm.com\/#organization","name":"Aura Anse-Marcel","url":"https:\/\/aurasxm.com\/","logo":{"@type":"ImageObject","inLanguage":"fr-FR","@id":"https:\/\/aurasxm.com\/#\/schema\/logo\/image\/","url":"https:\/\/aurasxm.com\/wp-content\/uploads\/2024\/03\/logo-gold.png","contentUrl":"https:\/\/aurasxm.com\/wp-content\/uploads\/2024\/03\/logo-gold.png","width":328,"height":136,"caption":"Aura Anse-Marcel"},"image":{"@id":"https:\/\/aurasxm.com\/#\/schema\/logo\/image\/"},"sameAs":["https:\/\/www.facebook.com\/profile.php?id=61553045861683","https:\/\/www.instagram.com\/auraansemarcel\/"]}]}},"_links":{"self":[{"href":"https:\/\/aurasxm.com\/fr\/wp-json\/wp\/v2\/pages\/216","targetHints":{"allow":["GET"]}}],"collection":[{"href":"https:\/\/aurasxm.com\/fr\/wp-json\/wp\/v2\/pages"}],"about":[{"href":"https:\/\/aurasxm.com\/fr\/wp-json\/wp\/v2\/types\/page"}],"author":[{"embeddable":true,"href":"https:\/\/aurasxm.com\/fr\/wp-json\/wp\/v2\/users\/1"}],"replies":[{"embeddable":true,"href":"https:\/\/aurasxm.com\/fr\/wp-json\/wp\/v2\/comments?post=216"}],"version-history":[{"count":0,"href":"https:\/\/aurasxm.com\/fr\/wp-json\/wp\/v2\/pages\/216\/revisions"}],"wp:attachment":[{"href":"https:\/\/aurasxm.com\/fr\/wp-json\/wp\/v2\/media?parent=216"}],"curies":[{"name":"wp","href":"https:\/\/api.w.org\/{rel}","templated":true}]}}