{"id":2007,"date":"2025-04-14T10:14:27","date_gmt":"2025-04-14T14:14:27","guid":{"rendered":"https:\/\/aurasxm.com\/?page_id=2007"},"modified":"2025-04-14T10:35:14","modified_gmt":"2025-04-14T14:35:14","slug":"privatisation","status":"publish","type":"page","link":"https:\/\/aurasxm.com\/fr\/privatisation\/","title":{"rendered":"Privatisation"},"content":{"rendered":"<div class=\"wpb-content-wrapper\">[vc_section full_width=\u00a0\u00bbstretch_row\u00a0\u00bb el_class=\u00a0\u00bbsection-header-image-a-droite\u00a0\u00bb][vc_row full_width=\u00a0\u00bbstretch_row_content_no_spaces\u00a0\u00bb][vc_column width=\u00a0\u00bb1\/2&Prime;][vc_column_text]\n<h1>Privatisez AURA<\/h1>\n<p><strong>L\u2019endroit id\u00e9al pour des \u00e9v\u00e9nements inoubliables<\/strong><\/p>\n<h5>Transformez votre \u00e9v\u00e9nement en une exp\u00e9rience exclusive en privatisant AURA. Que ce soit pour un mariage \u00e9l\u00e9gant, un anniversaire m\u00e9morable, un EVJF festif, un s\u00e9minaire professionnel ou m\u00eame un tournage cr\u00e9atif, notre espace unique s\u2019adapte parfaitement \u00e0 vos besoins.<\/h5>\n<h5>Profitez d\u2019une vue \u00e0 couper le souffle sur la baie Danse Marcel, d\u2019une piscine \u00e0 d\u00e9bordement et d\u2019une ambiance chic et \u00e9lev\u00e9e pour rendre chaque moment exceptionnel.<\/h5>\n<h5>Pour toute demande de privatisation, contactez-nous ci-dessous. Nous serons ravis de collaborer avec vous pour cr\u00e9er l\u2019\u00e9v\u00e9nement parfait.<\/h5>\n[\/vc_column_text][\/vc_column][vc_column width=\u00a0\u00bb1\/2&Prime;][vc_raw_html]JTNDdmlkZW8lMjBpZCUzRCUyMnZpZGVvJTIyJTIwYXV0b3BsYXklMjBsb29wJTIwcGxheXNpbmxpbmUlMjBtdXRlZCUyMGNsYXNzJTNEJTIyZGVza3RvcC12aWRlbyUyMiUzRSUwQSUwOSUzQ3NvdXJjZSUyMGRhdGEtc3JjJTNEJTIyJTJGd3AtY29udGVudCUyRnVwbG9hZHMlMkZ2aWRlbyUyRnByaXZhdGlzYXRpb24ubXA0JTIyJTIwdHlwZSUzRCUyMnZpZGVvJTJGbXA0JTIyJTIwc3JjJTNEJTIyJTJGd3AtY29udGVudCUyRnVwbG9hZHMlMkZ2aWRlbyUyRnByaXZhdGlzYXRpb24ubXA0JTIyJTNFJTBBJTNDJTJGdmlkZW8lM0U=[\/vc_raw_html][\/vc_column][\/vc_row][\/vc_section][vc_section full_width=\u00a0\u00bbstretch_row\u00a0\u00bb el_class=\u00a0\u00bbsection-form\u00a0\u00bb][vc_row][vc_column]<script type=\"text\/javascript\">if(!gform){document.addEventListener(\"gform_main_scripts_loaded\",function(){gform.scriptsLoaded=!0}),window.addEventListener(\"DOMContentLoaded\",function(){gform.domLoaded=!0});var gform={domLoaded:!1,scriptsLoaded:!1,initializeOnLoaded:function(o){gform.domLoaded&&gform.scriptsLoaded?o():!gform.domLoaded&&gform.scriptsLoaded?window.addEventListener(\"DOMContentLoaded\",o):document.addEventListener(\"gform_main_scripts_loaded\",o)},hooks:{action:{},filter:{}},addAction:function(o,n,r,t){gform.addHook(\"action\",o,n,r,t)},addFilter:function(o,n,r,t){gform.addHook(\"filter\",o,n,r,t)},doAction:function(o){gform.doHook(\"action\",o,arguments)},applyFilters:function(o){return gform.doHook(\"filter\",o,arguments)},removeAction:function(o,n){gform.removeHook(\"action\",o,n)},removeFilter:function(o,n,r){gform.removeHook(\"filter\",o,n,r)},addHook:function(o,n,r,t,i){null==gform.hooks[o][n]&&(gform.hooks[o][n]=[]);var e=gform.hooks[o][n];null==i&&(i=n+\"_\"+e.length),null==t&&(t=10),gform.hooks[o][n].push({tag:i,callable:r,priority:t})},doHook:function(o,n,r){if(r=Array.prototype.slice.call(r,1),null!=gform.hooks[o][n]){var t,i=gform.hooks[o][n];i.sort(function(o,n){return o.priority-n.priority});for(var e=0;e<i.length;e++)\"function\"!=typeof(t=i[e].callable)&&(t=window[t]),\"action\"==o?t.apply(null,r):r[0]=t.apply(null,r)}if(\"filter\"==o)return r[0]},removeHook:function(o,n,r,t){if(null!=gform.hooks[o][n])for(var i=gform.hooks[o][n],e=i.length-1;0<=e;e--)null!=t&&t!=i[e].tag||null!=r&&r!=i[e].priority||i.splice(e,1)}}}<\/script>\n                <div class='gf_browser_gecko gform_wrapper gravity-theme' id='gform_wrapper_7' ><div id='gf_7' class='gform_anchor' tabindex='-1'><\/div><form method='post' enctype='multipart\/form-data' target='gform_ajax_frame_7' id='gform_7'  action='\/fr\/wp-json\/wp\/v2\/pages\/2007#gf_7' novalidate>\n                        <div class='gform_body gform-body'><div id='gform_fields_7' class='gform_fields top_label form_sublabel_below description_below'><div id=\"field_7_1\" class=\"gfield gfield_contains_required field_sublabel_below field_description_below hidden_label gfield_visibility_visible\" ><label class='gfield_label' for='input_7_1' >Nom complet<span class=\"gfield_required\"><span class=\"gfield_required gfield_required_text\">(N\u00e9cessaire)<\/span><\/span><\/label><div class='ginput_container ginput_container_text'><input name='input_1' id='input_7_1' type='text' value='' class='large'    placeholder='Nom complet' aria-required=\"true\" aria-invalid=\"false\"   \/> <\/div><\/div><div id=\"field_7_2\" class=\"gfield gfield_contains_required field_sublabel_below field_description_below hidden_label gfield_visibility_visible\" ><label class='gfield_label' for='input_7_2' >T\u00e9l\u00e9phone (avec indicatif international)<span class=\"gfield_required\"><span class=\"gfield_required gfield_required_text\">(N\u00e9cessaire)<\/span><\/span><\/label><div class='ginput_container ginput_container_phone'><input name='input_2' id='input_7_2' type='tel' value='' class='large'  placeholder='T\u00e9l\u00e9phone (avec indicatif international)' aria-required=\"true\" aria-invalid=\"false\"   \/><\/div><\/div><div id=\"field_7_3\" class=\"gfield gfield_contains_required field_sublabel_below field_description_below hidden_label gfield_visibility_visible\" ><label class='gfield_label' for='input_7_3' >Adresse courriel<span class=\"gfield_required\"><span class=\"gfield_required gfield_required_text\">(N\u00e9cessaire)<\/span><\/span><\/label><div class='ginput_container ginput_container_email'>\n                            <input name='input_3' id='input_7_3' type='email' value='' class='large'   placeholder='Adresse courriel' aria-required=\"true\" aria-invalid=\"false\"  \/>\n                        <\/div><\/div><div id=\"field_7_10\" class=\"gfield field_sublabel_below field_description_below hidden_label gfield_visibility_visible\" ><label class='gfield_label' for='input_7_10' >Message<\/label><div class='ginput_container ginput_container_text'><input name='input_10' id='input_7_10' type='text' value='' class='large'    placeholder='Message'  aria-invalid=\"false\"   \/> <\/div><\/div><div id=\"field_7_11\" class=\"gfield gform_validation_container field_sublabel_below field_description_below gfield_visibility_visible\" ><label class='gfield_label' for='input_7_11' >Email<\/label><div class='ginput_container'><input name='input_11' id='input_7_11' type='text' value='' autocomplete='new-password'\/><\/div><div class='gfield_description' id='gfield_description_7_11'>Ce champ n\u2019est utilis\u00e9 qu\u2019\u00e0 des fins de validation et devrait rester inchang\u00e9.<\/div><\/div><\/div><\/div>\n        <div class='gform_footer top_label'> <button class='vc_btn3-container custom-btn btn-bleu vc_btn3-center custom-btn btn-bleu' id='gform_submit_button_7'><a class='vc_general vc_btn3 vc_btn3-size-md vc_btn3-shape-square vc_btn3-style-flat vc_btn3-color-grey'>ENVOYER<\/a><\/button> <input type='hidden' name='gform_ajax' value='form_id=7&amp;title=&amp;description=&amp;tabindex=0' \/>\n            <input type='hidden' class='gform_hidden' name='is_submit_7' value='1' \/>\n            <input type='hidden' class='gform_hidden' name='gform_submit' value='7' \/>\n            \n            <input type='hidden' class='gform_hidden' name='gform_unique_id' value='' \/>\n            <input type='hidden' class='gform_hidden' name='state_7' value='WyJbXSIsIjk0ZDg4ZDkzNjE3N2U5ODVmYTJlMDViOWIyOWY3NWY2Il0=' \/>\n            <input type='hidden' class='gform_hidden' name='gform_target_page_number_7' id='gform_target_page_number_7' value='0' \/>\n            <input type='hidden' class='gform_hidden' name='gform_source_page_number_7' id='gform_source_page_number_7' value='1' \/>\n            <input type='hidden' name='gform_field_values' value='' \/>\n            \n        <\/div>\n                        <p style=\"display: none !important;\" class=\"akismet-fields-container\" data-prefix=\"ak_\"><label>&#916;<textarea name=\"ak_hp_textarea\" cols=\"45\" rows=\"8\" maxlength=\"100\"><\/textarea><\/label><input type=\"hidden\" id=\"ak_js_1\" name=\"ak_js\" value=\"94\"\/><script>document.getElementById( \"ak_js_1\" ).setAttribute( \"value\", ( new Date() ).getTime() );<\/script><\/p><\/form>\n                        <\/div>\n                <iframe style='display:none;width:0px;height:0px;' src='about:blank' name='gform_ajax_frame_7' id='gform_ajax_frame_7' title='Cette iframe contient la logique n\u00e9cessaire pour manipuler Gravity Forms avec Ajax.'><\/iframe>\n                <script type=\"text\/javascript\">\n\/* <![CDATA[ *\/\n gform.initializeOnLoaded( function() {gformInitSpinner( 7, 'https:\/\/aurasxm.com\/wp-content\/plugins\/gravityforms\/images\/spinner.svg' );jQuery('#gform_ajax_frame_7').on('load',function(){var contents = jQuery(this).contents().find('*').html();var is_postback = contents.indexOf('GF_AJAX_POSTBACK') >= 0;if(!is_postback){return;}var form_content = jQuery(this).contents().find('#gform_wrapper_7');var is_confirmation = jQuery(this).contents().find('#gform_confirmation_wrapper_7').length > 0;var is_redirect = contents.indexOf('gformRedirect(){') >= 0;var is_form = form_content.length > 0 && ! is_redirect && ! is_confirmation;var mt = parseInt(jQuery('html').css('margin-top'), 10) + parseInt(jQuery('body').css('margin-top'), 10) + 100;if(is_form){jQuery('#gform_wrapper_7').html(form_content.html());if(form_content.hasClass('gform_validation_error')){jQuery('#gform_wrapper_7').addClass('gform_validation_error');} else {jQuery('#gform_wrapper_7').removeClass('gform_validation_error');}setTimeout( function() { \/* delay the scroll by 50 milliseconds to fix a bug in chrome *\/ jQuery(document).scrollTop(jQuery('#gform_wrapper_7').offset().top - mt); }, 50 );if(window['gformInitDatepicker']) {gformInitDatepicker();}if(window['gformInitPriceFields']) {gformInitPriceFields();}var current_page = jQuery('#gform_source_page_number_7').val();gformInitSpinner( 7, 'https:\/\/aurasxm.com\/wp-content\/plugins\/gravityforms\/images\/spinner.svg' );jQuery(document).trigger('gform_page_loaded', [7, current_page]);window['gf_submitting_7'] = false;}else if(!is_redirect){var confirmation_content = jQuery(this).contents().find('.GF_AJAX_POSTBACK').html();if(!confirmation_content){confirmation_content = contents;}setTimeout(function(){jQuery('#gform_wrapper_7').replaceWith(confirmation_content);jQuery(document).scrollTop(jQuery('#gf_7').offset().top - mt);jQuery(document).trigger('gform_confirmation_loaded', [7]);window['gf_submitting_7'] = false;wp.a11y.speak(jQuery('#gform_confirmation_message_7').text());}, 50);}else{jQuery('#gform_7').append(contents);if(window['gformRedirect']) {gformRedirect();}}jQuery(document).trigger('gform_post_render', [7, current_page]);} );} ); \n\/* ]]> *\/\n<\/script>\n[\/vc_column][\/vc_row][\/vc_section]\n<\/div>","protected":false},"excerpt":{"rendered":"<p>[vc_section full_width=\u00a0\u00bbstretch_row\u00a0\u00bb el_class=\u00a0\u00bbsection-header-image-a-droite\u00a0\u00bb][vc_row full_width=\u00a0\u00bbstretch_row_content_no_spaces\u00a0\u00bb][vc_column width=\u00a0\u00bb1\/2&Prime;][vc_column_text] Privatisez AURA L\u2019endroit id\u00e9al pour des \u00e9v\u00e9nements inoubliables Transformez votre \u00e9v\u00e9nement en une exp\u00e9rience exclusive en privatisant AURA. Que ce soit pour un mariage \u00e9l\u00e9gant, un anniversaire m\u00e9morable, un EVJF festif, un s\u00e9minaire professionnel ou m\u00eame un tournage cr\u00e9atif, notre espace unique s\u2019adapte parfaitement \u00e0 vos besoins. Profitez d\u2019une vue \u00e0 couper le souffle sur &#8230;<\/p>\n","protected":false},"author":1,"featured_media":0,"parent":0,"menu_order":0,"comment_status":"closed","ping_status":"closed","template":"template-blank-1.php","meta":{"_monsterinsights_skip_tracking":false,"_monsterinsights_sitenote_active":false,"_monsterinsights_sitenote_note":"","_monsterinsights_sitenote_category":0,"footnotes":""},"class_list":["post-2007","page","type-page","status-publish","hentry","no-post-thumbnail"],"yoast_head":"<!-- This site is optimized with the Yoast SEO plugin v27.3 - https:\/\/yoast.com\/product\/yoast-seo-wordpress\/ -->\n<title>Privatisation | Aura Anse-Marcel<\/title>\n<meta name=\"robots\" content=\"index, follow, max-snippet:-1, max-image-preview:large, max-video-preview:-1\" \/>\n<link rel=\"canonical\" href=\"https:\/\/aurasxm.com\/privatisation\/\" \/>\n<meta property=\"og:locale\" content=\"fr_FR\" \/>\n<meta property=\"og:type\" content=\"article\" \/>\n<meta property=\"og:title\" content=\"Privatisation | Aura Anse-Marcel\" \/>\n<meta property=\"og:description\" content=\"[vc_section full_width=\u00a0\u00bbstretch_row\u00a0\u00bb el_class=\u00a0\u00bbsection-header-image-a-droite\u00a0\u00bb][vc_row full_width=\u00a0\u00bbstretch_row_content_no_spaces\u00a0\u00bb][vc_column width=\u00a0\u00bb1\/2&Prime;][vc_column_text] Privatisez AURA L\u2019endroit id\u00e9al pour des \u00e9v\u00e9nements inoubliables Transformez votre \u00e9v\u00e9nement en une exp\u00e9rience exclusive en privatisant AURA. Que ce soit pour un mariage \u00e9l\u00e9gant, un anniversaire m\u00e9morable, un EVJF festif, un s\u00e9minaire professionnel ou m\u00eame un tournage cr\u00e9atif, notre espace unique s\u2019adapte parfaitement \u00e0 vos besoins. Profitez d\u2019une vue \u00e0 couper le souffle sur ...\" \/>\n<meta property=\"og:url\" content=\"https:\/\/aurasxm.com\/privatisation\/\" \/>\n<meta property=\"og:site_name\" content=\"Aura Anse-Marcel\" \/>\n<meta property=\"article:publisher\" content=\"https:\/\/www.facebook.com\/profile.php?id=61553045861683\" \/>\n<meta property=\"article:modified_time\" content=\"2025-04-14T14:35:14+00:00\" \/>\n<meta property=\"og:image\" content=\"https:\/\/aurasxm.com\/wp-content\/uploads\/2024\/11\/14-11-2024-Aura_noWM-@phil.a.f.photo_SXM2024-042-12_57.jpg\" \/>\n\t<meta property=\"og:image:width\" content=\"2048\" \/>\n\t<meta property=\"og:image:height\" content=\"1364\" \/>\n\t<meta property=\"og:image:type\" content=\"image\/jpeg\" \/>\n<meta name=\"twitter:card\" content=\"summary_large_image\" \/>\n<meta name=\"twitter:label1\" content=\"Dur\u00e9e de lecture estim\u00e9e\" \/>\n\t<meta name=\"twitter:data1\" content=\"1 minute\" \/>\n<script type=\"application\/ld+json\" class=\"yoast-schema-graph\">{\"@context\":\"https:\\\/\\\/schema.org\",\"@graph\":[{\"@type\":\"WebPage\",\"@id\":\"https:\\\/\\\/aurasxm.com\\\/privatisation\\\/\",\"url\":\"https:\\\/\\\/aurasxm.com\\\/privatisation\\\/\",\"name\":\"Privatisation | Aura Anse-Marcel\",\"isPartOf\":{\"@id\":\"https:\\\/\\\/aurasxm.com\\\/#website\"},\"datePublished\":\"2025-04-14T14:14:27+00:00\",\"dateModified\":\"2025-04-14T14:35:14+00:00\",\"breadcrumb\":{\"@id\":\"https:\\\/\\\/aurasxm.com\\\/privatisation\\\/#breadcrumb\"},\"inLanguage\":\"fr-FR\",\"potentialAction\":[{\"@type\":\"ReadAction\",\"target\":[\"https:\\\/\\\/aurasxm.com\\\/privatisation\\\/\"]}]},{\"@type\":\"BreadcrumbList\",\"@id\":\"https:\\\/\\\/aurasxm.com\\\/privatisation\\\/#breadcrumb\",\"itemListElement\":[{\"@type\":\"ListItem\",\"position\":1,\"name\":\"Accueil\",\"item\":\"https:\\\/\\\/aurasxm.com\\\/fr\\\/\"},{\"@type\":\"ListItem\",\"position\":2,\"name\":\"Privatisation\"}]},{\"@type\":\"WebSite\",\"@id\":\"https:\\\/\\\/aurasxm.com\\\/#website\",\"url\":\"https:\\\/\\\/aurasxm.com\\\/\",\"name\":\"Aura Anse-Marcel\",\"description\":\"Villas de luxe en location saisonni\u00e8re \u00e0 l&#039;\u00eele St-Martin\",\"publisher\":{\"@id\":\"https:\\\/\\\/aurasxm.com\\\/#organization\"},\"potentialAction\":[{\"@type\":\"SearchAction\",\"target\":{\"@type\":\"EntryPoint\",\"urlTemplate\":\"https:\\\/\\\/aurasxm.com\\\/?s={search_term_string}\"},\"query-input\":{\"@type\":\"PropertyValueSpecification\",\"valueRequired\":true,\"valueName\":\"search_term_string\"}}],\"inLanguage\":\"fr-FR\"},{\"@type\":\"Organization\",\"@id\":\"https:\\\/\\\/aurasxm.com\\\/#organization\",\"name\":\"Aura Anse-Marcel\",\"url\":\"https:\\\/\\\/aurasxm.com\\\/\",\"logo\":{\"@type\":\"ImageObject\",\"inLanguage\":\"fr-FR\",\"@id\":\"https:\\\/\\\/aurasxm.com\\\/#\\\/schema\\\/logo\\\/image\\\/\",\"url\":\"https:\\\/\\\/aurasxm.com\\\/wp-content\\\/uploads\\\/2024\\\/03\\\/logo-gold.png\",\"contentUrl\":\"https:\\\/\\\/aurasxm.com\\\/wp-content\\\/uploads\\\/2024\\\/03\\\/logo-gold.png\",\"width\":328,\"height\":136,\"caption\":\"Aura Anse-Marcel\"},\"image\":{\"@id\":\"https:\\\/\\\/aurasxm.com\\\/#\\\/schema\\\/logo\\\/image\\\/\"},\"sameAs\":[\"https:\\\/\\\/www.facebook.com\\\/profile.php?id=61553045861683\",\"https:\\\/\\\/www.instagram.com\\\/auraansemarcel\\\/\"]}]}<\/script>\n<!-- \/ Yoast SEO plugin. -->","yoast_head_json":{"title":"Privatisation | Aura Anse-Marcel","robots":{"index":"index","follow":"follow","max-snippet":"max-snippet:-1","max-image-preview":"max-image-preview:large","max-video-preview":"max-video-preview:-1"},"canonical":"https:\/\/aurasxm.com\/privatisation\/","og_locale":"fr_FR","og_type":"article","og_title":"Privatisation | Aura Anse-Marcel","og_description":"[vc_section full_width=\u00a0\u00bbstretch_row\u00a0\u00bb el_class=\u00a0\u00bbsection-header-image-a-droite\u00a0\u00bb][vc_row full_width=\u00a0\u00bbstretch_row_content_no_spaces\u00a0\u00bb][vc_column width=\u00a0\u00bb1\/2&Prime;][vc_column_text] Privatisez AURA L\u2019endroit id\u00e9al pour des \u00e9v\u00e9nements inoubliables Transformez votre \u00e9v\u00e9nement en une exp\u00e9rience exclusive en privatisant AURA. Que ce soit pour un mariage \u00e9l\u00e9gant, un anniversaire m\u00e9morable, un EVJF festif, un s\u00e9minaire professionnel ou m\u00eame un tournage cr\u00e9atif, notre espace unique s\u2019adapte parfaitement \u00e0 vos besoins. Profitez d\u2019une vue \u00e0 couper le souffle sur ...","og_url":"https:\/\/aurasxm.com\/privatisation\/","og_site_name":"Aura Anse-Marcel","article_publisher":"https:\/\/www.facebook.com\/profile.php?id=61553045861683","article_modified_time":"2025-04-14T14:35:14+00:00","og_image":[{"width":2048,"height":1364,"url":"https:\/\/aurasxm.com\/wp-content\/uploads\/2024\/11\/14-11-2024-Aura_noWM-@phil.a.f.photo_SXM2024-042-12_57.jpg","type":"image\/jpeg"}],"twitter_card":"summary_large_image","twitter_misc":{"Dur\u00e9e de lecture estim\u00e9e":"1 minute"},"schema":{"@context":"https:\/\/schema.org","@graph":[{"@type":"WebPage","@id":"https:\/\/aurasxm.com\/privatisation\/","url":"https:\/\/aurasxm.com\/privatisation\/","name":"Privatisation | Aura Anse-Marcel","isPartOf":{"@id":"https:\/\/aurasxm.com\/#website"},"datePublished":"2025-04-14T14:14:27+00:00","dateModified":"2025-04-14T14:35:14+00:00","breadcrumb":{"@id":"https:\/\/aurasxm.com\/privatisation\/#breadcrumb"},"inLanguage":"fr-FR","potentialAction":[{"@type":"ReadAction","target":["https:\/\/aurasxm.com\/privatisation\/"]}]},{"@type":"BreadcrumbList","@id":"https:\/\/aurasxm.com\/privatisation\/#breadcrumb","itemListElement":[{"@type":"ListItem","position":1,"name":"Accueil","item":"https:\/\/aurasxm.com\/fr\/"},{"@type":"ListItem","position":2,"name":"Privatisation"}]},{"@type":"WebSite","@id":"https:\/\/aurasxm.com\/#website","url":"https:\/\/aurasxm.com\/","name":"Aura Anse-Marcel","description":"Villas de luxe en location saisonni\u00e8re \u00e0 l&#039;\u00eele St-Martin","publisher":{"@id":"https:\/\/aurasxm.com\/#organization"},"potentialAction":[{"@type":"SearchAction","target":{"@type":"EntryPoint","urlTemplate":"https:\/\/aurasxm.com\/?s={search_term_string}"},"query-input":{"@type":"PropertyValueSpecification","valueRequired":true,"valueName":"search_term_string"}}],"inLanguage":"fr-FR"},{"@type":"Organization","@id":"https:\/\/aurasxm.com\/#organization","name":"Aura Anse-Marcel","url":"https:\/\/aurasxm.com\/","logo":{"@type":"ImageObject","inLanguage":"fr-FR","@id":"https:\/\/aurasxm.com\/#\/schema\/logo\/image\/","url":"https:\/\/aurasxm.com\/wp-content\/uploads\/2024\/03\/logo-gold.png","contentUrl":"https:\/\/aurasxm.com\/wp-content\/uploads\/2024\/03\/logo-gold.png","width":328,"height":136,"caption":"Aura Anse-Marcel"},"image":{"@id":"https:\/\/aurasxm.com\/#\/schema\/logo\/image\/"},"sameAs":["https:\/\/www.facebook.com\/profile.php?id=61553045861683","https:\/\/www.instagram.com\/auraansemarcel\/"]}]}},"_links":{"self":[{"href":"https:\/\/aurasxm.com\/fr\/wp-json\/wp\/v2\/pages\/2007","targetHints":{"allow":["GET"]}}],"collection":[{"href":"https:\/\/aurasxm.com\/fr\/wp-json\/wp\/v2\/pages"}],"about":[{"href":"https:\/\/aurasxm.com\/fr\/wp-json\/wp\/v2\/types\/page"}],"author":[{"embeddable":true,"href":"https:\/\/aurasxm.com\/fr\/wp-json\/wp\/v2\/users\/1"}],"replies":[{"embeddable":true,"href":"https:\/\/aurasxm.com\/fr\/wp-json\/wp\/v2\/comments?post=2007"}],"version-history":[{"count":0,"href":"https:\/\/aurasxm.com\/fr\/wp-json\/wp\/v2\/pages\/2007\/revisions"}],"wp:attachment":[{"href":"https:\/\/aurasxm.com\/fr\/wp-json\/wp\/v2\/media?parent=2007"}],"curies":[{"name":"wp","href":"https:\/\/api.w.org\/{rel}","templated":true}]}}