{"id":1895,"date":"2024-12-17T13:34:05","date_gmt":"2024-12-17T18:34:05","guid":{"rendered":"https:\/\/aurasxm.com\/?page_id=1895"},"modified":"2026-03-11T16:14:32","modified_gmt":"2026-03-11T20:14:32","slug":"evenements","status":"publish","type":"page","link":"https:\/\/aurasxm.com\/fr\/evenements\/","title":{"rendered":"\u00c9v\u00e9nements"},"content":{"rendered":"<div class=\"wpb-content-wrapper\">[vc_section full_width=\u00a0\u00bbstretch_row\u00a0\u00bb el_class=\u00a0\u00bbsection-header-image-a-droite\u00a0\u00bb][vc_row full_width=\u00a0\u00bbstretch_row_content_no_spaces\u00a0\u00bb content_placement=\u00a0\u00bbtop\u00a0\u00bb][vc_column width=\u00a0\u00bb1\/2&Prime;][vc_column_text]\n<h3>\u00e9v\u00e9nements<\/h3>\n<h1>D\u00e9couvrez nos partenaires et leurs \u00e9v\u00e9nements exclusifs<\/h1>\n<p>Sur cette page, vous trouverez un aper\u00e7u des \u00e9v\u00e9nements \u00e0 venir, organis\u00e9s par nos partenaires. N\u2019h\u00e9sitez pas \u00e0 en parler \u00e0 notre concierge Yann, qui se fera un plaisir de vous r\u00e9server les \u00e9v\u00e9nements de votre choix. Restez connect\u00e9s pour ne rien manquer ![\/vc_column_text][\/vc_column][vc_column width=\u00a0\u00bb1\/2&Prime;][vc_single_image image=\u00a0\u00bb2771&Prime; img_size=\u00a0\u00bbfull\u00a0\u00bb css=\u00a0\u00bb\u00a0\u00bb][\/vc_column][\/vc_row][\/vc_section][vc_row][vc_column][vc_column_text]\n[\/vc_column_text][\/vc_column][\/vc_row][vc_section full_width=\u00a0\u00bbstretch_row\u00a0\u00bb content_placement=\u00a0\u00bbmiddle\u00a0\u00bb el_class=\u00a0\u00bbsection-single-partner section-grise\u00a0\u00bb][vc_row][vc_column][vc_single_image image=\u00a0\u00bb2653&Prime; img_size=\u00a0\u00bbmedium\u00a0\u00bb alignment=\u00a0\u00bbcenter\u00a0\u00bb][vc_column_text]\n<h2 style=\"text-align: center;\">SXM Festival<\/h2>\n<p style=\"text-align: center;\"><a href=\"https:\/\/www.sxmfestival.com\/\" target=\"_blank\" rel=\"noopener\">Website<\/a> \/ <a href=\"https:\/\/www.instagram.com\/sxmfestival\/\" target=\"_blank\" rel=\"noopener\">@instagram<\/a><\/p>\n[\/vc_column_text][vc_single_image image=\u00a0\u00bb2656&Prime; img_size=\u00a0\u00bbmedium\u00a0\u00bb alignment=\u00a0\u00bbcenter\u00a0\u00bb onclick=\u00a0\u00bblink_image\u00a0\u00bb][\/vc_column][\/vc_row][\/vc_section][vc_section full_width=\u00a0\u00bbstretch_row\u00a0\u00bb content_placement=\u00a0\u00bbmiddle\u00a0\u00bb el_class=\u00a0\u00bbsection-single-partner\u00a0\u00bb][vc_row][vc_column][vc_single_image image=\u00a0\u00bb1904&Prime; img_size=\u00a0\u00bbfull\u00a0\u00bb alignment=\u00a0\u00bbcenter\u00a0\u00bb][vc_column_text]\n<h2 style=\"text-align: center;\">Coco Beach SXM<\/h2>\n<p style=\"text-align: center;\"><a href=\"https:\/\/www.cocobeach.restaurant\/\" target=\"_blank\" rel=\"noopener\">Website<\/a> \/ <a href=\"https:\/\/www.instagram.com\/cocobeachsxm\" target=\"_blank\" rel=\"noopener\">@instagram<\/a><\/p>\n[\/vc_column_text][\/vc_column][\/vc_row][\/vc_section][vc_row][vc_column][vc_column_text]\n[\/vc_column_text][\/vc_column][\/vc_row][vc_section full_width=\u00a0\u00bbstretch_row\u00a0\u00bb content_placement=\u00a0\u00bbmiddle\u00a0\u00bb el_class=\u00a0\u00bbsection-single-partner section-grise\u00a0\u00bb][vc_row][vc_column][vc_single_image image=\u00a0\u00bb2642&Prime; img_size=\u00a0\u00bb388&#215;388&Prime; alignment=\u00a0\u00bbcenter\u00a0\u00bb style=\u00a0\u00bbvc_box_circle_2&Prime;][vc_column_text]\n<h2 style=\"text-align: center;\">Panorama<\/h2>\n<p style=\"text-align: center;\"><a href=\"https:\/\/www.instagram.com\/panorama.sessions\" target=\"_blank\" rel=\"noopener\">@instagram<\/a><\/p>\n[\/vc_column_text][\/vc_column][\/vc_row][\/vc_section][vc_row][vc_column][vc_column_text]\n[\/vc_column_text][\/vc_column][\/vc_row][vc_section full_width=\u00a0\u00bbstretch_row\u00a0\u00bb content_placement=\u00a0\u00bbmiddle\u00a0\u00bb el_class=\u00a0\u00bbsection-single-partner\u00a0\u00bb][vc_row][vc_column][vc_single_image image=\u00a0\u00bb1918&Prime; img_size=\u00a0\u00bbfull\u00a0\u00bb alignment=\u00a0\u00bbcenter\u00a0\u00bb][vc_column_text]\n<h2 style=\"text-align: center;\">Rainbow Caf\u00e9<\/h2>\n<p style=\"text-align: center;\"><a href=\"https:\/\/www.sevenrooms.com\/reservations\/rainbowcafe?fbclid=PAZXh0bgNhZW0CMTEAAaZvrcqYWGJA5umNUyPyntflWZvjVQ9aJ_Nry155IA3bO9HDfVt8SYfEFGE_aem_k1K-d9HAQBM4jblQKMhyUA\" target=\"_blank\" rel=\"noopener\">Website<\/a> \/ <a href=\"https:\/\/www.instagram.com\/rainbowcafesxm\" target=\"_blank\" rel=\"noopener\">@instagram<\/a><\/p>\n[\/vc_column_text][vc_single_image image=\u00a0\u00bb2768&Prime; img_size=\u00a0\u00bbmedium\u00a0\u00bb alignment=\u00a0\u00bbcenter\u00a0\u00bb onclick=\u00a0\u00bblink_image\u00a0\u00bb css=\u00a0\u00bb\u00a0\u00bb][\/vc_column][\/vc_row][\/vc_section]\n<\/div>","protected":false},"excerpt":{"rendered":"<p>[vc_section full_width=\u00a0\u00bbstretch_row\u00a0\u00bb el_class=\u00a0\u00bbsection-header-image-a-droite\u00a0\u00bb][vc_row full_width=\u00a0\u00bbstretch_row_content_no_spaces\u00a0\u00bb content_placement=\u00a0\u00bbtop\u00a0\u00bb][vc_column width=\u00a0\u00bb1\/2&Prime;][vc_column_text] \u00e9v\u00e9nements D\u00e9couvrez nos partenaires et leurs \u00e9v\u00e9nements exclusifs Sur cette page, vous trouverez un aper\u00e7u des \u00e9v\u00e9nements \u00e0 venir, organis\u00e9s par nos partenaires. N\u2019h\u00e9sitez pas \u00e0 en parler \u00e0 notre concierge Yann, qui se fera un plaisir de vous r\u00e9server les \u00e9v\u00e9nements de votre choix. Restez connect\u00e9s pour ne rien manquer ![\/vc_column_text][\/vc_column][vc_column width=\u00a0\u00bb1\/2&Prime;][vc_single_image image=\u00a0\u00bb2771&Prime; &#8230;<\/p>\n","protected":false},"author":1,"featured_media":0,"parent":0,"menu_order":0,"comment_status":"closed","ping_status":"closed","template":"template-blank-1.php","meta":{"_monsterinsights_skip_tracking":false,"_monsterinsights_sitenote_active":false,"_monsterinsights_sitenote_note":"","_monsterinsights_sitenote_category":0,"footnotes":""},"class_list":["post-1895","page","type-page","status-publish","hentry","no-post-thumbnail"],"yoast_head":"<!-- This site is optimized with the Yoast SEO plugin v27.3 - https:\/\/yoast.com\/product\/yoast-seo-wordpress\/ -->\n<title>\u00c9v\u00e9nements | Aura Anse-Marcel<\/title>\n<meta name=\"robots\" content=\"index, follow, max-snippet:-1, max-image-preview:large, max-video-preview:-1\" \/>\n<link rel=\"canonical\" href=\"https:\/\/aurasxm.com\/fr\/evenements\/\" \/>\n<meta property=\"og:locale\" content=\"fr_FR\" \/>\n<meta property=\"og:type\" content=\"article\" \/>\n<meta property=\"og:title\" content=\"\u00c9v\u00e9nements | Aura Anse-Marcel\" \/>\n<meta property=\"og:description\" content=\"[vc_section full_width=\u00a0\u00bbstretch_row\u00a0\u00bb el_class=\u00a0\u00bbsection-header-image-a-droite\u00a0\u00bb][vc_row full_width=\u00a0\u00bbstretch_row_content_no_spaces\u00a0\u00bb content_placement=\u00a0\u00bbtop\u00a0\u00bb][vc_column width=\u00a0\u00bb1\/2&Prime;][vc_column_text] \u00e9v\u00e9nements D\u00e9couvrez nos partenaires et leurs \u00e9v\u00e9nements exclusifs Sur cette page, vous trouverez un aper\u00e7u des \u00e9v\u00e9nements \u00e0 venir, organis\u00e9s par nos partenaires. N\u2019h\u00e9sitez pas \u00e0 en parler \u00e0 notre concierge Yann, qui se fera un plaisir de vous r\u00e9server les \u00e9v\u00e9nements de votre choix. Restez connect\u00e9s pour ne rien manquer ![\/vc_column_text][\/vc_column][vc_column width=\u00a0\u00bb1\/2&Prime;][vc_single_image image=\u00a0\u00bb2771&Prime; ...\" \/>\n<meta property=\"og:url\" content=\"https:\/\/aurasxm.com\/fr\/evenements\/\" \/>\n<meta property=\"og:site_name\" content=\"Aura Anse-Marcel\" \/>\n<meta property=\"article:publisher\" content=\"https:\/\/www.facebook.com\/profile.php?id=61553045861683\" \/>\n<meta property=\"article:modified_time\" content=\"2026-03-11T20:14:32+00:00\" \/>\n<meta property=\"og:image\" content=\"https:\/\/aurasxm.com\/wp-content\/uploads\/2024\/11\/14-11-2024-Aura_noWM-@phil.a.f.photo_SXM2024-042-12_57.jpg\" \/>\n\t<meta property=\"og:image:width\" content=\"2048\" \/>\n\t<meta property=\"og:image:height\" content=\"1364\" \/>\n\t<meta property=\"og:image:type\" content=\"image\/jpeg\" \/>\n<meta name=\"twitter:card\" content=\"summary_large_image\" \/>\n<meta name=\"twitter:label1\" content=\"Dur\u00e9e de lecture estim\u00e9e\" \/>\n\t<meta name=\"twitter:data1\" content=\"1 minute\" \/>\n<script type=\"application\/ld+json\" class=\"yoast-schema-graph\">{\"@context\":\"https:\\\/\\\/schema.org\",\"@graph\":[{\"@type\":\"WebPage\",\"@id\":\"https:\\\/\\\/aurasxm.com\\\/fr\\\/evenements\\\/\",\"url\":\"https:\\\/\\\/aurasxm.com\\\/fr\\\/evenements\\\/\",\"name\":\"\u00c9v\u00e9nements | Aura Anse-Marcel\",\"isPartOf\":{\"@id\":\"https:\\\/\\\/aurasxm.com\\\/#website\"},\"datePublished\":\"2024-12-17T18:34:05+00:00\",\"dateModified\":\"2026-03-11T20:14:32+00:00\",\"breadcrumb\":{\"@id\":\"https:\\\/\\\/aurasxm.com\\\/fr\\\/evenements\\\/#breadcrumb\"},\"inLanguage\":\"fr-FR\",\"potentialAction\":[{\"@type\":\"ReadAction\",\"target\":[\"https:\\\/\\\/aurasxm.com\\\/fr\\\/evenements\\\/\"]}]},{\"@type\":\"BreadcrumbList\",\"@id\":\"https:\\\/\\\/aurasxm.com\\\/fr\\\/evenements\\\/#breadcrumb\",\"itemListElement\":[{\"@type\":\"ListItem\",\"position\":1,\"name\":\"Accueil\",\"item\":\"https:\\\/\\\/aurasxm.com\\\/fr\\\/\"},{\"@type\":\"ListItem\",\"position\":2,\"name\":\"\u00c9v\u00e9nements\"}]},{\"@type\":\"WebSite\",\"@id\":\"https:\\\/\\\/aurasxm.com\\\/#website\",\"url\":\"https:\\\/\\\/aurasxm.com\\\/\",\"name\":\"Aura Anse-Marcel\",\"description\":\"Villas de luxe en location saisonni\u00e8re \u00e0 l&#039;\u00eele St-Martin\",\"publisher\":{\"@id\":\"https:\\\/\\\/aurasxm.com\\\/#organization\"},\"potentialAction\":[{\"@type\":\"SearchAction\",\"target\":{\"@type\":\"EntryPoint\",\"urlTemplate\":\"https:\\\/\\\/aurasxm.com\\\/?s={search_term_string}\"},\"query-input\":{\"@type\":\"PropertyValueSpecification\",\"valueRequired\":true,\"valueName\":\"search_term_string\"}}],\"inLanguage\":\"fr-FR\"},{\"@type\":\"Organization\",\"@id\":\"https:\\\/\\\/aurasxm.com\\\/#organization\",\"name\":\"Aura Anse-Marcel\",\"url\":\"https:\\\/\\\/aurasxm.com\\\/\",\"logo\":{\"@type\":\"ImageObject\",\"inLanguage\":\"fr-FR\",\"@id\":\"https:\\\/\\\/aurasxm.com\\\/#\\\/schema\\\/logo\\\/image\\\/\",\"url\":\"https:\\\/\\\/aurasxm.com\\\/wp-content\\\/uploads\\\/2024\\\/03\\\/logo-gold.png\",\"contentUrl\":\"https:\\\/\\\/aurasxm.com\\\/wp-content\\\/uploads\\\/2024\\\/03\\\/logo-gold.png\",\"width\":328,\"height\":136,\"caption\":\"Aura Anse-Marcel\"},\"image\":{\"@id\":\"https:\\\/\\\/aurasxm.com\\\/#\\\/schema\\\/logo\\\/image\\\/\"},\"sameAs\":[\"https:\\\/\\\/www.facebook.com\\\/profile.php?id=61553045861683\",\"https:\\\/\\\/www.instagram.com\\\/auraansemarcel\\\/\"]}]}<\/script>\n<!-- \/ Yoast SEO plugin. -->","yoast_head_json":{"title":"\u00c9v\u00e9nements | Aura Anse-Marcel","robots":{"index":"index","follow":"follow","max-snippet":"max-snippet:-1","max-image-preview":"max-image-preview:large","max-video-preview":"max-video-preview:-1"},"canonical":"https:\/\/aurasxm.com\/fr\/evenements\/","og_locale":"fr_FR","og_type":"article","og_title":"\u00c9v\u00e9nements | Aura Anse-Marcel","og_description":"[vc_section full_width=\u00a0\u00bbstretch_row\u00a0\u00bb el_class=\u00a0\u00bbsection-header-image-a-droite\u00a0\u00bb][vc_row full_width=\u00a0\u00bbstretch_row_content_no_spaces\u00a0\u00bb content_placement=\u00a0\u00bbtop\u00a0\u00bb][vc_column width=\u00a0\u00bb1\/2&Prime;][vc_column_text] \u00e9v\u00e9nements D\u00e9couvrez nos partenaires et leurs \u00e9v\u00e9nements exclusifs Sur cette page, vous trouverez un aper\u00e7u des \u00e9v\u00e9nements \u00e0 venir, organis\u00e9s par nos partenaires. N\u2019h\u00e9sitez pas \u00e0 en parler \u00e0 notre concierge Yann, qui se fera un plaisir de vous r\u00e9server les \u00e9v\u00e9nements de votre choix. Restez connect\u00e9s pour ne rien manquer ![\/vc_column_text][\/vc_column][vc_column width=\u00a0\u00bb1\/2&Prime;][vc_single_image image=\u00a0\u00bb2771&Prime; ...","og_url":"https:\/\/aurasxm.com\/fr\/evenements\/","og_site_name":"Aura Anse-Marcel","article_publisher":"https:\/\/www.facebook.com\/profile.php?id=61553045861683","article_modified_time":"2026-03-11T20:14:32+00:00","og_image":[{"width":2048,"height":1364,"url":"https:\/\/aurasxm.com\/wp-content\/uploads\/2024\/11\/14-11-2024-Aura_noWM-@phil.a.f.photo_SXM2024-042-12_57.jpg","type":"image\/jpeg"}],"twitter_card":"summary_large_image","twitter_misc":{"Dur\u00e9e de lecture estim\u00e9e":"1 minute"},"schema":{"@context":"https:\/\/schema.org","@graph":[{"@type":"WebPage","@id":"https:\/\/aurasxm.com\/fr\/evenements\/","url":"https:\/\/aurasxm.com\/fr\/evenements\/","name":"\u00c9v\u00e9nements | Aura Anse-Marcel","isPartOf":{"@id":"https:\/\/aurasxm.com\/#website"},"datePublished":"2024-12-17T18:34:05+00:00","dateModified":"2026-03-11T20:14:32+00:00","breadcrumb":{"@id":"https:\/\/aurasxm.com\/fr\/evenements\/#breadcrumb"},"inLanguage":"fr-FR","potentialAction":[{"@type":"ReadAction","target":["https:\/\/aurasxm.com\/fr\/evenements\/"]}]},{"@type":"BreadcrumbList","@id":"https:\/\/aurasxm.com\/fr\/evenements\/#breadcrumb","itemListElement":[{"@type":"ListItem","position":1,"name":"Accueil","item":"https:\/\/aurasxm.com\/fr\/"},{"@type":"ListItem","position":2,"name":"\u00c9v\u00e9nements"}]},{"@type":"WebSite","@id":"https:\/\/aurasxm.com\/#website","url":"https:\/\/aurasxm.com\/","name":"Aura Anse-Marcel","description":"Villas de luxe en location saisonni\u00e8re \u00e0 l&#039;\u00eele St-Martin","publisher":{"@id":"https:\/\/aurasxm.com\/#organization"},"potentialAction":[{"@type":"SearchAction","target":{"@type":"EntryPoint","urlTemplate":"https:\/\/aurasxm.com\/?s={search_term_string}"},"query-input":{"@type":"PropertyValueSpecification","valueRequired":true,"valueName":"search_term_string"}}],"inLanguage":"fr-FR"},{"@type":"Organization","@id":"https:\/\/aurasxm.com\/#organization","name":"Aura Anse-Marcel","url":"https:\/\/aurasxm.com\/","logo":{"@type":"ImageObject","inLanguage":"fr-FR","@id":"https:\/\/aurasxm.com\/#\/schema\/logo\/image\/","url":"https:\/\/aurasxm.com\/wp-content\/uploads\/2024\/03\/logo-gold.png","contentUrl":"https:\/\/aurasxm.com\/wp-content\/uploads\/2024\/03\/logo-gold.png","width":328,"height":136,"caption":"Aura Anse-Marcel"},"image":{"@id":"https:\/\/aurasxm.com\/#\/schema\/logo\/image\/"},"sameAs":["https:\/\/www.facebook.com\/profile.php?id=61553045861683","https:\/\/www.instagram.com\/auraansemarcel\/"]}]}},"_links":{"self":[{"href":"https:\/\/aurasxm.com\/fr\/wp-json\/wp\/v2\/pages\/1895","targetHints":{"allow":["GET"]}}],"collection":[{"href":"https:\/\/aurasxm.com\/fr\/wp-json\/wp\/v2\/pages"}],"about":[{"href":"https:\/\/aurasxm.com\/fr\/wp-json\/wp\/v2\/types\/page"}],"author":[{"embeddable":true,"href":"https:\/\/aurasxm.com\/fr\/wp-json\/wp\/v2\/users\/1"}],"replies":[{"embeddable":true,"href":"https:\/\/aurasxm.com\/fr\/wp-json\/wp\/v2\/comments?post=1895"}],"version-history":[{"count":7,"href":"https:\/\/aurasxm.com\/fr\/wp-json\/wp\/v2\/pages\/1895\/revisions"}],"predecessor-version":[{"id":2773,"href":"https:\/\/aurasxm.com\/fr\/wp-json\/wp\/v2\/pages\/1895\/revisions\/2773"}],"wp:attachment":[{"href":"https:\/\/aurasxm.com\/fr\/wp-json\/wp\/v2\/media?parent=1895"}],"curies":[{"name":"wp","href":"https:\/\/api.w.org\/{rel}","templated":true}]}}